{"id":20041,"date":"2025-08-19T21:44:59","date_gmt":"2025-08-19T20:44:59","guid":{"rendered":"https:\/\/tremunpiercing.com\/?post_type=product&#038;p=20041"},"modified":"2026-04-17T18:43:29","modified_gmt":"2026-04-17T17:43:29","slug":"kila-needles-3-inches-box-100-needles-straight","status":"publish","type":"product","link":"https:\/\/tremunpiercing.com\/pt\/product\/kila-needles-3-inches-box-100-needles-straight\/","title":{"rendered":"Agulhas Kila - 3 polegadas - (Caixa - 100 Agulhas) - Reto"},"content":{"rendered":"<h2>Agulhas Kila para piercing profissional<\/h2>\n<p>As agulhas rectas Kila (3 polegadas) foram concebidas a pensar nos profissionais de piercing corporal, que procuram um desempenho preciso e consistente das agulhas. As agulhas rectas Kila (3 polegadas) s\u00e3o fornecidas em caixas de 100 agulhas esterilizadas. As op\u00e7\u00f5es de calibre permitem 16G-14G para acomodar a maioria dos procedimentos de piercing. As lojas e est\u00fadios de piercing reconhecem as agulhas rectas Kila pela sua nitidez, longevidade e seguran\u00e7a para uso profissional. Tamb\u00e9m est\u00e1 dispon\u00edvel em <a href=\"https:\/\/tremunpiercing.com\/product\/kila-needles-1-inch-box-100-needles-straight\/\">1 polegada<\/a> tamanho.<\/p>","protected":false},"excerpt":{"rendered":"<ul>\n<li>Agulhas rectas<\/li>\n<li>Caixa 100 agulhas<\/li>\n<li>Calibre: 16G - 14G<\/li>\n<li>Comprimento: 3 polegadas - 7,62 cm<\/li>\n<\/ul>","protected":false},"featured_media":10333,"comment_status":"closed","ping_status":"closed","template":"","meta":{"_acf_changed":false},"product_brand":[],"product_cat":[15],"product_tag":[306,183,184,305],"class_list":{"0":"post-20041","1":"product","2":"type-product","3":"status-publish","4":"has-post-thumbnail","6":"product_cat-needles","7":"product_tag-needle","8":"product_tag-perforacion","9":"product_tag-piercing","10":"product_tag-piercing-needle","12":"first","13":"instock","14":"taxable","15":"shipping-taxable","16":"purchasable","17":"product-type-variable"},"acf":[],"gallery_images":[10334,10337,10335,10338,10336],"_links":{"self":[{"href":"https:\/\/tremunpiercing.com\/pt\/wp-json\/wp\/v2\/product\/20041","targetHints":{"allow":["GET"]}}],"collection":[{"href":"https:\/\/tremunpiercing.com\/pt\/wp-json\/wp\/v2\/product"}],"about":[{"href":"https:\/\/tremunpiercing.com\/pt\/wp-json\/wp\/v2\/types\/product"}],"replies":[{"embeddable":true,"href":"https:\/\/tremunpiercing.com\/pt\/wp-json\/wp\/v2\/comments?post=20041"}],"version-history":[{"count":0,"href":"https:\/\/tremunpiercing.com\/pt\/wp-json\/wp\/v2\/product\/20041\/revisions"}],"wp:featuredmedia":[{"embeddable":true,"href":"https:\/\/tremunpiercing.com\/pt\/wp-json\/wp\/v2\/media\/10333"}],"wp:attachment":[{"href":"https:\/\/tremunpiercing.com\/pt\/wp-json\/wp\/v2\/media?parent=20041"}],"wp:term":[{"taxonomy":"product_brand","embeddable":true,"href":"https:\/\/tremunpiercing.com\/pt\/wp-json\/wp\/v2\/product_brand?post=20041"},{"taxonomy":"product_cat","embeddable":true,"href":"https:\/\/tremunpiercing.com\/pt\/wp-json\/wp\/v2\/product_cat?post=20041"},{"taxonomy":"product_tag","embeddable":true,"href":"https:\/\/tremunpiercing.com\/pt\/wp-json\/wp\/v2\/product_tag?post=20041"}],"curies":[{"name":"wp","href":"https:\/\/api.w.org\/{rel}","templated":true}]}}