{"id":20544,"date":"2025-08-29T20:22:06","date_gmt":"2025-08-29T19:22:06","guid":{"rendered":"https:\/\/tremunpiercing.com\/?post_type=product&#038;p=20544"},"modified":"2026-04-09T15:53:22","modified_gmt":"2026-04-09T14:53:22","slug":"becky-lab-emerald","status":"publish","type":"product","link":"https:\/\/tremunpiercing.com\/pt\/product\/becky-lab-emerald\/","title":{"rendered":"Becky Lab Esmeralda"},"content":{"rendered":"<p>Intemporal e deslumbrante, o Becky Lab Emerald acrescenta um toque de luxo a qualquer joia de piercing profissional. Feita em ouro amarelo de 14k e com uma pedra esmeralda criada em laborat\u00f3rio que brilha num tom verde profundo, esta joia com pino de press\u00e3o \u00e9 considerada o padr\u00e3o de ouro (25G) para piercings nas narinas, tragus e h\u00e9lice, combinando sofistica\u00e7\u00e3o com funcionalidade. O sistema ultra-seguro de pinos de press\u00e3o \u00e9 f\u00e1cil de instalar e proporciona um uso confort\u00e1vel durante anos. Uma verdadeira pe\u00e7a essencial para est\u00fadios e retalhistas que procuram levar as suas j\u00f3ias de ouro topo de gama para o n\u00edvel seguinte.<\/p>\n<p>&nbsp;<\/p>","protected":false},"excerpt":{"rendered":"<ul>\n<li>Acess\u00f3rio de pino de press\u00e3o<\/li>\n<li>Calibre: 25G<\/li>\n<li>Material: Ouro amarelo 14k<\/li>\n<li>Gema: Esmeralda de laborat\u00f3rio<\/li>\n<\/ul>","protected":false},"featured_media":20565,"comment_status":"closed","ping_status":"closed","template":"","meta":{"_acf_changed":false},"product_brand":[],"product_cat":[400,337,463],"product_tag":[187,188,189,205,206,190,183,184,207],"class_list":{"0":"post-20544","1":"product","2":"type-product","3":"status-publish","4":"has-post-thumbnail","6":"product_cat-tremun","7":"product_cat-gold-jewelry","8":"product_cat-tops-gold-tremun","9":"product_tag-conch","10":"product_tag-ear","11":"product_tag-helix","12":"product_tag-lobe","13":"product_tag-lobulo","14":"product_tag-oreja","15":"product_tag-perforacion","16":"product_tag-piercing","17":"product_tag-tragus","19":"first","20":"instock","21":"taxable","22":"shipping-taxable","23":"purchasable","24":"product-type-simple"},"acf":[],"gallery_images":[29320,29319],"_links":{"self":[{"href":"https:\/\/tremunpiercing.com\/pt\/wp-json\/wp\/v2\/product\/20544","targetHints":{"allow":["GET"]}}],"collection":[{"href":"https:\/\/tremunpiercing.com\/pt\/wp-json\/wp\/v2\/product"}],"about":[{"href":"https:\/\/tremunpiercing.com\/pt\/wp-json\/wp\/v2\/types\/product"}],"replies":[{"embeddable":true,"href":"https:\/\/tremunpiercing.com\/pt\/wp-json\/wp\/v2\/comments?post=20544"}],"version-history":[{"count":1,"href":"https:\/\/tremunpiercing.com\/pt\/wp-json\/wp\/v2\/product\/20544\/revisions"}],"predecessor-version":[{"id":29321,"href":"https:\/\/tremunpiercing.com\/pt\/wp-json\/wp\/v2\/product\/20544\/revisions\/29321"}],"wp:featuredmedia":[{"embeddable":true,"href":"https:\/\/tremunpiercing.com\/pt\/wp-json\/wp\/v2\/media\/20565"}],"wp:attachment":[{"href":"https:\/\/tremunpiercing.com\/pt\/wp-json\/wp\/v2\/media?parent=20544"}],"wp:term":[{"taxonomy":"product_brand","embeddable":true,"href":"https:\/\/tremunpiercing.com\/pt\/wp-json\/wp\/v2\/product_brand?post=20544"},{"taxonomy":"product_cat","embeddable":true,"href":"https:\/\/tremunpiercing.com\/pt\/wp-json\/wp\/v2\/product_cat?post=20544"},{"taxonomy":"product_tag","embeddable":true,"href":"https:\/\/tremunpiercing.com\/pt\/wp-json\/wp\/v2\/product_tag?post=20544"}],"curies":[{"name":"wp","href":"https:\/\/api.w.org\/{rel}","templated":true}]}}