{"id":20578,"date":"2025-08-29T22:40:24","date_gmt":"2025-08-29T21:40:24","guid":{"rendered":"https:\/\/tremunpiercing.com\/?post_type=product&#038;p=20578"},"modified":"2026-04-09T14:57:54","modified_gmt":"2026-04-09T13:57:54","slug":"katia-moissanite-sapphire-blue","status":"publish","type":"product","link":"https:\/\/tremunpiercing.com\/pt\/product\/katia-moissanite-sapphire-blue\/","title":{"rendered":"Katia Moissanite Sapphire Blue"},"content":{"rendered":"<p>A Katia Moissanite Sapphire Blue oferece um brilho profundo do oceano num sofisticado acabamento em ouro amarelo de 14k. Esta pe\u00e7a 14G com rosca interna apresenta uma v\u00edvida pedra preciosa moissanite azul safira que refracta a luz com um brilho encantador. A forma da pe\u00e7a foi concebida para piercings em h\u00e9lice, concha ou planos, oferecendo uma forma f\u00e1cil de fixar e inserir, sendo igualmente deslumbrante e confort\u00e1vel quando usada.<\/p>\n<p>Com um di\u00e2metro de 7 mm, a pe\u00e7a \u00e9 o equil\u00edbrio perfeito entre eleg\u00e2ncia e facilidade de utiliza\u00e7\u00e3o para piercers profissionais. A pe\u00e7a \u00e9 dur\u00e1vel para a base de clientes que deseja o tom rico com sofistica\u00e7\u00e3o, e certamente se destacar\u00e1. Ideal para est\u00fadios de piercing e retalhistas de j\u00f3ias premium, a Katia Moissanite Sapphire Blue oferece uma mistura \u00fanica de beleza artesanal e luxo moderno que se funde bem e se destaca em qualquer cole\u00e7\u00e3o com curadoria.<\/p>","protected":false},"excerpt":{"rendered":"<ul>\n<li>Rosca interna<\/li>\n<li>Calibre: 14G<\/li>\n<li>Di\u00e2metro: 7mm<\/li>\n<li>Material: Ouro amarelo 14k<\/li>\n<li>Gema: Moissanite Safira Azul<\/li>\n<\/ul>","protected":false},"featured_media":20579,"comment_status":"closed","ping_status":"closed","template":"","meta":{"_acf_changed":false},"product_brand":[],"product_cat":[400,337,463],"product_tag":[187,188,189,205,206,190,183,184,207],"class_list":{"0":"post-20578","1":"product","2":"type-product","3":"status-publish","4":"has-post-thumbnail","6":"product_cat-tremun","7":"product_cat-gold-jewelry","8":"product_cat-tops-gold-tremun","9":"product_tag-conch","10":"product_tag-ear","11":"product_tag-helix","12":"product_tag-lobe","13":"product_tag-lobulo","14":"product_tag-oreja","15":"product_tag-perforacion","16":"product_tag-piercing","17":"product_tag-tragus","19":"first","20":"instock","21":"taxable","22":"shipping-taxable","23":"purchasable","24":"product-type-simple"},"acf":[],"gallery_images":[29298,29297],"_links":{"self":[{"href":"https:\/\/tremunpiercing.com\/pt\/wp-json\/wp\/v2\/product\/20578","targetHints":{"allow":["GET"]}}],"collection":[{"href":"https:\/\/tremunpiercing.com\/pt\/wp-json\/wp\/v2\/product"}],"about":[{"href":"https:\/\/tremunpiercing.com\/pt\/wp-json\/wp\/v2\/types\/product"}],"replies":[{"embeddable":true,"href":"https:\/\/tremunpiercing.com\/pt\/wp-json\/wp\/v2\/comments?post=20578"}],"version-history":[{"count":1,"href":"https:\/\/tremunpiercing.com\/pt\/wp-json\/wp\/v2\/product\/20578\/revisions"}],"predecessor-version":[{"id":29300,"href":"https:\/\/tremunpiercing.com\/pt\/wp-json\/wp\/v2\/product\/20578\/revisions\/29300"}],"wp:featuredmedia":[{"embeddable":true,"href":"https:\/\/tremunpiercing.com\/pt\/wp-json\/wp\/v2\/media\/20579"}],"wp:attachment":[{"href":"https:\/\/tremunpiercing.com\/pt\/wp-json\/wp\/v2\/media?parent=20578"}],"wp:term":[{"taxonomy":"product_brand","embeddable":true,"href":"https:\/\/tremunpiercing.com\/pt\/wp-json\/wp\/v2\/product_brand?post=20578"},{"taxonomy":"product_cat","embeddable":true,"href":"https:\/\/tremunpiercing.com\/pt\/wp-json\/wp\/v2\/product_cat?post=20578"},{"taxonomy":"product_tag","embeddable":true,"href":"https:\/\/tremunpiercing.com\/pt\/wp-json\/wp\/v2\/product_tag?post=20578"}],"curies":[{"name":"wp","href":"https:\/\/api.w.org\/{rel}","templated":true}]}}