{"id":20783,"date":"2025-09-01T15:52:00","date_gmt":"2025-09-01T14:52:00","guid":{"rendered":"https:\/\/tremunpiercing.com\/?post_type=product&#038;p=20783"},"modified":"2026-04-09T14:56:30","modified_gmt":"2026-04-09T13:56:30","slug":"katia-moissanite-green","status":"publish","type":"product","link":"https:\/\/tremunpiercing.com\/pt\/product\/katia-moissanite-green\/","title":{"rendered":"Katia Moissanite Verde"},"content":{"rendered":"<p>O Katia Moissanite Green redefine o luxo das j\u00f3ias com piercing, com pedras brilhantes e vibrantes. A pedra preciosa moissanite \u00e9 de um verde vivo e proporciona uma energia de modernidade; \u00e9 trabalhada em ouro amarelo maci\u00e7o de 14k.<\/p>\n<p>O pino 14G (7 mm), com rosca interna, cont\u00e9m a precis\u00e3o, a seguran\u00e7a e a facilidade de troca de j\u00f3ias do designer; \u00e9 ideal para piercings em concha, h\u00e9lice ou planos. O Katia Moissanite Green \u00e9 muito apreciado pelos profissionais de est\u00fadio, pois acrescenta sofistica\u00e7\u00e3o e cor a uma rica exibi\u00e7\u00e3o de j\u00f3ias corporais contempor\u00e2neas. A Katia Moissanite Green foi concebida para ter longevidade e brilho, o que a torna uma escolha de topo para est\u00fadios de piercing e fornecedores de j\u00f3ias que procuram pe\u00e7as \u00fanicas e valiosas.<\/p>","protected":false},"excerpt":{"rendered":"<ul>\n<li>Rosca interna<\/li>\n<li>Calibre: 14G<\/li>\n<li>Di\u00e2metro: 7mm<\/li>\n<li>Material: Ouro amarelo 14k<\/li>\n<li>Gema: Moissanite Verde<\/li>\n<\/ul>","protected":false},"featured_media":20972,"comment_status":"closed","ping_status":"closed","template":"","meta":{"_acf_changed":false},"product_brand":[],"product_cat":[400,337,463],"product_tag":[187,188,189,205,206,190,183,184,207],"class_list":{"0":"post-20783","1":"product","2":"type-product","3":"status-publish","4":"has-post-thumbnail","6":"product_cat-tremun","7":"product_cat-gold-jewelry","8":"product_cat-tops-gold-tremun","9":"product_tag-conch","10":"product_tag-ear","11":"product_tag-helix","12":"product_tag-lobe","13":"product_tag-lobulo","14":"product_tag-oreja","15":"product_tag-perforacion","16":"product_tag-piercing","17":"product_tag-tragus","19":"first","20":"instock","21":"taxable","22":"shipping-taxable","23":"purchasable","24":"product-type-simple"},"acf":[],"gallery_images":[29296,29295],"_links":{"self":[{"href":"https:\/\/tremunpiercing.com\/pt\/wp-json\/wp\/v2\/product\/20783","targetHints":{"allow":["GET"]}}],"collection":[{"href":"https:\/\/tremunpiercing.com\/pt\/wp-json\/wp\/v2\/product"}],"about":[{"href":"https:\/\/tremunpiercing.com\/pt\/wp-json\/wp\/v2\/types\/product"}],"replies":[{"embeddable":true,"href":"https:\/\/tremunpiercing.com\/pt\/wp-json\/wp\/v2\/comments?post=20783"}],"version-history":[{"count":1,"href":"https:\/\/tremunpiercing.com\/pt\/wp-json\/wp\/v2\/product\/20783\/revisions"}],"predecessor-version":[{"id":29299,"href":"https:\/\/tremunpiercing.com\/pt\/wp-json\/wp\/v2\/product\/20783\/revisions\/29299"}],"wp:featuredmedia":[{"embeddable":true,"href":"https:\/\/tremunpiercing.com\/pt\/wp-json\/wp\/v2\/media\/20972"}],"wp:attachment":[{"href":"https:\/\/tremunpiercing.com\/pt\/wp-json\/wp\/v2\/media?parent=20783"}],"wp:term":[{"taxonomy":"product_brand","embeddable":true,"href":"https:\/\/tremunpiercing.com\/pt\/wp-json\/wp\/v2\/product_brand?post=20783"},{"taxonomy":"product_cat","embeddable":true,"href":"https:\/\/tremunpiercing.com\/pt\/wp-json\/wp\/v2\/product_cat?post=20783"},{"taxonomy":"product_tag","embeddable":true,"href":"https:\/\/tremunpiercing.com\/pt\/wp-json\/wp\/v2\/product_tag?post=20783"}],"curies":[{"name":"wp","href":"https:\/\/api.w.org\/{rel}","templated":true}]}}