{"id":21283,"date":"2025-09-08T15:31:52","date_gmt":"2025-09-08T14:31:52","guid":{"rendered":"https:\/\/tremunpiercing.com\/?post_type=product&#038;p=21283"},"modified":"2026-04-16T14:18:59","modified_gmt":"2026-04-16T13:18:59","slug":"margot-amethyst","status":"publish","type":"product","link":"https:\/\/tremunpiercing.com\/pt\/product\/margot-amethyst\/","title":{"rendered":"Margot - Ametista"},"content":{"rendered":"<p>O acess\u00f3rio Margot Amethyst Push Pin \u00e9 uma combina\u00e7\u00e3o impressionante de artesanato de qualidade e beleza de pedras preciosas naturais. Esta pe\u00e7a segura, feita em ouro amarelo de 14k, apresenta uma ametista de cor rica, uma pedra preciosa roxa profunda associada \u00e0 calma e \u00e0 criatividade. Lindamente complementada por duas pedras brancas Swarovski para um toque de brilho e luminosidade, a ametista brilha ainda mais contra a pedra branca, sem deixar de parecer natural. As pe\u00e7as s\u00e3o feitas de forma muito segura com um calibre 25G e um design de ponto de agulha para coloca\u00e7\u00e3o precisa e conforto, tornando-as ideais para piercers profissionais.<\/p>\n<p>O fecho de pino de press\u00e3o bem concebido \u00e9 dur\u00e1vel, confort\u00e1vel, f\u00e1cil de inserir e remover e foi concebido para todas as necessidades do piercer e dos clientes. Muitos consideram este acess\u00f3rio como um dos seus favoritos para projectos de orelhas com curadoria, tornando-o uma op\u00e7\u00e3o de pedra preciosa interessante, mas luxuosa e significativa para a pr\u00f3xima pe\u00e7a de joalharia. O acess\u00f3rio Push Pin \u00e9 uma adi\u00e7\u00e3o maravilhosa \u00e0 cole\u00e7\u00e3o de j\u00f3ias de qualquer piercer, mas \u00e9 tamb\u00e9m um acess\u00f3rio perfeito para um retalhista de j\u00f3ias para o corpo. Tornar-se-\u00e1 um elemento b\u00e1sico para qualquer cole\u00e7\u00e3o de piercings, sendo uma pe\u00e7a de bijutaria corporal vers\u00e1til, segura e de alta qualidade que elevar\u00e1 qualquer cole\u00e7\u00e3o de piercings.<\/p>","protected":false},"excerpt":{"rendered":"<ul>\n<li>Acess\u00f3rio de pino de press\u00e3o<\/li>\n<li>Calibre: 25G<\/li>\n<li>Material: Ouro amarelo 14k<\/li>\n<li>Gema: Ametista + SW Branco<\/li>\n<\/ul>","protected":false},"featured_media":21284,"comment_status":"closed","ping_status":"closed","template":"","meta":{"_acf_changed":false},"product_brand":[],"product_cat":[400,337,463],"product_tag":[187,188,189,205,206,190,183,184,207],"class_list":{"0":"post-21283","1":"product","2":"type-product","3":"status-publish","4":"has-post-thumbnail","6":"product_cat-tremun","7":"product_cat-gold-jewelry","8":"product_cat-tops-gold-tremun","9":"product_tag-conch","10":"product_tag-ear","11":"product_tag-helix","12":"product_tag-lobe","13":"product_tag-lobulo","14":"product_tag-oreja","15":"product_tag-perforacion","16":"product_tag-piercing","17":"product_tag-tragus","19":"first","20":"instock","21":"taxable","22":"shipping-taxable","23":"purchasable","24":"product-type-simple"},"acf":[],"gallery_images":[29216,29217],"_links":{"self":[{"href":"https:\/\/tremunpiercing.com\/pt\/wp-json\/wp\/v2\/product\/21283","targetHints":{"allow":["GET"]}}],"collection":[{"href":"https:\/\/tremunpiercing.com\/pt\/wp-json\/wp\/v2\/product"}],"about":[{"href":"https:\/\/tremunpiercing.com\/pt\/wp-json\/wp\/v2\/types\/product"}],"replies":[{"embeddable":true,"href":"https:\/\/tremunpiercing.com\/pt\/wp-json\/wp\/v2\/comments?post=21283"}],"version-history":[{"count":1,"href":"https:\/\/tremunpiercing.com\/pt\/wp-json\/wp\/v2\/product\/21283\/revisions"}],"predecessor-version":[{"id":29218,"href":"https:\/\/tremunpiercing.com\/pt\/wp-json\/wp\/v2\/product\/21283\/revisions\/29218"}],"wp:featuredmedia":[{"embeddable":true,"href":"https:\/\/tremunpiercing.com\/pt\/wp-json\/wp\/v2\/media\/21284"}],"wp:attachment":[{"href":"https:\/\/tremunpiercing.com\/pt\/wp-json\/wp\/v2\/media?parent=21283"}],"wp:term":[{"taxonomy":"product_brand","embeddable":true,"href":"https:\/\/tremunpiercing.com\/pt\/wp-json\/wp\/v2\/product_brand?post=21283"},{"taxonomy":"product_cat","embeddable":true,"href":"https:\/\/tremunpiercing.com\/pt\/wp-json\/wp\/v2\/product_cat?post=21283"},{"taxonomy":"product_tag","embeddable":true,"href":"https:\/\/tremunpiercing.com\/pt\/wp-json\/wp\/v2\/product_tag?post=21283"}],"curies":[{"name":"wp","href":"https:\/\/api.w.org\/{rel}","templated":true}]}}