{"id":21286,"date":"2025-09-08T15:37:04","date_gmt":"2025-09-08T14:37:04","guid":{"rendered":"https:\/\/tremunpiercing.com\/?post_type=product&#038;p=21286"},"modified":"2026-04-09T10:36:23","modified_gmt":"2026-04-09T09:36:23","slug":"margot-swiss-blue-topaz","status":"publish","type":"product","link":"https:\/\/tremunpiercing.com\/pt\/product\/margot-swiss-blue-topaz\/","title":{"rendered":"Margot - Top\u00e1zio azul su\u00ed\u00e7o"},"content":{"rendered":"<h2 data-start=\"5461\" data-end=\"5516\">Margot Swiss Blue Topaz (acess\u00f3rio com pino de press\u00e3o)<\/h2>\n<p>O acess\u00f3rio Margot Swiss Blue Topaz Push Pin aumenta a beleza da sua cole\u00e7\u00e3o de piercings profissionais. A pe\u00e7a \u00e9 composta de ouro amarelo 14k e mostra a clareza dram\u00e1tica do Top\u00e1zio Azul Su\u00ed\u00e7o, e o Swarovski Branco acrescenta um brilho sofisticado ao lado da pedra. A cor azul cl\u00e1ssica \u00e9 uma escolha intemporal, moderna, e pode ser misturada e combinada facilmente numa orelha desenhada e curada.<\/p>\n<p>O acess\u00f3rio \u00e9 25G, encaixa bem e serve como um pino de press\u00e3o, proporcionando uma pe\u00e7a segura para os piercers com a facilidade de instala\u00e7\u00e3o. Isto \u00e9 \u00f3timo para o seu est\u00fadio ou fornecedor de j\u00f3ias para oferecer um ciclo de vida de luxo com um design de j\u00f3ias para o corpo confort\u00e1vel de usar para clientes que adoram pedras preciosas. O Margot Swiss Blue Topaz \u00e9 uma pe\u00e7a de artesanato deslumbrante e de cor arrojada; este acess\u00f3rio faz-se notar no alinhamento de qualquer experi\u00eancia de piercing.<\/p>","protected":false},"excerpt":{"rendered":"<ul>\n<li>Acess\u00f3rio de pino de press\u00e3o<\/li>\n<li>Calibre: 25G<\/li>\n<li>Material: Ouro amarelo 14k<\/li>\n<li>Gema: Top\u00e1zio azul su\u00ed\u00e7o + SW branco<\/li>\n<\/ul>","protected":false},"featured_media":21287,"comment_status":"closed","ping_status":"closed","template":"","meta":{"_acf_changed":false},"product_brand":[],"product_cat":[400,337,463],"product_tag":[187,188,189,205,206,190,183,184,207],"class_list":{"0":"post-21286","1":"product","2":"type-product","3":"status-publish","4":"has-post-thumbnail","6":"product_cat-tremun","7":"product_cat-gold-jewelry","8":"product_cat-tops-gold-tremun","9":"product_tag-conch","10":"product_tag-ear","11":"product_tag-helix","12":"product_tag-lobe","13":"product_tag-lobulo","14":"product_tag-oreja","15":"product_tag-perforacion","16":"product_tag-piercing","17":"product_tag-tragus","19":"first","20":"instock","21":"taxable","22":"shipping-taxable","23":"purchasable","24":"product-type-simple"},"acf":[],"gallery_images":[29213,29214],"_links":{"self":[{"href":"https:\/\/tremunpiercing.com\/pt\/wp-json\/wp\/v2\/product\/21286","targetHints":{"allow":["GET"]}}],"collection":[{"href":"https:\/\/tremunpiercing.com\/pt\/wp-json\/wp\/v2\/product"}],"about":[{"href":"https:\/\/tremunpiercing.com\/pt\/wp-json\/wp\/v2\/types\/product"}],"replies":[{"embeddable":true,"href":"https:\/\/tremunpiercing.com\/pt\/wp-json\/wp\/v2\/comments?post=21286"}],"version-history":[{"count":1,"href":"https:\/\/tremunpiercing.com\/pt\/wp-json\/wp\/v2\/product\/21286\/revisions"}],"predecessor-version":[{"id":29215,"href":"https:\/\/tremunpiercing.com\/pt\/wp-json\/wp\/v2\/product\/21286\/revisions\/29215"}],"wp:featuredmedia":[{"embeddable":true,"href":"https:\/\/tremunpiercing.com\/pt\/wp-json\/wp\/v2\/media\/21287"}],"wp:attachment":[{"href":"https:\/\/tremunpiercing.com\/pt\/wp-json\/wp\/v2\/media?parent=21286"}],"wp:term":[{"taxonomy":"product_brand","embeddable":true,"href":"https:\/\/tremunpiercing.com\/pt\/wp-json\/wp\/v2\/product_brand?post=21286"},{"taxonomy":"product_cat","embeddable":true,"href":"https:\/\/tremunpiercing.com\/pt\/wp-json\/wp\/v2\/product_cat?post=21286"},{"taxonomy":"product_tag","embeddable":true,"href":"https:\/\/tremunpiercing.com\/pt\/wp-json\/wp\/v2\/product_tag?post=21286"}],"curies":[{"name":"wp","href":"https:\/\/api.w.org\/{rel}","templated":true}]}}