{"id":21292,"date":"2025-09-08T15:56:07","date_gmt":"2025-09-08T14:56:07","guid":{"rendered":"https:\/\/tremunpiercing.com\/?post_type=product&#038;p=21292"},"modified":"2026-04-09T10:36:05","modified_gmt":"2026-04-09T09:36:05","slug":"margot-tsavorite","status":"publish","type":"product","link":"https:\/\/tremunpiercing.com\/pt\/product\/margot-tsavorite\/","title":{"rendered":"Margot - Tsavorite"},"content":{"rendered":"<h2>Margot Tsavorite (Acess\u00f3rio com pino de press\u00e3o)<\/h2>\n<p>O acess\u00f3rio Margot Tsavorite Push Pin combina o luxo do ouro amarelo de 14k com o brilho vivo da tsavorite verde. Com uma colora\u00e7\u00e3o v\u00edvida de qualidade de pedra preciosa, a tsavorite eleva instantaneamente qualquer look de orelha com curadoria. Emparelhado com pedras brancas Swarovski, o Margot Push Pin faz um trabalho fant\u00e1stico ao combinar ousadia com um toque de brilho. O delicado calibre 25G oferece um uso confort\u00e1vel enquanto segura com seguran\u00e7a, tornando-o uma excelente op\u00e7\u00e3o tanto para novos piercings como para piercings j\u00e1 cicatrizados. O nosso sistema de pinos de press\u00e3o facilita o uso, garante uma fixa\u00e7\u00e3o profissional e satisfaz as exig\u00eancias de um est\u00fadio de piercing ou joalharia que valoriza o luxo e a facilidade de utiliza\u00e7\u00e3o. O acess\u00f3rio Margot Push Pin tornou-se um dos favoritos do p\u00fablico para clientes que procuram uma pe\u00e7a de joalharia que chame a aten\u00e7\u00e3o, para al\u00e9m de uma esmeralda, mas que ainda assim desfrutam da sensa\u00e7\u00e3o sedutora das j\u00f3ias de alta qualidade. Com a simplicidade sedutora de Margot, as cores complementares e a per\u00edcia artesanal, \u00e9 uma excelente op\u00e7\u00e3o para qualquer loja profissional.<\/p>","protected":false},"excerpt":{"rendered":"<ul>\n<li>Acess\u00f3rio de pino de press\u00e3o<\/li>\n<li>Calibre: 25G<\/li>\n<li>Material: Ouro amarelo 14k<\/li>\n<li>Gema: Tsavorite + SW Branco<\/li>\n<\/ul>","protected":false},"featured_media":21293,"comment_status":"closed","ping_status":"closed","template":"","meta":{"_acf_changed":false},"product_brand":[],"product_cat":[400,337,463],"product_tag":[187,188,189,205,206,190,183,184,207],"class_list":{"0":"post-21292","1":"product","2":"type-product","3":"status-publish","4":"has-post-thumbnail","6":"product_cat-tremun","7":"product_cat-gold-jewelry","8":"product_cat-tops-gold-tremun","9":"product_tag-conch","10":"product_tag-ear","11":"product_tag-helix","12":"product_tag-lobe","13":"product_tag-lobulo","14":"product_tag-oreja","15":"product_tag-perforacion","16":"product_tag-piercing","17":"product_tag-tragus","19":"first","20":"instock","21":"taxable","22":"shipping-taxable","23":"purchasable","24":"product-type-simple"},"acf":[],"gallery_images":[29210,29211],"_links":{"self":[{"href":"https:\/\/tremunpiercing.com\/pt\/wp-json\/wp\/v2\/product\/21292","targetHints":{"allow":["GET"]}}],"collection":[{"href":"https:\/\/tremunpiercing.com\/pt\/wp-json\/wp\/v2\/product"}],"about":[{"href":"https:\/\/tremunpiercing.com\/pt\/wp-json\/wp\/v2\/types\/product"}],"replies":[{"embeddable":true,"href":"https:\/\/tremunpiercing.com\/pt\/wp-json\/wp\/v2\/comments?post=21292"}],"version-history":[{"count":1,"href":"https:\/\/tremunpiercing.com\/pt\/wp-json\/wp\/v2\/product\/21292\/revisions"}],"predecessor-version":[{"id":29212,"href":"https:\/\/tremunpiercing.com\/pt\/wp-json\/wp\/v2\/product\/21292\/revisions\/29212"}],"wp:featuredmedia":[{"embeddable":true,"href":"https:\/\/tremunpiercing.com\/pt\/wp-json\/wp\/v2\/media\/21293"}],"wp:attachment":[{"href":"https:\/\/tremunpiercing.com\/pt\/wp-json\/wp\/v2\/media?parent=21292"}],"wp:term":[{"taxonomy":"product_brand","embeddable":true,"href":"https:\/\/tremunpiercing.com\/pt\/wp-json\/wp\/v2\/product_brand?post=21292"},{"taxonomy":"product_cat","embeddable":true,"href":"https:\/\/tremunpiercing.com\/pt\/wp-json\/wp\/v2\/product_cat?post=21292"},{"taxonomy":"product_tag","embeddable":true,"href":"https:\/\/tremunpiercing.com\/pt\/wp-json\/wp\/v2\/product_tag?post=21292"}],"curies":[{"name":"wp","href":"https:\/\/api.w.org\/{rel}","templated":true}]}}