{"id":21956,"date":"2025-09-17T16:26:13","date_gmt":"2025-09-17T15:26:13","guid":{"rendered":"https:\/\/tremunpiercing.com\/?post_type=product&#038;p=21956"},"modified":"2026-04-14T16:47:27","modified_gmt":"2026-04-14T15:47:27","slug":"prong-leaf-light-peony-opal","status":"publish","type":"product","link":"https:\/\/tremunpiercing.com\/pt\/product\/prong-leaf-light-peony-opal\/","title":{"rendered":"Opala de pe\u00f3nia clara de folha de pino"},"content":{"rendered":"<p>As j\u00f3ias Prong Leaf Light Peony Opal apresentam tons opalescentes suaves que brilham suavemente em qualquer luz. Constru\u00eddas em tit\u00e2nio para implantes (F-136), estas j\u00f3ias para o corpo com rosca manual t\u00eam carater\u00edsticas \u00fanicas em forma de folha e pedras preciosas de opala pe\u00f3nia clara que conferem um estilo natural, mas luxuoso. Com tamanhos de esfera vari\u00e1veis (4 mm-6 mm e 5 mm-8 mm e 11 mm), permite que os piercers profissionais criem j\u00f3ias \u00fanicas para os seus clientes e pode ser usado num piercing no umbigo, h\u00e9lice ou concha. A seguran\u00e7a da rosca, bem como o toque desta joia, garantem o seu conforto ao us\u00e1-la todos os dias.<\/p>\n<p>Esta pe\u00e7a decorativa de joalharia corporal \u00e9 o complemento feminino perfeito para qualquer orelha ou cole\u00e7\u00e3o com curadoria, e \u00e9 um pedido muito popular entre os est\u00fadios de piercing e os retalhistas de joalharia na Europa, Reino Unido e EUA.<\/p>","protected":false},"excerpt":{"rendered":"<ul>\n<li>Rosca interna<\/li>\n<li>Material: Tit\u00e2nio de grau de implante F-136<\/li>\n<li>Tamanho: 4,5 mm<\/li>\n<li>Calibre: 16G<\/li>\n<li>Gema: Opala de pe\u00f3nia clara<\/li>\n<\/ul>","protected":false},"featured_media":22290,"comment_status":"closed","ping_status":"closed","template":"","meta":{"_acf_changed":false},"product_brand":[],"product_cat":[340,343],"product_tag":[187,179,180,188,209,189,210,211,212,199,190,183,213,184,214,185,207],"class_list":{"0":"post-21956","1":"product","2":"type-product","3":"status-publish","4":"has-post-thumbnail","6":"product_cat-titanium-jewelry","7":"product_cat-tops-titanium-jewelry","8":"product_tag-conch","9":"product_tag-cristal","10":"product_tag-cz","11":"product_tag-ear","12":"product_tag-faux-rook","13":"product_tag-helix","14":"product_tag-labret","15":"product_tag-lip","16":"product_tag-medusa","17":"product_tag-nostril","18":"product_tag-oreja","19":"product_tag-perforacion","20":"product_tag-philtrum","21":"product_tag-piercing","22":"product_tag-rook","23":"product_tag-shiny","24":"product_tag-tragus","26":"first","27":"instock","28":"taxable","29":"shipping-taxable","30":"purchasable","31":"product-type-simple"},"acf":[],"gallery_images":[27572,27571],"_links":{"self":[{"href":"https:\/\/tremunpiercing.com\/pt\/wp-json\/wp\/v2\/product\/21956","targetHints":{"allow":["GET"]}}],"collection":[{"href":"https:\/\/tremunpiercing.com\/pt\/wp-json\/wp\/v2\/product"}],"about":[{"href":"https:\/\/tremunpiercing.com\/pt\/wp-json\/wp\/v2\/types\/product"}],"replies":[{"embeddable":true,"href":"https:\/\/tremunpiercing.com\/pt\/wp-json\/wp\/v2\/comments?post=21956"}],"version-history":[{"count":1,"href":"https:\/\/tremunpiercing.com\/pt\/wp-json\/wp\/v2\/product\/21956\/revisions"}],"predecessor-version":[{"id":27575,"href":"https:\/\/tremunpiercing.com\/pt\/wp-json\/wp\/v2\/product\/21956\/revisions\/27575"}],"wp:featuredmedia":[{"embeddable":true,"href":"https:\/\/tremunpiercing.com\/pt\/wp-json\/wp\/v2\/media\/22290"}],"wp:attachment":[{"href":"https:\/\/tremunpiercing.com\/pt\/wp-json\/wp\/v2\/media?parent=21956"}],"wp:term":[{"taxonomy":"product_brand","embeddable":true,"href":"https:\/\/tremunpiercing.com\/pt\/wp-json\/wp\/v2\/product_brand?post=21956"},{"taxonomy":"product_cat","embeddable":true,"href":"https:\/\/tremunpiercing.com\/pt\/wp-json\/wp\/v2\/product_cat?post=21956"},{"taxonomy":"product_tag","embeddable":true,"href":"https:\/\/tremunpiercing.com\/pt\/wp-json\/wp\/v2\/product_tag?post=21956"}],"curies":[{"name":"wp","href":"https:\/\/api.w.org\/{rel}","templated":true}]}}