{"id":21988,"date":"2025-09-17T19:20:38","date_gmt":"2025-09-17T18:20:38","guid":{"rendered":"https:\/\/tremunpiercing.com\/?post_type=product&#038;p=21988"},"modified":"2026-03-18T17:08:43","modified_gmt":"2026-03-18T16:08:43","slug":"lena-sw-lavender","status":"publish","type":"product","link":"https:\/\/tremunpiercing.com\/pt\/product\/lena-sw-lavender\/","title":{"rendered":"Lena - SW Lavanda"},"content":{"rendered":"<p>O Lena SW Lavender oferece um estilo sem esfor\u00e7o e uma sofistica\u00e7\u00e3o discreta. Este brinco de 3 mm, 16G com rosca interna, feito de tit\u00e2nio F-136 de grau de implante, apresenta um delicado cristal Swarovski Lavender que emite suaves tons pastel. Impressionante em piercings de labret, tragus, h\u00e9lice e l\u00f3bulo.<\/p>\n<p>Desfruta de uma instala\u00e7\u00e3o f\u00e1cil, ao mesmo tempo que proporciona um conforto de primeira qualidade e seguran\u00e7a para a pele. \u00c9 perfeito para piercers de precis\u00e3o, proporcionando uma pe\u00e7a de afirma\u00e7\u00e3o fi\u00e1vel e sofisticada. O brilho calmante da cor lavanda \u00e9 a escolha perfeita para clientes que procuram beleza e luxo discreto em pe\u00e7as de joalharia do dia a dia.<\/p>","protected":false},"excerpt":{"rendered":"<ul>\n<li>Rosca interna<\/li>\n<li>Material: Tit\u00e2nio de grau de implante F-136<\/li>\n<li>Tamanho: 3mm<\/li>\n<li>Gema: Cristal Swarovski<\/li>\n<li>Calibre: 16G<\/li>\n<\/ul>","protected":false},"featured_media":21989,"comment_status":"closed","ping_status":"closed","template":"","meta":{"_acf_changed":false},"product_brand":[],"product_cat":[442,340,343],"product_tag":[187,188,189,210,211,199,190,183,184],"class_list":{"0":"post-21988","1":"product","2":"type-product","3":"status-publish","4":"has-post-thumbnail","6":"product_cat-sw","7":"product_cat-titanium-jewelry","8":"product_cat-tops-titanium-jewelry","9":"product_tag-conch","10":"product_tag-ear","11":"product_tag-helix","12":"product_tag-labret","13":"product_tag-lip","14":"product_tag-nostril","15":"product_tag-oreja","16":"product_tag-perforacion","17":"product_tag-piercing","19":"first","20":"instock","21":"taxable","22":"shipping-taxable","23":"purchasable","24":"product-type-simple"},"acf":[],"gallery_images":[27515,27514],"_links":{"self":[{"href":"https:\/\/tremunpiercing.com\/pt\/wp-json\/wp\/v2\/product\/21988","targetHints":{"allow":["GET"]}}],"collection":[{"href":"https:\/\/tremunpiercing.com\/pt\/wp-json\/wp\/v2\/product"}],"about":[{"href":"https:\/\/tremunpiercing.com\/pt\/wp-json\/wp\/v2\/types\/product"}],"replies":[{"embeddable":true,"href":"https:\/\/tremunpiercing.com\/pt\/wp-json\/wp\/v2\/comments?post=21988"}],"version-history":[{"count":1,"href":"https:\/\/tremunpiercing.com\/pt\/wp-json\/wp\/v2\/product\/21988\/revisions"}],"predecessor-version":[{"id":27517,"href":"https:\/\/tremunpiercing.com\/pt\/wp-json\/wp\/v2\/product\/21988\/revisions\/27517"}],"wp:featuredmedia":[{"embeddable":true,"href":"https:\/\/tremunpiercing.com\/pt\/wp-json\/wp\/v2\/media\/21989"}],"wp:attachment":[{"href":"https:\/\/tremunpiercing.com\/pt\/wp-json\/wp\/v2\/media?parent=21988"}],"wp:term":[{"taxonomy":"product_brand","embeddable":true,"href":"https:\/\/tremunpiercing.com\/pt\/wp-json\/wp\/v2\/product_brand?post=21988"},{"taxonomy":"product_cat","embeddable":true,"href":"https:\/\/tremunpiercing.com\/pt\/wp-json\/wp\/v2\/product_cat?post=21988"},{"taxonomy":"product_tag","embeddable":true,"href":"https:\/\/tremunpiercing.com\/pt\/wp-json\/wp\/v2\/product_tag?post=21988"}],"curies":[{"name":"wp","href":"https:\/\/api.w.org\/{rel}","templated":true}]}}