{"id":22007,"date":"2025-09-17T19:53:10","date_gmt":"2025-09-17T18:53:10","guid":{"rendered":"https:\/\/tremunpiercing.com\/?post_type=product&#038;p=22007"},"modified":"2026-03-20T16:09:12","modified_gmt":"2026-03-20T15:09:12","slug":"lena-rainbow-moonstone","status":"publish","type":"product","link":"https:\/\/tremunpiercing.com\/pt\/product\/lena-rainbow-moonstone\/","title":{"rendered":"Lena - Pedra da Lua Arco-\u00cdris"},"content":{"rendered":"<p>O Lena - Rainbow Moonstone traz um toque de beleza et\u00e9rea \u00e0 sua cole\u00e7\u00e3o de piercings. Feita de tit\u00e2nio F-136 de grau de implante, esta joia de 16G, 3mm com rosca interna, apresenta uma radiante pedra da lua arco-\u00edris que brilha com suaves tons azuis e brancos. Perfeita para piercings de labret, tragus, h\u00e9lice ou l\u00f3bulo, proporciona um aspeto minimalista mas sofisticado.<\/p>\n<p>O enfiamento seguro assegura um processo de instala\u00e7\u00e3o suave, minimizando a irrita\u00e7\u00e3o e maximizando o conforto. Os profissionais de piercing valorizam as suas propriedades hipoalerg\u00e9nicas e o seu apelo intemporal, tornando-a uma escolha de elei\u00e7\u00e3o para clientes que apreciam um luxo discreto.<\/p>","protected":false},"excerpt":{"rendered":"<ul>\n<li>Rosca interna<\/li>\n<li>Material: Tit\u00e2nio de grau de implante F-136<\/li>\n<li>Tamanho: 3mm<\/li>\n<li>Gema: Pedra da Lua Arco-\u00cdris<\/li>\n<li>Calibre: 16G<\/li>\n<\/ul>","protected":false},"featured_media":22376,"comment_status":"closed","ping_status":"closed","template":"","meta":{"_acf_changed":false},"product_brand":[],"product_cat":[340,343],"product_tag":[187,188,189,210,211,199,190,183,184],"class_list":{"0":"post-22007","1":"product","2":"type-product","3":"status-publish","4":"has-post-thumbnail","6":"product_cat-titanium-jewelry","7":"product_cat-tops-titanium-jewelry","8":"product_tag-conch","9":"product_tag-ear","10":"product_tag-helix","11":"product_tag-labret","12":"product_tag-lip","13":"product_tag-nostril","14":"product_tag-oreja","15":"product_tag-perforacion","16":"product_tag-piercing","18":"first","19":"instock","20":"taxable","21":"shipping-taxable","22":"purchasable","23":"product-type-simple"},"acf":[],"gallery_images":[27494,27493],"_links":{"self":[{"href":"https:\/\/tremunpiercing.com\/pt\/wp-json\/wp\/v2\/product\/22007","targetHints":{"allow":["GET"]}}],"collection":[{"href":"https:\/\/tremunpiercing.com\/pt\/wp-json\/wp\/v2\/product"}],"about":[{"href":"https:\/\/tremunpiercing.com\/pt\/wp-json\/wp\/v2\/types\/product"}],"replies":[{"embeddable":true,"href":"https:\/\/tremunpiercing.com\/pt\/wp-json\/wp\/v2\/comments?post=22007"}],"version-history":[{"count":1,"href":"https:\/\/tremunpiercing.com\/pt\/wp-json\/wp\/v2\/product\/22007\/revisions"}],"predecessor-version":[{"id":27495,"href":"https:\/\/tremunpiercing.com\/pt\/wp-json\/wp\/v2\/product\/22007\/revisions\/27495"}],"wp:featuredmedia":[{"embeddable":true,"href":"https:\/\/tremunpiercing.com\/pt\/wp-json\/wp\/v2\/media\/22376"}],"wp:attachment":[{"href":"https:\/\/tremunpiercing.com\/pt\/wp-json\/wp\/v2\/media?parent=22007"}],"wp:term":[{"taxonomy":"product_brand","embeddable":true,"href":"https:\/\/tremunpiercing.com\/pt\/wp-json\/wp\/v2\/product_brand?post=22007"},{"taxonomy":"product_cat","embeddable":true,"href":"https:\/\/tremunpiercing.com\/pt\/wp-json\/wp\/v2\/product_cat?post=22007"},{"taxonomy":"product_tag","embeddable":true,"href":"https:\/\/tremunpiercing.com\/pt\/wp-json\/wp\/v2\/product_tag?post=22007"}],"curies":[{"name":"wp","href":"https:\/\/api.w.org\/{rel}","templated":true}]}}