{"id":22159,"date":"2025-09-22T23:07:42","date_gmt":"2025-09-22T22:07:42","guid":{"rendered":"https:\/\/tremunpiercing.com\/?post_type=product&#038;p=22159"},"modified":"2026-04-19T23:03:56","modified_gmt":"2026-04-19T22:03:56","slug":"emily-red-garnet","status":"publish","type":"product","link":"https:\/\/tremunpiercing.com\/pt\/product\/emily-red-garnet\/","title":{"rendered":"Emily - Red Garnet"},"content":{"rendered":"<p>A Emily - Red Garnet \u00e9 ao mesmo tempo ardente e refinada. Uma combina\u00e7\u00e3o de granada natural e granada CZ produz um brilho rico e vermelho profundo, uma combina\u00e7\u00e3o satisfat\u00f3ria para este design \u00fanico. Fabricado com tit\u00e2nio F-136 para implantes, o design com rosca interna 16G oferece o m\u00e1ximo conforto e durabilidade.<\/p>\n<p>A pe\u00e7a foi especialmente concebida para piercings planos, em h\u00e9lice ou em concha, e oferece for\u00e7a e beleza. Os tons vermelhos \u00fanicos e arrojados da pedra granada representam energia e paix\u00e3o e fazem uma afirma\u00e7\u00e3o em qualquer piercing.<\/p>\n<p>A Emily - Red Garnet \u00e9 uma boa combina\u00e7\u00e3o para est\u00fadios e para revendedores que procuram j\u00f3ias com pedras preciosas com calor e luxo para oferecer aos seus clientes.<\/p>","protected":false},"excerpt":{"rendered":"<ul>\n<li>Rosca interna<\/li>\n<li>Material: Tit\u00e2nio de grau de implante F-136<\/li>\n<li>Calibre: 16G<\/li>\n<li>Gema: Granada natural + Granada CZ<\/li>\n<\/ul>","protected":false},"featured_media":22160,"comment_status":"closed","ping_status":"closed","template":"","meta":{"_acf_changed":false},"product_brand":[],"product_cat":[340,343],"product_tag":[187,188,189,205,206,190,183,184,207],"class_list":{"0":"post-22159","1":"product","2":"type-product","3":"status-publish","4":"has-post-thumbnail","6":"product_cat-titanium-jewelry","7":"product_cat-tops-titanium-jewelry","8":"product_tag-conch","9":"product_tag-ear","10":"product_tag-helix","11":"product_tag-lobe","12":"product_tag-lobulo","13":"product_tag-oreja","14":"product_tag-perforacion","15":"product_tag-piercing","16":"product_tag-tragus","18":"first","19":"instock","20":"taxable","21":"shipping-taxable","22":"purchasable","23":"product-type-simple"},"acf":[],"gallery_images":[27427,27428],"_links":{"self":[{"href":"https:\/\/tremunpiercing.com\/pt\/wp-json\/wp\/v2\/product\/22159","targetHints":{"allow":["GET"]}}],"collection":[{"href":"https:\/\/tremunpiercing.com\/pt\/wp-json\/wp\/v2\/product"}],"about":[{"href":"https:\/\/tremunpiercing.com\/pt\/wp-json\/wp\/v2\/types\/product"}],"replies":[{"embeddable":true,"href":"https:\/\/tremunpiercing.com\/pt\/wp-json\/wp\/v2\/comments?post=22159"}],"version-history":[{"count":1,"href":"https:\/\/tremunpiercing.com\/pt\/wp-json\/wp\/v2\/product\/22159\/revisions"}],"predecessor-version":[{"id":27429,"href":"https:\/\/tremunpiercing.com\/pt\/wp-json\/wp\/v2\/product\/22159\/revisions\/27429"}],"wp:featuredmedia":[{"embeddable":true,"href":"https:\/\/tremunpiercing.com\/pt\/wp-json\/wp\/v2\/media\/22160"}],"wp:attachment":[{"href":"https:\/\/tremunpiercing.com\/pt\/wp-json\/wp\/v2\/media?parent=22159"}],"wp:term":[{"taxonomy":"product_brand","embeddable":true,"href":"https:\/\/tremunpiercing.com\/pt\/wp-json\/wp\/v2\/product_brand?post=22159"},{"taxonomy":"product_cat","embeddable":true,"href":"https:\/\/tremunpiercing.com\/pt\/wp-json\/wp\/v2\/product_cat?post=22159"},{"taxonomy":"product_tag","embeddable":true,"href":"https:\/\/tremunpiercing.com\/pt\/wp-json\/wp\/v2\/product_tag?post=22159"}],"curies":[{"name":"wp","href":"https:\/\/api.w.org\/{rel}","templated":true}]}}