{"id":22213,"date":"2025-09-23T20:06:39","date_gmt":"2025-09-23T19:06:39","guid":{"rendered":"https:\/\/tremunpiercing.com\/?post_type=product&#038;p=22213"},"modified":"2026-04-20T12:16:37","modified_gmt":"2026-04-20T11:16:37","slug":"carmen","status":"publish","type":"product","link":"https:\/\/tremunpiercing.com\/pt\/product\/carmen\/","title":{"rendered":"Carmen"},"content":{"rendered":"<p>Este Carmen apresenta um charme radiante num corpo de tit\u00e2nio dur\u00e1vel. Fabricado em tit\u00e2nio de grau de implante F-136, proporciona biocompatibilidade e mant\u00e9m o seu brilho. O sistema 16G com rosca interna \u00e9 f\u00e1cil de utilizar por piercers profissionais, e pode ter a certeza de que fica bem ajustado. A gema de zirc\u00f3nia c\u00fabica brilha com um brilho cativante.<\/p>\n<p>Carmen \u00e9 ideal para piercings como o da h\u00e9lice, tragus, nariz ou l\u00f3bulos. Carmen pode ser usada num est\u00fadio de piercing profissional ou na sua pe\u00e7a de joalharia favorita, e ir\u00e1 certamente brilhar com beleza e for\u00e7a. Esta pe\u00e7a foi concebida para dar confian\u00e7a e precis\u00e3o. Oferece a combina\u00e7\u00e3o perfeita de moda e fun\u00e7\u00e3o.<\/p>","protected":false},"excerpt":{"rendered":"<ul>\n<li>Rosca interna<\/li>\n<li>Material: Tit\u00e2nio de grau de implante F-136<\/li>\n<li>Calibre: 16G<\/li>\n<li>Gema: Zirc\u00f3nia c\u00fabica<\/li>\n<li>Tamanho: 11,3 mm<\/li>\n<\/ul>","protected":false},"featured_media":22214,"comment_status":"closed","ping_status":"closed","template":"","meta":{"_acf_changed":false},"product_brand":[],"product_cat":[340,343],"product_tag":[187,179,180,188,209,189,210,211,212,190,183,184,207],"class_list":{"0":"post-22213","1":"product","2":"type-product","3":"status-publish","4":"has-post-thumbnail","6":"product_cat-titanium-jewelry","7":"product_cat-tops-titanium-jewelry","8":"product_tag-conch","9":"product_tag-cristal","10":"product_tag-cz","11":"product_tag-ear","12":"product_tag-faux-rook","13":"product_tag-helix","14":"product_tag-labret","15":"product_tag-lip","16":"product_tag-medusa","17":"product_tag-oreja","18":"product_tag-perforacion","19":"product_tag-piercing","20":"product_tag-tragus","22":"first","23":"instock","24":"taxable","25":"shipping-taxable","26":"purchasable","27":"product-type-simple"},"acf":[],"gallery_images":[27407,27408],"_links":{"self":[{"href":"https:\/\/tremunpiercing.com\/pt\/wp-json\/wp\/v2\/product\/22213","targetHints":{"allow":["GET"]}}],"collection":[{"href":"https:\/\/tremunpiercing.com\/pt\/wp-json\/wp\/v2\/product"}],"about":[{"href":"https:\/\/tremunpiercing.com\/pt\/wp-json\/wp\/v2\/types\/product"}],"replies":[{"embeddable":true,"href":"https:\/\/tremunpiercing.com\/pt\/wp-json\/wp\/v2\/comments?post=22213"}],"version-history":[{"count":1,"href":"https:\/\/tremunpiercing.com\/pt\/wp-json\/wp\/v2\/product\/22213\/revisions"}],"predecessor-version":[{"id":27409,"href":"https:\/\/tremunpiercing.com\/pt\/wp-json\/wp\/v2\/product\/22213\/revisions\/27409"}],"wp:featuredmedia":[{"embeddable":true,"href":"https:\/\/tremunpiercing.com\/pt\/wp-json\/wp\/v2\/media\/22214"}],"wp:attachment":[{"href":"https:\/\/tremunpiercing.com\/pt\/wp-json\/wp\/v2\/media?parent=22213"}],"wp:term":[{"taxonomy":"product_brand","embeddable":true,"href":"https:\/\/tremunpiercing.com\/pt\/wp-json\/wp\/v2\/product_brand?post=22213"},{"taxonomy":"product_cat","embeddable":true,"href":"https:\/\/tremunpiercing.com\/pt\/wp-json\/wp\/v2\/product_cat?post=22213"},{"taxonomy":"product_tag","embeddable":true,"href":"https:\/\/tremunpiercing.com\/pt\/wp-json\/wp\/v2\/product_tag?post=22213"}],"curies":[{"name":"wp","href":"https:\/\/api.w.org\/{rel}","templated":true}]}}