{"id":22226,"date":"2025-09-23T20:18:34","date_gmt":"2025-09-23T19:18:34","guid":{"rendered":"https:\/\/tremunpiercing.com\/?post_type=product&#038;p=22226"},"modified":"2026-04-20T16:10:04","modified_gmt":"2026-04-20T15:10:04","slug":"cecilia-white","status":"publish","type":"product","link":"https:\/\/tremunpiercing.com\/pt\/product\/cecilia-white\/","title":{"rendered":"Cec\u00edlia - Branco"},"content":{"rendered":"<p>Todas as colec\u00e7\u00f5es de j\u00f3ias profissionais precisam de apresentar uma apar\u00eancia cl\u00e1ssica de CZ branco, e a nossa lapela Cecilia White oferece a m\u00e1xima qualidade. Este labret apresenta uma Zirc\u00f3nia C\u00fabica cintilante e de corte ideal que \u00e9 100% transparente e concebida para captar a luz em cada movimento. \u00c9 apresentada na nossa elegante craveira Cecilia, concebida para maximizar o brilho da Zirc\u00f3nia C\u00fabica, mantendo um perfil baixo e um ajuste confort\u00e1vel.<\/p>\n<p>Fabricado com tit\u00e2nio de grau de implante (F-136) e uma s\u00f3lida haste de rosca interna 16G, este labret \u00e9 uma escolha segura perfeita para piercings frescos ou cicatrizados. \u00c9 um acess\u00f3rio indispens\u00e1vel para clientes do sexo feminino que pretendem um pouco de brilho na narina, no l\u00f3bulo ou no l\u00e1bio, transitando facilmente entre estilos. Compre algumas para manter a nossa joia de cabelo mais vendida em stock e os seus profissionais ter\u00e3o sempre o que precisam com um brilho cl\u00e1ssico.<\/p>","protected":false},"excerpt":{"rendered":"<ul>\n<li>Rosca interna<\/li>\n<li>Material: Tit\u00e2nio de grau de implante F-136<\/li>\n<li>Calibre: 16G<\/li>\n<li>Gema: Zirc\u00f3nia c\u00fabica<\/li>\n<li>Tamanho: 4mm x 6,7mm<\/li>\n<\/ul>","protected":false},"featured_media":22227,"comment_status":"closed","ping_status":"closed","template":"","meta":{"_acf_changed":false},"product_brand":[],"product_cat":[340,343],"product_tag":[187,179,180,188,209,189,210,211,212,190,183,184,207],"class_list":{"0":"post-22226","1":"product","2":"type-product","3":"status-publish","4":"has-post-thumbnail","6":"product_cat-titanium-jewelry","7":"product_cat-tops-titanium-jewelry","8":"product_tag-conch","9":"product_tag-cristal","10":"product_tag-cz","11":"product_tag-ear","12":"product_tag-faux-rook","13":"product_tag-helix","14":"product_tag-labret","15":"product_tag-lip","16":"product_tag-medusa","17":"product_tag-oreja","18":"product_tag-perforacion","19":"product_tag-piercing","20":"product_tag-tragus","22":"first","23":"instock","24":"taxable","25":"shipping-taxable","26":"purchasable","27":"product-type-simple"},"acf":[],"gallery_images":[27393,27392],"_links":{"self":[{"href":"https:\/\/tremunpiercing.com\/pt\/wp-json\/wp\/v2\/product\/22226","targetHints":{"allow":["GET"]}}],"collection":[{"href":"https:\/\/tremunpiercing.com\/pt\/wp-json\/wp\/v2\/product"}],"about":[{"href":"https:\/\/tremunpiercing.com\/pt\/wp-json\/wp\/v2\/types\/product"}],"replies":[{"embeddable":true,"href":"https:\/\/tremunpiercing.com\/pt\/wp-json\/wp\/v2\/comments?post=22226"}],"version-history":[{"count":1,"href":"https:\/\/tremunpiercing.com\/pt\/wp-json\/wp\/v2\/product\/22226\/revisions"}],"predecessor-version":[{"id":27394,"href":"https:\/\/tremunpiercing.com\/pt\/wp-json\/wp\/v2\/product\/22226\/revisions\/27394"}],"wp:featuredmedia":[{"embeddable":true,"href":"https:\/\/tremunpiercing.com\/pt\/wp-json\/wp\/v2\/media\/22227"}],"wp:attachment":[{"href":"https:\/\/tremunpiercing.com\/pt\/wp-json\/wp\/v2\/media?parent=22226"}],"wp:term":[{"taxonomy":"product_brand","embeddable":true,"href":"https:\/\/tremunpiercing.com\/pt\/wp-json\/wp\/v2\/product_brand?post=22226"},{"taxonomy":"product_cat","embeddable":true,"href":"https:\/\/tremunpiercing.com\/pt\/wp-json\/wp\/v2\/product_cat?post=22226"},{"taxonomy":"product_tag","embeddable":true,"href":"https:\/\/tremunpiercing.com\/pt\/wp-json\/wp\/v2\/product_tag?post=22226"}],"curies":[{"name":"wp","href":"https:\/\/api.w.org\/{rel}","templated":true}]}}