{"id":22229,"date":"2025-09-23T20:23:16","date_gmt":"2025-09-23T19:23:16","guid":{"rendered":"https:\/\/tremunpiercing.com\/?post_type=product&#038;p=22229"},"modified":"2026-04-18T13:47:22","modified_gmt":"2026-04-18T12:47:22","slug":"cecilia-black","status":"publish","type":"product","link":"https:\/\/tremunpiercing.com\/pt\/product\/cecilia-black\/","title":{"rendered":"Cec\u00edlia - Preto"},"content":{"rendered":"<p>Satisfa\u00e7a a necessidade de um estilo limpo e moderno com o labret Cecilia Black. Com uma zirc\u00f3nia c\u00fabica preta de corte perfeito, este labret \u00e9 uma alternativa chique e moderna \u00e0s tradicionais pedras preciosas transparentes. As delicadas garras da Cecilia criam um estilo minimalista e sem costuras, que real\u00e7a lindamente a pedra escura. Fabricado em tit\u00e2nio ImplantGrade (F-136) com uma haste de rosca interna 16G, este labret garante conforto e seguran\u00e7a.<\/p>\n<p>A Cecilia \u00e9 uma pe\u00e7a de stock b\u00e1sica para todos os est\u00fadios, para um cliente que pretenda um visual monocrom\u00e1tico arrojado para a sua orelha, ou para um piercing \u00fanico. Devido \u00e0 sua natureza cl\u00e1ssica e \u00e0 sua versatilidade, \u00e9 uma pe\u00e7a necess\u00e1ria e muito procurada pelos piercers que servem uma clientela que est\u00e1 na moda.<\/p>","protected":false},"excerpt":{"rendered":"<ul>\n<li>Rosca interna<\/li>\n<li>Material: Tit\u00e2nio de grau de implante F-136<\/li>\n<li>Calibre: 16G<\/li>\n<li>Gema: Zirc\u00f3nia c\u00fabica<\/li>\n<\/ul>","protected":false},"featured_media":22230,"comment_status":"closed","ping_status":"closed","template":"","meta":{"_acf_changed":false},"product_brand":[],"product_cat":[340,343],"product_tag":[187,179,180,188,209,189,210,211,212,190,183,184,207],"class_list":{"0":"post-22229","1":"product","2":"type-product","3":"status-publish","4":"has-post-thumbnail","6":"product_cat-titanium-jewelry","7":"product_cat-tops-titanium-jewelry","8":"product_tag-conch","9":"product_tag-cristal","10":"product_tag-cz","11":"product_tag-ear","12":"product_tag-faux-rook","13":"product_tag-helix","14":"product_tag-labret","15":"product_tag-lip","16":"product_tag-medusa","17":"product_tag-oreja","18":"product_tag-perforacion","19":"product_tag-piercing","20":"product_tag-tragus","22":"first","23":"instock","24":"taxable","25":"shipping-taxable","26":"purchasable","27":"product-type-simple"},"acf":[],"gallery_images":[27364,27363],"_links":{"self":[{"href":"https:\/\/tremunpiercing.com\/pt\/wp-json\/wp\/v2\/product\/22229","targetHints":{"allow":["GET"]}}],"collection":[{"href":"https:\/\/tremunpiercing.com\/pt\/wp-json\/wp\/v2\/product"}],"about":[{"href":"https:\/\/tremunpiercing.com\/pt\/wp-json\/wp\/v2\/types\/product"}],"replies":[{"embeddable":true,"href":"https:\/\/tremunpiercing.com\/pt\/wp-json\/wp\/v2\/comments?post=22229"}],"version-history":[{"count":1,"href":"https:\/\/tremunpiercing.com\/pt\/wp-json\/wp\/v2\/product\/22229\/revisions"}],"predecessor-version":[{"id":27365,"href":"https:\/\/tremunpiercing.com\/pt\/wp-json\/wp\/v2\/product\/22229\/revisions\/27365"}],"wp:featuredmedia":[{"embeddable":true,"href":"https:\/\/tremunpiercing.com\/pt\/wp-json\/wp\/v2\/media\/22230"}],"wp:attachment":[{"href":"https:\/\/tremunpiercing.com\/pt\/wp-json\/wp\/v2\/media?parent=22229"}],"wp:term":[{"taxonomy":"product_brand","embeddable":true,"href":"https:\/\/tremunpiercing.com\/pt\/wp-json\/wp\/v2\/product_brand?post=22229"},{"taxonomy":"product_cat","embeddable":true,"href":"https:\/\/tremunpiercing.com\/pt\/wp-json\/wp\/v2\/product_cat?post=22229"},{"taxonomy":"product_tag","embeddable":true,"href":"https:\/\/tremunpiercing.com\/pt\/wp-json\/wp\/v2\/product_tag?post=22229"}],"curies":[{"name":"wp","href":"https:\/\/api.w.org\/{rel}","templated":true}]}}