{"id":22232,"date":"2025-09-23T20:25:52","date_gmt":"2025-09-23T19:25:52","guid":{"rendered":"https:\/\/tremunpiercing.com\/?post_type=product&#038;p=22232"},"modified":"2026-03-28T22:02:23","modified_gmt":"2026-03-28T21:02:23","slug":"cecilia-topaz-blue-cz","status":"publish","type":"product","link":"https:\/\/tremunpiercing.com\/pt\/product\/cecilia-topaz-blue-cz\/","title":{"rendered":"Cec\u00edlia - Top\u00e1zio Azul CZ"},"content":{"rendered":"<h2>Cecilia Top\u00e1zio azul CZ labret<\/h2>\n<p>O labret Cecilia Topaz Blue CZ oferece um visual fresco e sofisticado. O design apresenta uma bela zirc\u00f3nia c\u00fabica azul gelada que capta toda a beleza do top\u00e1zio brilhante numa \u00fanica pedra deslumbrante, engastada no estilo Cecilia para um visual limpo e moderno que acentua a cor deslumbrante da pedra azul.<\/p>\n<p>Fabricado em tit\u00e2nio de grau de implante (F-136) com uma haste de rosca interna 16G, os seus clientes podem contar com um ajuste confort\u00e1vel e seguro. A cor azul serena \u00e9 vers\u00e1til, especialmente para quem deseja um toque de cor limpo e fresco no seu piercing de concha, h\u00e9lice ou narina. Poder\u00e1 elevar as op\u00e7\u00f5es de cor do seu est\u00fadio e apresentar a todos os seus clientes esta cor de azul sempre popular e deslumbrante.<\/p>","protected":false},"excerpt":{"rendered":"<ul>\n<li>Rosca interna<\/li>\n<li>Material: Tit\u00e2nio de grau de implante F-136<\/li>\n<li>Calibre: 16G<\/li>\n<li>Gema: Zirc\u00f3nia c\u00fabica<\/li>\n<li>Tamanho: 4 mm x 6,7 mm<\/li>\n<\/ul>","protected":false},"featured_media":22233,"comment_status":"closed","ping_status":"closed","template":"","meta":{"_acf_changed":false},"product_brand":[],"product_cat":[340,343],"product_tag":[187,179,180,188,209,189,210,211,212,190,183,184,207],"class_list":{"0":"post-22232","1":"product","2":"type-product","3":"status-publish","4":"has-post-thumbnail","6":"product_cat-titanium-jewelry","7":"product_cat-tops-titanium-jewelry","8":"product_tag-conch","9":"product_tag-cristal","10":"product_tag-cz","11":"product_tag-ear","12":"product_tag-faux-rook","13":"product_tag-helix","14":"product_tag-labret","15":"product_tag-lip","16":"product_tag-medusa","17":"product_tag-oreja","18":"product_tag-perforacion","19":"product_tag-piercing","20":"product_tag-tragus","22":"first","23":"instock","24":"taxable","25":"shipping-taxable","26":"purchasable","27":"product-type-simple"},"acf":[],"gallery_images":[27366,27367],"_links":{"self":[{"href":"https:\/\/tremunpiercing.com\/pt\/wp-json\/wp\/v2\/product\/22232","targetHints":{"allow":["GET"]}}],"collection":[{"href":"https:\/\/tremunpiercing.com\/pt\/wp-json\/wp\/v2\/product"}],"about":[{"href":"https:\/\/tremunpiercing.com\/pt\/wp-json\/wp\/v2\/types\/product"}],"replies":[{"embeddable":true,"href":"https:\/\/tremunpiercing.com\/pt\/wp-json\/wp\/v2\/comments?post=22232"}],"version-history":[{"count":1,"href":"https:\/\/tremunpiercing.com\/pt\/wp-json\/wp\/v2\/product\/22232\/revisions"}],"predecessor-version":[{"id":27368,"href":"https:\/\/tremunpiercing.com\/pt\/wp-json\/wp\/v2\/product\/22232\/revisions\/27368"}],"wp:featuredmedia":[{"embeddable":true,"href":"https:\/\/tremunpiercing.com\/pt\/wp-json\/wp\/v2\/media\/22233"}],"wp:attachment":[{"href":"https:\/\/tremunpiercing.com\/pt\/wp-json\/wp\/v2\/media?parent=22232"}],"wp:term":[{"taxonomy":"product_brand","embeddable":true,"href":"https:\/\/tremunpiercing.com\/pt\/wp-json\/wp\/v2\/product_brand?post=22232"},{"taxonomy":"product_cat","embeddable":true,"href":"https:\/\/tremunpiercing.com\/pt\/wp-json\/wp\/v2\/product_cat?post=22232"},{"taxonomy":"product_tag","embeddable":true,"href":"https:\/\/tremunpiercing.com\/pt\/wp-json\/wp\/v2\/product_tag?post=22232"}],"curies":[{"name":"wp","href":"https:\/\/api.w.org\/{rel}","templated":true}]}}