{"id":22235,"date":"2025-09-23T20:32:10","date_gmt":"2025-09-23T19:32:10","guid":{"rendered":"https:\/\/tremunpiercing.com\/?post_type=product&#038;p=22235"},"modified":"2026-04-01T14:53:00","modified_gmt":"2026-04-01T13:53:00","slug":"cecilia-emerald","status":"publish","type":"product","link":"https:\/\/tremunpiercing.com\/pt\/product\/cecilia-emerald\/","title":{"rendered":"Cec\u00edlia - Esmeralda"},"content":{"rendered":"<p>Fa\u00e7a uma afirma\u00e7\u00e3o ousada e viva com o labret Cecilia Emerald. Este labret apresenta uma Zirc\u00f3nia C\u00fabica cintilante de um verde profundo e rico, cortada na perfei\u00e7\u00e3o para garantir o m\u00e1ximo brilho. A pedra \u00e9 engastada com o elegante e distinto engaste Cecilia, que utiliza garras minimalistas, permitindo que o m\u00e1ximo de luz atravesse a pedra para obter o m\u00e1ximo de fogo.<\/p>\n<p>Toda a pe\u00e7a \u00e9 feita de tit\u00e2nio de grau de implante (F-136) para um uso seguro e hipoalerg\u00e9nico, mesmo para o cliente mais sens\u00edvel. A haste com rosca interna 16G \u00e9 segura e f\u00e1cil de instalar. A cl\u00e1ssica e arrojada gema verde agrada a todos e \u00e9 perfeita para adicionar um toque de cor cl\u00e1ssica a qualquer piercing. \u00c9 um item obrigat\u00f3rio de alta rotatividade para est\u00fadios com clientes que apreciam um brilho colorido intemporal.<\/p>","protected":false},"excerpt":{"rendered":"<ul>\n<li>Rosca interna<\/li>\n<li>Material: Tit\u00e2nio de grau de implante F-136<\/li>\n<li>Calibre: 16G<\/li>\n<li>Gema: Zirc\u00f3nia c\u00fabica<\/li>\n<li>Tamanho: 4 mm x 6,7 mm<\/li>\n<\/ul>","protected":false},"featured_media":22236,"comment_status":"closed","ping_status":"closed","template":"","meta":{"_acf_changed":false},"product_brand":[],"product_cat":[340,343],"product_tag":[187,179,180,188,209,189,210,211,212,190,183,184,207],"class_list":{"0":"post-22235","1":"product","2":"type-product","3":"status-publish","4":"has-post-thumbnail","6":"product_cat-titanium-jewelry","7":"product_cat-tops-titanium-jewelry","8":"product_tag-conch","9":"product_tag-cristal","10":"product_tag-cz","11":"product_tag-ear","12":"product_tag-faux-rook","13":"product_tag-helix","14":"product_tag-labret","15":"product_tag-lip","16":"product_tag-medusa","17":"product_tag-oreja","18":"product_tag-perforacion","19":"product_tag-piercing","20":"product_tag-tragus","22":"first","23":"instock","24":"taxable","25":"shipping-taxable","26":"purchasable","27":"product-type-simple"},"acf":[],"gallery_images":[27359,27360],"_links":{"self":[{"href":"https:\/\/tremunpiercing.com\/pt\/wp-json\/wp\/v2\/product\/22235","targetHints":{"allow":["GET"]}}],"collection":[{"href":"https:\/\/tremunpiercing.com\/pt\/wp-json\/wp\/v2\/product"}],"about":[{"href":"https:\/\/tremunpiercing.com\/pt\/wp-json\/wp\/v2\/types\/product"}],"replies":[{"embeddable":true,"href":"https:\/\/tremunpiercing.com\/pt\/wp-json\/wp\/v2\/comments?post=22235"}],"version-history":[{"count":1,"href":"https:\/\/tremunpiercing.com\/pt\/wp-json\/wp\/v2\/product\/22235\/revisions"}],"predecessor-version":[{"id":27362,"href":"https:\/\/tremunpiercing.com\/pt\/wp-json\/wp\/v2\/product\/22235\/revisions\/27362"}],"wp:featuredmedia":[{"embeddable":true,"href":"https:\/\/tremunpiercing.com\/pt\/wp-json\/wp\/v2\/media\/22236"}],"wp:attachment":[{"href":"https:\/\/tremunpiercing.com\/pt\/wp-json\/wp\/v2\/media?parent=22235"}],"wp:term":[{"taxonomy":"product_brand","embeddable":true,"href":"https:\/\/tremunpiercing.com\/pt\/wp-json\/wp\/v2\/product_brand?post=22235"},{"taxonomy":"product_cat","embeddable":true,"href":"https:\/\/tremunpiercing.com\/pt\/wp-json\/wp\/v2\/product_cat?post=22235"},{"taxonomy":"product_tag","embeddable":true,"href":"https:\/\/tremunpiercing.com\/pt\/wp-json\/wp\/v2\/product_tag?post=22235"}],"curies":[{"name":"wp","href":"https:\/\/api.w.org\/{rel}","templated":true}]}}