{"id":22245,"date":"2025-09-23T20:40:17","date_gmt":"2025-09-23T19:40:17","guid":{"rendered":"https:\/\/tremunpiercing.com\/?post_type=product&#038;p=22245"},"modified":"2026-04-20T16:10:04","modified_gmt":"2026-04-20T15:10:04","slug":"cecilia-tourmalated-quartz","status":"publish","type":"product","link":"https:\/\/tremunpiercing.com\/pt\/product\/cecilia-tourmalated-quartz\/","title":{"rendered":"Cec\u00edlia - Quartzo Turmalado"},"content":{"rendered":"<p>Ofere\u00e7a aos seus clientes uma fatia verdadeiramente \u00fanica da terra com o nosso labret Cecilia Tourmalated Quartz. Esta pedra incr\u00edvel apresenta quartzo transparente com belas inclus\u00f5es de agulhas de turmalina preta, o que cria um padr\u00e3o e sensa\u00e7\u00e3o \u00fanicos em cada labret. A pedra \u00e9 colocada na nossa elegante configura\u00e7\u00e3o Cecilia, que usa um design modesto de garra de ajuste de press\u00e3o, para acomodar um foco na pr\u00f3pria pedra. Este labret \u00e9 fabricado com tit\u00e2nio de grau de implante (F-136) com uma haste de rosca interna 16G, o que significa que oferece seguran\u00e7a e conforto.<\/p>\n<p>Este design \u00e9 perfeito para os clientes que procuram sair da caixa de CZs simples e regulares, mantendo um toque arrojado e org\u00e2nico nas suas j\u00f3ias. Adicione este atraente labret ao seu invent\u00e1rio para oferecer aos seus clientes uma pe\u00e7a distinta e cativante, ao mesmo tempo que apoia a diversidade e integridade da sele\u00e7\u00e3o de qualidade dos seus est\u00fadios.<\/p>","protected":false},"excerpt":{"rendered":"<ul>\n<li>Rosca interna<\/li>\n<li>Material: Tit\u00e2nio de grau de implante F-136<\/li>\n<li>Calibre: 16G<\/li>\n<li>Gema: Quartzo turmalado<\/li>\n<li>Tamanho: 4 mm x 6,7 mm<\/li>\n<\/ul>","protected":false},"featured_media":22246,"comment_status":"closed","ping_status":"closed","template":"","meta":{"_acf_changed":false},"product_brand":[],"product_cat":[340,343],"product_tag":[187,179,180,188,209,189,210,211,212,190,183,184,207],"class_list":{"0":"post-22245","1":"product","2":"type-product","3":"status-publish","4":"has-post-thumbnail","6":"product_cat-titanium-jewelry","7":"product_cat-tops-titanium-jewelry","8":"product_tag-conch","9":"product_tag-cristal","10":"product_tag-cz","11":"product_tag-ear","12":"product_tag-faux-rook","13":"product_tag-helix","14":"product_tag-labret","15":"product_tag-lip","16":"product_tag-medusa","17":"product_tag-oreja","18":"product_tag-perforacion","19":"product_tag-piercing","20":"product_tag-tragus","22":"first","23":"instock","24":"taxable","25":"shipping-taxable","26":"purchasable","27":"product-type-simple"},"acf":[],"gallery_images":[27352,27351],"_links":{"self":[{"href":"https:\/\/tremunpiercing.com\/pt\/wp-json\/wp\/v2\/product\/22245","targetHints":{"allow":["GET"]}}],"collection":[{"href":"https:\/\/tremunpiercing.com\/pt\/wp-json\/wp\/v2\/product"}],"about":[{"href":"https:\/\/tremunpiercing.com\/pt\/wp-json\/wp\/v2\/types\/product"}],"replies":[{"embeddable":true,"href":"https:\/\/tremunpiercing.com\/pt\/wp-json\/wp\/v2\/comments?post=22245"}],"version-history":[{"count":1,"href":"https:\/\/tremunpiercing.com\/pt\/wp-json\/wp\/v2\/product\/22245\/revisions"}],"predecessor-version":[{"id":27355,"href":"https:\/\/tremunpiercing.com\/pt\/wp-json\/wp\/v2\/product\/22245\/revisions\/27355"}],"wp:featuredmedia":[{"embeddable":true,"href":"https:\/\/tremunpiercing.com\/pt\/wp-json\/wp\/v2\/media\/22246"}],"wp:attachment":[{"href":"https:\/\/tremunpiercing.com\/pt\/wp-json\/wp\/v2\/media?parent=22245"}],"wp:term":[{"taxonomy":"product_brand","embeddable":true,"href":"https:\/\/tremunpiercing.com\/pt\/wp-json\/wp\/v2\/product_brand?post=22245"},{"taxonomy":"product_cat","embeddable":true,"href":"https:\/\/tremunpiercing.com\/pt\/wp-json\/wp\/v2\/product_cat?post=22245"},{"taxonomy":"product_tag","embeddable":true,"href":"https:\/\/tremunpiercing.com\/pt\/wp-json\/wp\/v2\/product_tag?post=22245"}],"curies":[{"name":"wp","href":"https:\/\/api.w.org\/{rel}","templated":true}]}}