{"id":22249,"date":"2025-09-23T20:46:07","date_gmt":"2025-09-23T19:46:07","guid":{"rendered":"https:\/\/tremunpiercing.com\/?post_type=product&#038;p=22249"},"modified":"2026-04-16T15:33:52","modified_gmt":"2026-04-16T14:33:52","slug":"clare-light-peony","status":"publish","type":"product","link":"https:\/\/tremunpiercing.com\/pt\/product\/clare-light-peony\/","title":{"rendered":"Clare - Pe\u00f3nia clara"},"content":{"rendered":"<p>Ilumine o seu mostru\u00e1rio com um toque de cor suave com o labret Clare - Light Peony. Esta pe\u00e7a apresenta uma deslumbrante opala Light Peony, cortada em caboch\u00e3o, que apresenta um suave jogo de rosa e uma iridesc\u00eancia suave. A opala \u00e9 apresentada numa moldura suave e confort\u00e1vel feita de tit\u00e2nio de grau de implante (F-136), tornando-a perfeita para um novo piercing ou pele sens\u00edvel. A sua forma oval tem 8,7 mm x 3,25 mm, o que lhe confere um tamanho agrad\u00e1vel sem ser demasiado grande, e \u00e9 perfeita para coloca\u00e7\u00f5es como a concha ou o daith como pe\u00e7a de destaque.<\/p>\n<p>O mecanismo 16G com rosca interna \u00e9 f\u00e1cil e fi\u00e1vel. Esta pe\u00e7a ser\u00e1 um sucesso para quem quiser adicionar uma cor feminina suave e construir o seu repert\u00f3rio de pe\u00e7as que se enquadram neste mercado crescente de j\u00f3ias de estilo minimalista de alta qualidade.<\/p>","protected":false},"excerpt":{"rendered":"<ul>\n<li>Rosca interna<\/li>\n<li>Material: Tit\u00e2nio de grau de implante F-136<\/li>\n<li>Calibre: 16G<\/li>\n<li>Gema: Opala de pe\u00f3nia clara<\/li>\n<li>Tamanho: 8,7 mm x 3,25 mm<\/li>\n<\/ul>","protected":false},"featured_media":22250,"comment_status":"closed","ping_status":"closed","template":"","meta":{"_acf_changed":false},"product_brand":[],"product_cat":[340,343],"product_tag":[187,179,180,188,209,189,210,211,212,190,183,184,207],"class_list":{"0":"post-22249","1":"product","2":"type-product","3":"status-publish","4":"has-post-thumbnail","6":"product_cat-titanium-jewelry","7":"product_cat-tops-titanium-jewelry","8":"product_tag-conch","9":"product_tag-cristal","10":"product_tag-cz","11":"product_tag-ear","12":"product_tag-faux-rook","13":"product_tag-helix","14":"product_tag-labret","15":"product_tag-lip","16":"product_tag-medusa","17":"product_tag-oreja","18":"product_tag-perforacion","19":"product_tag-piercing","20":"product_tag-tragus","22":"first","23":"instock","24":"taxable","25":"shipping-taxable","26":"purchasable","27":"product-type-simple"},"acf":[],"gallery_images":[27404,27403],"_links":{"self":[{"href":"https:\/\/tremunpiercing.com\/pt\/wp-json\/wp\/v2\/product\/22249","targetHints":{"allow":["GET"]}}],"collection":[{"href":"https:\/\/tremunpiercing.com\/pt\/wp-json\/wp\/v2\/product"}],"about":[{"href":"https:\/\/tremunpiercing.com\/pt\/wp-json\/wp\/v2\/types\/product"}],"replies":[{"embeddable":true,"href":"https:\/\/tremunpiercing.com\/pt\/wp-json\/wp\/v2\/comments?post=22249"}],"version-history":[{"count":1,"href":"https:\/\/tremunpiercing.com\/pt\/wp-json\/wp\/v2\/product\/22249\/revisions"}],"predecessor-version":[{"id":27406,"href":"https:\/\/tremunpiercing.com\/pt\/wp-json\/wp\/v2\/product\/22249\/revisions\/27406"}],"wp:featuredmedia":[{"embeddable":true,"href":"https:\/\/tremunpiercing.com\/pt\/wp-json\/wp\/v2\/media\/22250"}],"wp:attachment":[{"href":"https:\/\/tremunpiercing.com\/pt\/wp-json\/wp\/v2\/media?parent=22249"}],"wp:term":[{"taxonomy":"product_brand","embeddable":true,"href":"https:\/\/tremunpiercing.com\/pt\/wp-json\/wp\/v2\/product_brand?post=22249"},{"taxonomy":"product_cat","embeddable":true,"href":"https:\/\/tremunpiercing.com\/pt\/wp-json\/wp\/v2\/product_cat?post=22249"},{"taxonomy":"product_tag","embeddable":true,"href":"https:\/\/tremunpiercing.com\/pt\/wp-json\/wp\/v2\/product_tag?post=22249"}],"curies":[{"name":"wp","href":"https:\/\/api.w.org\/{rel}","templated":true}]}}