{"id":22252,"date":"2025-09-23T20:52:45","date_gmt":"2025-09-23T19:52:45","guid":{"rendered":"https:\/\/tremunpiercing.com\/?post_type=product&#038;p=22252"},"modified":"2026-03-20T16:09:11","modified_gmt":"2026-03-20T15:09:11","slug":"grace-moss-agate","status":"publish","type":"product","link":"https:\/\/tremunpiercing.com\/pt\/product\/grace-moss-agate\/","title":{"rendered":"Grace - \u00c1gata musgo"},"content":{"rendered":"<p>Introduza um toque org\u00e2nico de eleg\u00e2ncia na sua linha de j\u00f3ias com o labret Grace Moss Agate. Apresenta uma placa natural deslumbrante e polida de \u00e1gata musgo genu\u00edna, com inclus\u00f5es verdes terrosas \u00fanicas que evocam uma pequena paisagem. \u00c9 colocada com seguran\u00e7a numa moldura limpa e de baixo perfil, feita de tit\u00e2nio de grau de implante (F-136) para um elevado n\u00edvel de biocompatibilidade.<\/p>\n<p>A haste 16G com rosca interna adapta-se aos seus clientes de forma segura e confort\u00e1vel. Com a sua generosa face de 8 mm x 4 mm, d\u00e1 um toque org\u00e2nico e encantador num piercing em concha, l\u00f3bulo ou h\u00e9lice. Ser\u00e1 do agrado dos clientes que procuram um visual elevado e \u00fanico e \u00e9 uma excelente adi\u00e7\u00e3o \u00e0 cole\u00e7\u00e3o de qualquer est\u00fadio profissional.<\/p>","protected":false},"excerpt":{"rendered":"<ul>\n<li>Rosca interna<\/li>\n<li>Material: Tit\u00e2nio de grau de implante F-136<\/li>\n<li>Calibre: 16G<\/li>\n<li>Gema: <span data-sheets-root=\"1\">\u00c1gata musgo<\/span><\/li>\n<li>Tamanho: 8mm x 4mm<\/li>\n<\/ul>","protected":false},"featured_media":22253,"comment_status":"closed","ping_status":"closed","template":"","meta":{"_acf_changed":false},"product_brand":[],"product_cat":[343,340],"product_tag":[187,188,209,189,205,206,190,183,184,207],"class_list":{"0":"post-22252","1":"product","2":"type-product","3":"status-publish","4":"has-post-thumbnail","6":"product_cat-tops-titanium-jewelry","7":"product_cat-titanium-jewelry","8":"product_tag-conch","9":"product_tag-ear","10":"product_tag-faux-rook","11":"product_tag-helix","12":"product_tag-lobe","13":"product_tag-lobulo","14":"product_tag-oreja","15":"product_tag-perforacion","16":"product_tag-piercing","17":"product_tag-tragus","19":"first","20":"instock","21":"taxable","22":"shipping-taxable","23":"purchasable","24":"product-type-simple"},"acf":[],"gallery_images":[27398,27399],"_links":{"self":[{"href":"https:\/\/tremunpiercing.com\/pt\/wp-json\/wp\/v2\/product\/22252","targetHints":{"allow":["GET"]}}],"collection":[{"href":"https:\/\/tremunpiercing.com\/pt\/wp-json\/wp\/v2\/product"}],"about":[{"href":"https:\/\/tremunpiercing.com\/pt\/wp-json\/wp\/v2\/types\/product"}],"replies":[{"embeddable":true,"href":"https:\/\/tremunpiercing.com\/pt\/wp-json\/wp\/v2\/comments?post=22252"}],"version-history":[{"count":1,"href":"https:\/\/tremunpiercing.com\/pt\/wp-json\/wp\/v2\/product\/22252\/revisions"}],"predecessor-version":[{"id":27400,"href":"https:\/\/tremunpiercing.com\/pt\/wp-json\/wp\/v2\/product\/22252\/revisions\/27400"}],"wp:featuredmedia":[{"embeddable":true,"href":"https:\/\/tremunpiercing.com\/pt\/wp-json\/wp\/v2\/media\/22253"}],"wp:attachment":[{"href":"https:\/\/tremunpiercing.com\/pt\/wp-json\/wp\/v2\/media?parent=22252"}],"wp:term":[{"taxonomy":"product_brand","embeddable":true,"href":"https:\/\/tremunpiercing.com\/pt\/wp-json\/wp\/v2\/product_brand?post=22252"},{"taxonomy":"product_cat","embeddable":true,"href":"https:\/\/tremunpiercing.com\/pt\/wp-json\/wp\/v2\/product_cat?post=22252"},{"taxonomy":"product_tag","embeddable":true,"href":"https:\/\/tremunpiercing.com\/pt\/wp-json\/wp\/v2\/product_tag?post=22252"}],"curies":[{"name":"wp","href":"https:\/\/api.w.org\/{rel}","templated":true}]}}