{"id":22548,"date":"2025-10-03T21:27:01","date_gmt":"2025-10-03T20:27:01","guid":{"rendered":"https:\/\/tremunpiercing.com\/?post_type=product&#038;p=22548"},"modified":"2026-04-10T22:54:06","modified_gmt":"2026-04-10T21:54:06","slug":"crimson-heart","status":"publish","type":"product","link":"https:\/\/tremunpiercing.com\/pt\/product\/crimson-heart\/","title":{"rendered":"Cora\u00e7\u00e3o Carmesim"},"content":{"rendered":"<p>O Crimson Heart \u00e9 um top de tit\u00e2nio rom\u00e2ntico mas arrojado que expressa a individualidade. Fabricado em tit\u00e2nio para implantes (F-136), o cora\u00e7\u00e3o tem uma rosca interna de 16G, o que acrescenta conforto e seguran\u00e7a quando usado diariamente. O design do cora\u00e7\u00e3o \u00e9 um adorno arrojado e apaixonado para a sua orelha ou piercing plano que sabemos que ser\u00e1 um favorito entre os seus clientes que adoram j\u00f3ias de afirma\u00e7\u00e3o. Este artigo \u00e9 \u00f3timo para est\u00fadios de piercing e\/ou fornecedores que querem moda com beleza duradoura.<\/p>","protected":false},"excerpt":{"rendered":"<ul>\n<li>Rosca interna<\/li>\n<li>Material: Tit\u00e2nio de grau de implante F-136<\/li>\n<li>Calibre: 16G<\/li>\n<li>Tamanho: 6mm x 7mm<\/li>\n<\/ul>","protected":false},"featured_media":22584,"comment_status":"closed","ping_status":"closed","template":"","meta":{"_acf_changed":false},"product_brand":[],"product_cat":[340,343],"product_tag":[187,188,209,189,205,206,190,183,184,207],"class_list":{"0":"post-22548","1":"product","2":"type-product","3":"status-publish","4":"has-post-thumbnail","6":"product_cat-titanium-jewelry","7":"product_cat-tops-titanium-jewelry","8":"product_tag-conch","9":"product_tag-ear","10":"product_tag-faux-rook","11":"product_tag-helix","12":"product_tag-lobe","13":"product_tag-lobulo","14":"product_tag-oreja","15":"product_tag-perforacion","16":"product_tag-piercing","17":"product_tag-tragus","19":"first","20":"instock","21":"taxable","22":"shipping-taxable","23":"purchasable","24":"product-type-simple"},"acf":[],"gallery_images":[27325,27324],"_links":{"self":[{"href":"https:\/\/tremunpiercing.com\/pt\/wp-json\/wp\/v2\/product\/22548","targetHints":{"allow":["GET"]}}],"collection":[{"href":"https:\/\/tremunpiercing.com\/pt\/wp-json\/wp\/v2\/product"}],"about":[{"href":"https:\/\/tremunpiercing.com\/pt\/wp-json\/wp\/v2\/types\/product"}],"replies":[{"embeddable":true,"href":"https:\/\/tremunpiercing.com\/pt\/wp-json\/wp\/v2\/comments?post=22548"}],"version-history":[{"count":1,"href":"https:\/\/tremunpiercing.com\/pt\/wp-json\/wp\/v2\/product\/22548\/revisions"}],"predecessor-version":[{"id":27326,"href":"https:\/\/tremunpiercing.com\/pt\/wp-json\/wp\/v2\/product\/22548\/revisions\/27326"}],"wp:featuredmedia":[{"embeddable":true,"href":"https:\/\/tremunpiercing.com\/pt\/wp-json\/wp\/v2\/media\/22584"}],"wp:attachment":[{"href":"https:\/\/tremunpiercing.com\/pt\/wp-json\/wp\/v2\/media?parent=22548"}],"wp:term":[{"taxonomy":"product_brand","embeddable":true,"href":"https:\/\/tremunpiercing.com\/pt\/wp-json\/wp\/v2\/product_brand?post=22548"},{"taxonomy":"product_cat","embeddable":true,"href":"https:\/\/tremunpiercing.com\/pt\/wp-json\/wp\/v2\/product_cat?post=22548"},{"taxonomy":"product_tag","embeddable":true,"href":"https:\/\/tremunpiercing.com\/pt\/wp-json\/wp\/v2\/product_tag?post=22548"}],"curies":[{"name":"wp","href":"https:\/\/api.w.org\/{rel}","templated":true}]}}