{"id":22558,"date":"2025-10-03T21:33:56","date_gmt":"2025-10-03T20:33:56","guid":{"rendered":"https:\/\/tremunpiercing.com\/?post_type=product&#038;p=22558"},"modified":"2026-04-15T15:30:31","modified_gmt":"2026-04-15T14:30:31","slug":"crystal-web","status":"publish","type":"product","link":"https:\/\/tremunpiercing.com\/pt\/product\/crystal-web\/","title":{"rendered":"Crystal Web"},"content":{"rendered":"<p>O Crystal Web une a arte e o artesanato num item extraordin\u00e1rio. Este top de tit\u00e2nio 16G com rosca interna tem um design et\u00e9reo de teia de aranha com uma pedra central de zirc\u00f3nia c\u00fabica brilhante que refracta a luz de forma maravilhosa. Feita de tit\u00e2nio para implantes F-136, a joia pode ser usada com seguran\u00e7a em todos os tipos de pele e \u00e9 apropriada para piercings em h\u00e9lice, concha ou tragus. A Crystal Web foi concebida para est\u00fadios de piercing e retalhistas que pretendem j\u00f3ias exclusivas e \u00fanicas de alta qualidade. Crystal Web traz eleg\u00e2ncia com um toque g\u00f3tico.<\/p>","protected":false},"excerpt":{"rendered":"<ul>\n<li>Rosca interna<\/li>\n<li>Material: Tit\u00e2nio de grau de implante F-136<\/li>\n<li>Calibre: 16G<\/li>\n<li>Gema: Zirc\u00f3nia c\u00fabica<\/li>\n<li>Tamanho: 5,3 mm x 8,4 mm<\/li>\n<\/ul>","protected":false},"featured_media":22588,"comment_status":"closed","ping_status":"closed","template":"","meta":{"_acf_changed":false},"product_brand":[],"product_cat":[340,343],"product_tag":[187,188,209,189,205,206,190,183,184,207],"class_list":{"0":"post-22558","1":"product","2":"type-product","3":"status-publish","4":"has-post-thumbnail","6":"product_cat-titanium-jewelry","7":"product_cat-tops-titanium-jewelry","8":"product_tag-conch","9":"product_tag-ear","10":"product_tag-faux-rook","11":"product_tag-helix","12":"product_tag-lobe","13":"product_tag-lobulo","14":"product_tag-oreja","15":"product_tag-perforacion","16":"product_tag-piercing","17":"product_tag-tragus","19":"first","20":"instock","21":"taxable","22":"shipping-taxable","23":"purchasable","24":"product-type-simple"},"acf":[],"gallery_images":[27307,27308],"_links":{"self":[{"href":"https:\/\/tremunpiercing.com\/pt\/wp-json\/wp\/v2\/product\/22558","targetHints":{"allow":["GET"]}}],"collection":[{"href":"https:\/\/tremunpiercing.com\/pt\/wp-json\/wp\/v2\/product"}],"about":[{"href":"https:\/\/tremunpiercing.com\/pt\/wp-json\/wp\/v2\/types\/product"}],"replies":[{"embeddable":true,"href":"https:\/\/tremunpiercing.com\/pt\/wp-json\/wp\/v2\/comments?post=22558"}],"version-history":[{"count":1,"href":"https:\/\/tremunpiercing.com\/pt\/wp-json\/wp\/v2\/product\/22558\/revisions"}],"predecessor-version":[{"id":27310,"href":"https:\/\/tremunpiercing.com\/pt\/wp-json\/wp\/v2\/product\/22558\/revisions\/27310"}],"wp:featuredmedia":[{"embeddable":true,"href":"https:\/\/tremunpiercing.com\/pt\/wp-json\/wp\/v2\/media\/22588"}],"wp:attachment":[{"href":"https:\/\/tremunpiercing.com\/pt\/wp-json\/wp\/v2\/media?parent=22558"}],"wp:term":[{"taxonomy":"product_brand","embeddable":true,"href":"https:\/\/tremunpiercing.com\/pt\/wp-json\/wp\/v2\/product_brand?post=22558"},{"taxonomy":"product_cat","embeddable":true,"href":"https:\/\/tremunpiercing.com\/pt\/wp-json\/wp\/v2\/product_cat?post=22558"},{"taxonomy":"product_tag","embeddable":true,"href":"https:\/\/tremunpiercing.com\/pt\/wp-json\/wp\/v2\/product_tag?post=22558"}],"curies":[{"name":"wp","href":"https:\/\/api.w.org\/{rel}","templated":true}]}}