{"id":22564,"date":"2025-10-03T21:59:08","date_gmt":"2025-10-03T20:59:08","guid":{"rendered":"https:\/\/tremunpiercing.com\/?post_type=product&#038;p=22564"},"modified":"2026-04-15T15:30:31","modified_gmt":"2026-04-15T14:30:31","slug":"shadow-web","status":"publish","type":"product","link":"https:\/\/tremunpiercing.com\/pt\/product\/shadow-web\/","title":{"rendered":"Web de sombras"},"content":{"rendered":"<p>O Shadow Web \u00e9 um artigo requintado para todos os aficionados do g\u00f3tico com um toque moderno! Fabricado em tit\u00e2nio F-136 para implantes, este topo 16G com rosca interna apresenta um intrincado desenho de teia de aranha com um centro de zirc\u00f3nio c\u00fabico cintilante. O conforto e a durabilidade s\u00e3o garantidos com o material muito leve que manter\u00e1 o seu brilho durante o uso di\u00e1rio para qualquer piercing de cartilagem, concha ou h\u00e9lice. Este item \u00e9 perfeito para o artista profissional de piercing ou para a loja que deseja oferecer uma pe\u00e7a de afirma\u00e7\u00e3o premium ao seu invent\u00e1rio de j\u00f3ias. Shadow Web \u00e9 aquele equil\u00edbrio delicioso de mist\u00e9rio e refinamento.<\/p>","protected":false},"excerpt":{"rendered":"<ul>\n<li>Rosca interna<\/li>\n<li>Material: Tit\u00e2nio de grau de implante F-136<\/li>\n<li>Calibre: 16G<\/li>\n<li>Gema: Zirc\u00f3nia c\u00fabica<\/li>\n<li>Tamanho: 8,5 mm<\/li>\n<\/ul>","protected":false},"featured_media":22620,"comment_status":"closed","ping_status":"closed","template":"","meta":{"_acf_changed":false},"product_brand":[],"product_cat":[340,343],"product_tag":[187,188,209,189,205,206,190,183,184,207],"class_list":{"0":"post-22564","1":"product","2":"type-product","3":"status-publish","4":"has-post-thumbnail","6":"product_cat-titanium-jewelry","7":"product_cat-tops-titanium-jewelry","8":"product_tag-conch","9":"product_tag-ear","10":"product_tag-faux-rook","11":"product_tag-helix","12":"product_tag-lobe","13":"product_tag-lobulo","14":"product_tag-oreja","15":"product_tag-perforacion","16":"product_tag-piercing","17":"product_tag-tragus","19":"first","20":"instock","21":"taxable","22":"shipping-taxable","23":"purchasable","24":"product-type-simple"},"acf":[],"gallery_images":[27296,27297],"_links":{"self":[{"href":"https:\/\/tremunpiercing.com\/pt\/wp-json\/wp\/v2\/product\/22564","targetHints":{"allow":["GET"]}}],"collection":[{"href":"https:\/\/tremunpiercing.com\/pt\/wp-json\/wp\/v2\/product"}],"about":[{"href":"https:\/\/tremunpiercing.com\/pt\/wp-json\/wp\/v2\/types\/product"}],"replies":[{"embeddable":true,"href":"https:\/\/tremunpiercing.com\/pt\/wp-json\/wp\/v2\/comments?post=22564"}],"version-history":[{"count":2,"href":"https:\/\/tremunpiercing.com\/pt\/wp-json\/wp\/v2\/product\/22564\/revisions"}],"predecessor-version":[{"id":27300,"href":"https:\/\/tremunpiercing.com\/pt\/wp-json\/wp\/v2\/product\/22564\/revisions\/27300"}],"wp:featuredmedia":[{"embeddable":true,"href":"https:\/\/tremunpiercing.com\/pt\/wp-json\/wp\/v2\/media\/22620"}],"wp:attachment":[{"href":"https:\/\/tremunpiercing.com\/pt\/wp-json\/wp\/v2\/media?parent=22564"}],"wp:term":[{"taxonomy":"product_brand","embeddable":true,"href":"https:\/\/tremunpiercing.com\/pt\/wp-json\/wp\/v2\/product_brand?post=22564"},{"taxonomy":"product_cat","embeddable":true,"href":"https:\/\/tremunpiercing.com\/pt\/wp-json\/wp\/v2\/product_cat?post=22564"},{"taxonomy":"product_tag","embeddable":true,"href":"https:\/\/tremunpiercing.com\/pt\/wp-json\/wp\/v2\/product_tag?post=22564"}],"curies":[{"name":"wp","href":"https:\/\/api.w.org\/{rel}","templated":true}]}}