{"id":22568,"date":"2025-10-03T22:02:58","date_gmt":"2025-10-03T21:02:58","guid":{"rendered":"https:\/\/tremunpiercing.com\/?post_type=product&#038;p=22568"},"modified":"2026-04-07T11:40:57","modified_gmt":"2026-04-07T10:40:57","slug":"coffin-red-garnet","status":"publish","type":"product","link":"https:\/\/tremunpiercing.com\/pt\/product\/coffin-red-garnet\/","title":{"rendered":"Caix\u00e3o - Red Garnet"},"content":{"rendered":"<p>O Coffin - Red Garnet infunde um design g\u00f3tico com um elemento de vibra\u00e7\u00e3o. Esta pe\u00e7a \u00e9 fabricada em tit\u00e2nio de grau de implante F-136 e inclui uma granada vermelha profunda de 3 mm x 6 mm cortada em forma de caix\u00e3o, com rosca interna para o maior conforto e seguran\u00e7a de utiliza\u00e7\u00e3o. Uma \u00f3ptima op\u00e7\u00e3o para piercings na orelha, na h\u00e9lice ou nos l\u00e1bios, combina facilmente a est\u00e9tica escura e a aten\u00e7\u00e3o aos detalhes do trabalho artesanal.<\/p>\n<p>Concebida especificamente para piercers, a base de tit\u00e2nio s\u00f3lido permite durabilidade, polimento duradouro e nenhuma corros\u00e3o, tornando-a uma \u00f3ptima op\u00e7\u00e3o para os interessados em j\u00f3ias g\u00f3ticas de alta qualidade num est\u00fadio profissional. Uma pe\u00e7a arrojada e art\u00edstica.<\/p>","protected":false},"excerpt":{"rendered":"<ul>\n<li>Rosca interna<\/li>\n<li>Material: Tit\u00e2nio de grau de implante F-136<\/li>\n<li>Calibre: 16G<\/li>\n<li>Gema: Granada vermelha<\/li>\n<li>Tamanho: 3mm x 6mm<\/li>\n<\/ul>","protected":false},"featured_media":22591,"comment_status":"closed","ping_status":"closed","template":"","meta":{"_acf_changed":false},"product_brand":[],"product_cat":[340,343],"product_tag":[187,179,180,188,209,189,210,211,212,190,183,184,207],"class_list":{"0":"post-22568","1":"product","2":"type-product","3":"status-publish","4":"has-post-thumbnail","6":"product_cat-titanium-jewelry","7":"product_cat-tops-titanium-jewelry","8":"product_tag-conch","9":"product_tag-cristal","10":"product_tag-cz","11":"product_tag-ear","12":"product_tag-faux-rook","13":"product_tag-helix","14":"product_tag-labret","15":"product_tag-lip","16":"product_tag-medusa","17":"product_tag-oreja","18":"product_tag-perforacion","19":"product_tag-piercing","20":"product_tag-tragus","22":"first","23":"instock","24":"taxable","25":"shipping-taxable","26":"purchasable","27":"product-type-simple"},"acf":[],"gallery_images":[27314,27315],"_links":{"self":[{"href":"https:\/\/tremunpiercing.com\/pt\/wp-json\/wp\/v2\/product\/22568","targetHints":{"allow":["GET"]}}],"collection":[{"href":"https:\/\/tremunpiercing.com\/pt\/wp-json\/wp\/v2\/product"}],"about":[{"href":"https:\/\/tremunpiercing.com\/pt\/wp-json\/wp\/v2\/types\/product"}],"replies":[{"embeddable":true,"href":"https:\/\/tremunpiercing.com\/pt\/wp-json\/wp\/v2\/comments?post=22568"}],"version-history":[{"count":1,"href":"https:\/\/tremunpiercing.com\/pt\/wp-json\/wp\/v2\/product\/22568\/revisions"}],"predecessor-version":[{"id":27316,"href":"https:\/\/tremunpiercing.com\/pt\/wp-json\/wp\/v2\/product\/22568\/revisions\/27316"}],"wp:featuredmedia":[{"embeddable":true,"href":"https:\/\/tremunpiercing.com\/pt\/wp-json\/wp\/v2\/media\/22591"}],"wp:attachment":[{"href":"https:\/\/tremunpiercing.com\/pt\/wp-json\/wp\/v2\/media?parent=22568"}],"wp:term":[{"taxonomy":"product_brand","embeddable":true,"href":"https:\/\/tremunpiercing.com\/pt\/wp-json\/wp\/v2\/product_brand?post=22568"},{"taxonomy":"product_cat","embeddable":true,"href":"https:\/\/tremunpiercing.com\/pt\/wp-json\/wp\/v2\/product_cat?post=22568"},{"taxonomy":"product_tag","embeddable":true,"href":"https:\/\/tremunpiercing.com\/pt\/wp-json\/wp\/v2\/product_tag?post=22568"}],"curies":[{"name":"wp","href":"https:\/\/api.w.org\/{rel}","templated":true}]}}