{"id":22578,"date":"2025-10-03T22:16:19","date_gmt":"2025-10-03T21:16:19","guid":{"rendered":"https:\/\/tremunpiercing.com\/?post_type=product&#038;p=22578"},"modified":"2026-04-01T16:29:32","modified_gmt":"2026-04-01T15:29:32","slug":"plague-mask","status":"publish","type":"product","link":"https:\/\/tremunpiercing.com\/pt\/product\/plague-mask\/","title":{"rendered":"M\u00e1scara da peste"},"content":{"rendered":"<p>O design de The Plague Mask \u00e9 uma pe\u00e7a de piercing moderna com um estilo g\u00f3tico arrojado. Feita de tit\u00e2nio F-136 de grau de implante, a joia com rosca interna tem um elegante acento de zirc\u00f3nio c\u00fabico preto que lhe d\u00e1 um brilho sedutor. Com inspira\u00e7\u00e3o na m\u00e1scara hist\u00f3rica de um m\u00e9dico da peste, esta pe\u00e7a \u00e9 \u00f3ptima para clientes que procuram j\u00f3ias \u00fanicas e apelativas.<\/p>\n<p>A joia \u00e9 adequada para piercings na orelha, h\u00e9lice e labret e oferece um design arrojado mas biocompat\u00edvel. Sendo uma pe\u00e7a de design para uso profissional, \u00e9 polida com durabilidade para um acabamento corrosivo e polida para criar um aspeto dram\u00e1tico duradouro.<\/p>","protected":false},"excerpt":{"rendered":"<ul>\n<li>Rosca interna<\/li>\n<li>Material: Tit\u00e2nio de grau de implante F-136<\/li>\n<li>Calibre: 16G<\/li>\n<li>Gema: Zirc\u00f3nia c\u00fabica preta<\/li>\n<li>Tamanho: 6mm x 9mm<\/li>\n<\/ul>","protected":false},"featured_media":22718,"comment_status":"closed","ping_status":"closed","template":"","meta":{"_acf_changed":false},"product_brand":[],"product_cat":[340,343],"product_tag":[187,188,209,189,205,206,190,183,184,207],"class_list":{"0":"post-22578","1":"product","2":"type-product","3":"status-publish","4":"has-post-thumbnail","6":"product_cat-titanium-jewelry","7":"product_cat-tops-titanium-jewelry","8":"product_tag-conch","9":"product_tag-ear","10":"product_tag-faux-rook","11":"product_tag-helix","12":"product_tag-lobe","13":"product_tag-lobulo","14":"product_tag-oreja","15":"product_tag-perforacion","16":"product_tag-piercing","17":"product_tag-tragus","19":"first","20":"instock","21":"taxable","22":"shipping-taxable","23":"purchasable","24":"product-type-simple"},"acf":[],"gallery_images":[27294,27293],"_links":{"self":[{"href":"https:\/\/tremunpiercing.com\/pt\/wp-json\/wp\/v2\/product\/22578","targetHints":{"allow":["GET"]}}],"collection":[{"href":"https:\/\/tremunpiercing.com\/pt\/wp-json\/wp\/v2\/product"}],"about":[{"href":"https:\/\/tremunpiercing.com\/pt\/wp-json\/wp\/v2\/types\/product"}],"replies":[{"embeddable":true,"href":"https:\/\/tremunpiercing.com\/pt\/wp-json\/wp\/v2\/comments?post=22578"}],"version-history":[{"count":1,"href":"https:\/\/tremunpiercing.com\/pt\/wp-json\/wp\/v2\/product\/22578\/revisions"}],"predecessor-version":[{"id":27295,"href":"https:\/\/tremunpiercing.com\/pt\/wp-json\/wp\/v2\/product\/22578\/revisions\/27295"}],"wp:featuredmedia":[{"embeddable":true,"href":"https:\/\/tremunpiercing.com\/pt\/wp-json\/wp\/v2\/media\/22718"}],"wp:attachment":[{"href":"https:\/\/tremunpiercing.com\/pt\/wp-json\/wp\/v2\/media?parent=22578"}],"wp:term":[{"taxonomy":"product_brand","embeddable":true,"href":"https:\/\/tremunpiercing.com\/pt\/wp-json\/wp\/v2\/product_brand?post=22578"},{"taxonomy":"product_cat","embeddable":true,"href":"https:\/\/tremunpiercing.com\/pt\/wp-json\/wp\/v2\/product_cat?post=22578"},{"taxonomy":"product_tag","embeddable":true,"href":"https:\/\/tremunpiercing.com\/pt\/wp-json\/wp\/v2\/product_tag?post=22578"}],"curies":[{"name":"wp","href":"https:\/\/api.w.org\/{rel}","templated":true}]}}