{"id":22687,"date":"2025-10-06T21:13:54","date_gmt":"2025-10-06T20:13:54","guid":{"rendered":"https:\/\/tremunpiercing.com\/?post_type=product&#038;p=22687"},"modified":"2026-03-17T14:10:22","modified_gmt":"2026-03-17T13:10:22","slug":"kitty-amethyst-cz","status":"publish","type":"product","link":"https:\/\/tremunpiercing.com\/pt\/product\/kitty-amethyst-cz\/","title":{"rendered":"Gatinho - Ametista CZ"},"content":{"rendered":"<p>O Kitty Amethyst CZ acrescenta um toque majestoso de p\u00farpura a qualquer piercing e \u00e9 fabricado em tit\u00e2nio de grau de implante F-136 seguro, leve, altamente classificado e hipoalerg\u00e9nico. A montagem com rosca interna facilita a inser\u00e7\u00e3o e mant\u00e9m-se no s\u00edtio - perfeito para piercings na cartilagem, no nariz ou nos l\u00e1bios. A pedra brilhante em zirc\u00f3nio c\u00fabico de ametista \u00e9 um toque perfeitamente ador\u00e1vel para os clientes. O Kitty-Amethyst CZ destina-se a profissionais que pretendem uma pe\u00e7a elegante sem perder a precis\u00e3o do design. O estilo de luxo \u00e9 feito para ser usado todos os dias.<\/p>","protected":false},"excerpt":{"rendered":"<ul>\n<li>Rosca interna<\/li>\n<li>Material: Tit\u00e2nio de grau de implante F-136<\/li>\n<li>Calibre: 16G<\/li>\n<li>Gema: Zirc\u00f3nia c\u00fabica<\/li>\n<li>Tamanho: 3,3 mm x 5,7 mm<\/li>\n<\/ul>","protected":false},"featured_media":23018,"comment_status":"closed","ping_status":"closed","template":"","meta":{"_acf_changed":false},"product_brand":[],"product_cat":[340,343],"product_tag":[187,179,180,188,209,189,210,211,212,199,190,183,213,184,214,185,207],"class_list":{"0":"post-22687","1":"product","2":"type-product","3":"status-publish","4":"has-post-thumbnail","6":"product_cat-titanium-jewelry","7":"product_cat-tops-titanium-jewelry","8":"product_tag-conch","9":"product_tag-cristal","10":"product_tag-cz","11":"product_tag-ear","12":"product_tag-faux-rook","13":"product_tag-helix","14":"product_tag-labret","15":"product_tag-lip","16":"product_tag-medusa","17":"product_tag-nostril","18":"product_tag-oreja","19":"product_tag-perforacion","20":"product_tag-philtrum","21":"product_tag-piercing","22":"product_tag-rook","23":"product_tag-shiny","24":"product_tag-tragus","26":"first","27":"instock","28":"taxable","29":"shipping-taxable","30":"purchasable","31":"product-type-simple"},"acf":[],"gallery_images":[27264,27263],"_links":{"self":[{"href":"https:\/\/tremunpiercing.com\/pt\/wp-json\/wp\/v2\/product\/22687","targetHints":{"allow":["GET"]}}],"collection":[{"href":"https:\/\/tremunpiercing.com\/pt\/wp-json\/wp\/v2\/product"}],"about":[{"href":"https:\/\/tremunpiercing.com\/pt\/wp-json\/wp\/v2\/types\/product"}],"replies":[{"embeddable":true,"href":"https:\/\/tremunpiercing.com\/pt\/wp-json\/wp\/v2\/comments?post=22687"}],"version-history":[{"count":1,"href":"https:\/\/tremunpiercing.com\/pt\/wp-json\/wp\/v2\/product\/22687\/revisions"}],"predecessor-version":[{"id":27265,"href":"https:\/\/tremunpiercing.com\/pt\/wp-json\/wp\/v2\/product\/22687\/revisions\/27265"}],"wp:featuredmedia":[{"embeddable":true,"href":"https:\/\/tremunpiercing.com\/pt\/wp-json\/wp\/v2\/media\/23018"}],"wp:attachment":[{"href":"https:\/\/tremunpiercing.com\/pt\/wp-json\/wp\/v2\/media?parent=22687"}],"wp:term":[{"taxonomy":"product_brand","embeddable":true,"href":"https:\/\/tremunpiercing.com\/pt\/wp-json\/wp\/v2\/product_brand?post=22687"},{"taxonomy":"product_cat","embeddable":true,"href":"https:\/\/tremunpiercing.com\/pt\/wp-json\/wp\/v2\/product_cat?post=22687"},{"taxonomy":"product_tag","embeddable":true,"href":"https:\/\/tremunpiercing.com\/pt\/wp-json\/wp\/v2\/product_tag?post=22687"}],"curies":[{"name":"wp","href":"https:\/\/api.w.org\/{rel}","templated":true}]}}