{"id":22704,"date":"2025-10-06T21:26:43","date_gmt":"2025-10-06T20:26:43","guid":{"rendered":"https:\/\/tremunpiercing.com\/?post_type=product&#038;p=22704"},"modified":"2026-04-02T21:18:51","modified_gmt":"2026-04-02T20:18:51","slug":"stacy-white-moonstone","status":"publish","type":"product","link":"https:\/\/tremunpiercing.com\/pt\/product\/stacy-white-moonstone\/","title":{"rendered":"Stacy - Pedra da Lua Branca"},"content":{"rendered":"<p>D\u00ea um toque de beleza celestial com a ponta Stacy - White Moonstone. Com um caboch\u00e3o de pedra da lua branca genu\u00edna, a Stacy \u00e9 deslumbrante com uma base leitosa suave e uma bela adularesc\u00eancia azul que parece brilhar a partir do seu interior. Fabricada em tit\u00e2nio F136 de grau de implante, inclui uma rosca interna 16G segura.<\/p>\n<p>A sua qualidade et\u00e9rea e suave faz com que seja uma \u00f3ptima escolha para anatomia como piercings nas narinas, onde pode oferecer um brilho discreto, ou piercings nos dentes, onde a sua energia m\u00edstica \u00e9 normalmente apreciada. Com as qualidades tranquilas e lunares da pedra, esta ter\u00e1 sempre um car\u00e1cter intemporal. Se quiser dar ao seu est\u00fadio um pouco de glamour subtil e m\u00e1gico, n\u00e3o procure mais do que a Stacy - White Moonstone.<\/p>","protected":false},"excerpt":{"rendered":"<ul>\n<li>Rosca interna<\/li>\n<li>Material: Tit\u00e2nio de grau de implante F-136<\/li>\n<li>Calibre: 16G<\/li>\n<li>Gema: <span data-sheets-root=\"1\">Pedra da lua branca<\/span><\/li>\n<li>Tamanho: 3,1 mm x 5,4 mm<\/li>\n<\/ul>","protected":false},"featured_media":23024,"comment_status":"closed","ping_status":"closed","template":"","meta":{"_acf_changed":false},"product_brand":[],"product_cat":[340,343],"product_tag":[187,179,180,188,209,189,210,211,212,199,190,183,213,184,214,185,207],"class_list":{"0":"post-22704","1":"product","2":"type-product","3":"status-publish","4":"has-post-thumbnail","6":"product_cat-titanium-jewelry","7":"product_cat-tops-titanium-jewelry","8":"product_tag-conch","9":"product_tag-cristal","10":"product_tag-cz","11":"product_tag-ear","12":"product_tag-faux-rook","13":"product_tag-helix","14":"product_tag-labret","15":"product_tag-lip","16":"product_tag-medusa","17":"product_tag-nostril","18":"product_tag-oreja","19":"product_tag-perforacion","20":"product_tag-philtrum","21":"product_tag-piercing","22":"product_tag-rook","23":"product_tag-shiny","24":"product_tag-tragus","26":"first","27":"instock","28":"taxable","29":"shipping-taxable","30":"purchasable","31":"product-type-simple"},"acf":[],"gallery_images":[27246,27245],"_links":{"self":[{"href":"https:\/\/tremunpiercing.com\/pt\/wp-json\/wp\/v2\/product\/22704","targetHints":{"allow":["GET"]}}],"collection":[{"href":"https:\/\/tremunpiercing.com\/pt\/wp-json\/wp\/v2\/product"}],"about":[{"href":"https:\/\/tremunpiercing.com\/pt\/wp-json\/wp\/v2\/types\/product"}],"replies":[{"embeddable":true,"href":"https:\/\/tremunpiercing.com\/pt\/wp-json\/wp\/v2\/comments?post=22704"}],"version-history":[{"count":1,"href":"https:\/\/tremunpiercing.com\/pt\/wp-json\/wp\/v2\/product\/22704\/revisions"}],"predecessor-version":[{"id":27247,"href":"https:\/\/tremunpiercing.com\/pt\/wp-json\/wp\/v2\/product\/22704\/revisions\/27247"}],"wp:featuredmedia":[{"embeddable":true,"href":"https:\/\/tremunpiercing.com\/pt\/wp-json\/wp\/v2\/media\/23024"}],"wp:attachment":[{"href":"https:\/\/tremunpiercing.com\/pt\/wp-json\/wp\/v2\/media?parent=22704"}],"wp:term":[{"taxonomy":"product_brand","embeddable":true,"href":"https:\/\/tremunpiercing.com\/pt\/wp-json\/wp\/v2\/product_brand?post=22704"},{"taxonomy":"product_cat","embeddable":true,"href":"https:\/\/tremunpiercing.com\/pt\/wp-json\/wp\/v2\/product_cat?post=22704"},{"taxonomy":"product_tag","embeddable":true,"href":"https:\/\/tremunpiercing.com\/pt\/wp-json\/wp\/v2\/product_tag?post=22704"}],"curies":[{"name":"wp","href":"https:\/\/api.w.org\/{rel}","templated":true}]}}