{"id":22730,"date":"2025-10-06T21:53:06","date_gmt":"2025-10-06T20:53:06","guid":{"rendered":"https:\/\/tremunpiercing.com\/?post_type=product&#038;p=22730"},"modified":"2026-04-18T22:16:27","modified_gmt":"2026-04-18T21:16:27","slug":"moon-scepter-ruby","status":"publish","type":"product","link":"https:\/\/tremunpiercing.com\/pt\/product\/moon-scepter-ruby\/","title":{"rendered":"Cetro da Lua - Rubi"},"content":{"rendered":"<p>Fa\u00e7a uma declara\u00e7\u00e3o com o Moon Scepter-Ruby, um design apelativo para piercings corporais \u00fanicos. Cont\u00e9m uma barra com rosca interna. O design do Moon Scepter \u00e9 constru\u00eddo em tit\u00e2nio F136 de grau de implante com uma lua crescente exagerada que segura um conjunto de zirc\u00f3nias c\u00fabicas vermelhas - ambas ricas em cor e impacto.<\/p>\n<p>Com 6 mm x 15 mm, esta silhueta apelativa foi criada para uma visibilidade m\u00e1xima. Esta pe\u00e7a \u00e9 perfeita para piercings industriais para tirar o m\u00e1ximo partido do comprimento, ou destacar-se-\u00e1 como pe\u00e7a de sobrancelha. O rico rubi CZ ganha vida, captando a luz de todos os \u00e2ngulos. Armazene o Moon Scepter e permita que os seus clientes apresentem visuais arrojados e extensos, combinando fantasia e qualidade profissional.<\/p>","protected":false},"excerpt":{"rendered":"<ul>\n<li>Rosca interna<\/li>\n<li>Material: Tit\u00e2nio de grau de implante F-136<\/li>\n<li>Gema: Zirc\u00f3nia c\u00fabica<\/li>\n<li>Calibre: 16G<\/li>\n<li>Tamanho: 6mm x 15mm<\/li>\n<\/ul>","protected":false},"featured_media":22731,"comment_status":"closed","ping_status":"closed","template":"","meta":{"_acf_changed":false},"product_brand":[],"product_cat":[340,343],"product_tag":[187,188,189,205,206,212,190,183,213,184,207],"class_list":{"0":"post-22730","1":"product","2":"type-product","3":"status-publish","4":"has-post-thumbnail","6":"product_cat-titanium-jewelry","7":"product_cat-tops-titanium-jewelry","8":"product_tag-conch","9":"product_tag-ear","10":"product_tag-helix","11":"product_tag-lobe","12":"product_tag-lobulo","13":"product_tag-medusa","14":"product_tag-oreja","15":"product_tag-perforacion","16":"product_tag-philtrum","17":"product_tag-piercing","18":"product_tag-tragus","20":"first","21":"instock","22":"taxable","23":"shipping-taxable","24":"purchasable","25":"product-type-simple"},"acf":[],"gallery_images":[27225,27224],"_links":{"self":[{"href":"https:\/\/tremunpiercing.com\/pt\/wp-json\/wp\/v2\/product\/22730","targetHints":{"allow":["GET"]}}],"collection":[{"href":"https:\/\/tremunpiercing.com\/pt\/wp-json\/wp\/v2\/product"}],"about":[{"href":"https:\/\/tremunpiercing.com\/pt\/wp-json\/wp\/v2\/types\/product"}],"replies":[{"embeddable":true,"href":"https:\/\/tremunpiercing.com\/pt\/wp-json\/wp\/v2\/comments?post=22730"}],"version-history":[{"count":1,"href":"https:\/\/tremunpiercing.com\/pt\/wp-json\/wp\/v2\/product\/22730\/revisions"}],"predecessor-version":[{"id":27226,"href":"https:\/\/tremunpiercing.com\/pt\/wp-json\/wp\/v2\/product\/22730\/revisions\/27226"}],"wp:featuredmedia":[{"embeddable":true,"href":"https:\/\/tremunpiercing.com\/pt\/wp-json\/wp\/v2\/media\/22731"}],"wp:attachment":[{"href":"https:\/\/tremunpiercing.com\/pt\/wp-json\/wp\/v2\/media?parent=22730"}],"wp:term":[{"taxonomy":"product_brand","embeddable":true,"href":"https:\/\/tremunpiercing.com\/pt\/wp-json\/wp\/v2\/product_brand?post=22730"},{"taxonomy":"product_cat","embeddable":true,"href":"https:\/\/tremunpiercing.com\/pt\/wp-json\/wp\/v2\/product_cat?post=22730"},{"taxonomy":"product_tag","embeddable":true,"href":"https:\/\/tremunpiercing.com\/pt\/wp-json\/wp\/v2\/product_tag?post=22730"}],"curies":[{"name":"wp","href":"https:\/\/api.w.org\/{rel}","templated":true}]}}