{"id":22788,"date":"2025-10-07T22:57:35","date_gmt":"2025-10-07T21:57:35","guid":{"rendered":"https:\/\/tremunpiercing.com\/?post_type=product&#038;p=22788"},"modified":"2026-04-20T17:28:21","modified_gmt":"2026-04-20T16:28:21","slug":"crown-spike-moss-agate","status":"publish","type":"product","link":"https:\/\/tremunpiercing.com\/pt\/product\/crown-spike-moss-agate\/","title":{"rendered":"Espig\u00e3o da Coroa - \u00c1gata Musgo"},"content":{"rendered":"<p>O pino Crown Spike Moss Agate reflecte uma eleg\u00e2ncia confiante e uma beleza terra a terra. Constru\u00eddo \u00e0 m\u00e3o em tit\u00e2nio F-136 para implantes, apresenta uma pedra preciosa natural Moss Agate, que apresenta padr\u00f5es verdes org\u00e2nicos e \u00e9 apreciada pela sua energia de liga\u00e7\u00e3o \u00e0 terra. A configura\u00e7\u00e3o em forma de coroa d\u00e1 um toque de realismo, enquanto o pormenor do espig\u00e3o confere \u00e0 pe\u00e7a um toque moderno e art\u00edstico.<\/p>\n<p>Dispon\u00edvel em 16G-14G para acomodar qualquer pessoa com piercings de estilo preferido e um car\u00e1cter amante de declara\u00e7\u00f5es, exemplifica uma abordagem art\u00edstica de um brinco de pino elegante. Tal como acontece com todas as j\u00f3ias Pierce, \u00e9 roscado internamente para facilitar a utiliza\u00e7\u00e3o e funcionalmente s\u00e9rio em termos de conforto e seguran\u00e7a. Esta pe\u00e7a combina a natureza crua com a beleza acabada e \u00e9 \u00f3ptima para juntar um visual distinto e inigual\u00e1vel de j\u00f3ias elevadas.<\/p>","protected":false},"excerpt":{"rendered":"<ul>\n<li>Rosca interna<\/li>\n<li>Material: Tit\u00e2nio de grau de implante F-136<\/li>\n<li>Gema: <span data-sheets-root=\"1\">\u00c1gata musgo<\/span><\/li>\n<li>Calibre: 16G - 14G<\/li>\n<li>Tamanho: 4 mm x 4 mm<\/li>\n<\/ul>","protected":false},"featured_media":23004,"comment_status":"closed","ping_status":"closed","template":"","meta":{"_acf_changed":false},"product_brand":[],"product_cat":[340,343],"product_tag":[187,188,189,205,206,212,190,183,213,184,207],"class_list":{"0":"post-22788","1":"product","2":"type-product","3":"status-publish","4":"has-post-thumbnail","6":"product_cat-titanium-jewelry","7":"product_cat-tops-titanium-jewelry","8":"product_tag-conch","9":"product_tag-ear","10":"product_tag-helix","11":"product_tag-lobe","12":"product_tag-lobulo","13":"product_tag-medusa","14":"product_tag-oreja","15":"product_tag-perforacion","16":"product_tag-philtrum","17":"product_tag-piercing","18":"product_tag-tragus","20":"first","21":"instock","22":"taxable","23":"shipping-taxable","24":"purchasable","25":"product-type-variable"},"acf":[],"gallery_images":[27217,27218],"_links":{"self":[{"href":"https:\/\/tremunpiercing.com\/pt\/wp-json\/wp\/v2\/product\/22788","targetHints":{"allow":["GET"]}}],"collection":[{"href":"https:\/\/tremunpiercing.com\/pt\/wp-json\/wp\/v2\/product"}],"about":[{"href":"https:\/\/tremunpiercing.com\/pt\/wp-json\/wp\/v2\/types\/product"}],"replies":[{"embeddable":true,"href":"https:\/\/tremunpiercing.com\/pt\/wp-json\/wp\/v2\/comments?post=22788"}],"version-history":[{"count":1,"href":"https:\/\/tremunpiercing.com\/pt\/wp-json\/wp\/v2\/product\/22788\/revisions"}],"predecessor-version":[{"id":27219,"href":"https:\/\/tremunpiercing.com\/pt\/wp-json\/wp\/v2\/product\/22788\/revisions\/27219"}],"wp:featuredmedia":[{"embeddable":true,"href":"https:\/\/tremunpiercing.com\/pt\/wp-json\/wp\/v2\/media\/23004"}],"wp:attachment":[{"href":"https:\/\/tremunpiercing.com\/pt\/wp-json\/wp\/v2\/media?parent=22788"}],"wp:term":[{"taxonomy":"product_brand","embeddable":true,"href":"https:\/\/tremunpiercing.com\/pt\/wp-json\/wp\/v2\/product_brand?post=22788"},{"taxonomy":"product_cat","embeddable":true,"href":"https:\/\/tremunpiercing.com\/pt\/wp-json\/wp\/v2\/product_cat?post=22788"},{"taxonomy":"product_tag","embeddable":true,"href":"https:\/\/tremunpiercing.com\/pt\/wp-json\/wp\/v2\/product_tag?post=22788"}],"curies":[{"name":"wp","href":"https:\/\/api.w.org\/{rel}","templated":true}]}}