{"id":22917,"date":"2025-10-10T18:33:32","date_gmt":"2025-10-10T17:33:32","guid":{"rendered":"https:\/\/tremunpiercing.com\/?post_type=product&#038;p=22917"},"modified":"2026-03-16T12:10:57","modified_gmt":"2026-03-16T11:10:57","slug":"reiko-champagne","status":"publish","type":"product","link":"https:\/\/tremunpiercing.com\/pt\/product\/reiko-champagne\/","title":{"rendered":"Reiko - Champanhe"},"content":{"rendered":"<p>Caloroso e elegante, o anel Reiko Champagne Clicker \u00e9 o exemplo m\u00e1ximo de classe. Fabricado em tit\u00e2nio F-136 de alta qualidade, este modelo de 8 mm e 16G apresenta uma suave gema de zirc\u00f3nia c\u00fabica de cor champanhe que brilha com luz dourada. O design do clicker torna-o f\u00e1cil de usar para uma inser\u00e7\u00e3o f\u00e1cil e mant\u00e9m-se seguro em qualquer piercing, tornando-o o acess\u00f3rio perfeito para um piercing no septo, h\u00e9lice ou daith.<\/p>\n<p>O tom neutro do Champagne CZ torna-o um favorito do dia a dia que combina maravilhosamente com ouro ou rosa, tornando-o uma op\u00e7\u00e3o vers\u00e1til. Com a sua forma elegante mas duradoura, o Reiko Champagne acrescenta um toque de luxo a qualquer piercing e um conforto que dura todo o dia.<\/p>","protected":false},"excerpt":{"rendered":"<ul>\n<li>Anel de clique<\/li>\n<li>Material: Tit\u00e2nio de grau de implante F-136<\/li>\n<li>Di\u00e2metro: 8mm<\/li>\n<li>Calibre: 16G<\/li>\n<li>Gema: Zirc\u00f3nia c\u00fabica<\/li>\n<\/ul>","protected":false},"featured_media":22918,"comment_status":"closed","ping_status":"closed","template":"","meta":{"_acf_changed":false},"product_brand":[],"product_cat":[341,340],"product_tag":[192,193,202,179,180,194,188,189,195,196,226,190,183,184,197,198],"class_list":{"0":"post-22917","1":"product","2":"type-product","3":"status-publish","4":"has-post-thumbnail","6":"product_cat-rings-titanium-jewelry","7":"product_cat-titanium-jewelry","8":"product_tag-anillo","9":"product_tag-argolla","10":"product_tag-clicker","11":"product_tag-cristal","12":"product_tag-cz","13":"product_tag-daith","14":"product_tag-ear","15":"product_tag-helix","16":"product_tag-hinged-ring","17":"product_tag-nariz","18":"product_tag-opal","19":"product_tag-oreja","20":"product_tag-perforacion","21":"product_tag-piercing","22":"product_tag-ring","23":"product_tag-septum","25":"first","26":"instock","27":"taxable","28":"shipping-taxable","29":"purchasable","30":"product-type-simple"},"acf":[],"gallery_images":[27165,27166],"_links":{"self":[{"href":"https:\/\/tremunpiercing.com\/pt\/wp-json\/wp\/v2\/product\/22917","targetHints":{"allow":["GET"]}}],"collection":[{"href":"https:\/\/tremunpiercing.com\/pt\/wp-json\/wp\/v2\/product"}],"about":[{"href":"https:\/\/tremunpiercing.com\/pt\/wp-json\/wp\/v2\/types\/product"}],"replies":[{"embeddable":true,"href":"https:\/\/tremunpiercing.com\/pt\/wp-json\/wp\/v2\/comments?post=22917"}],"version-history":[{"count":1,"href":"https:\/\/tremunpiercing.com\/pt\/wp-json\/wp\/v2\/product\/22917\/revisions"}],"predecessor-version":[{"id":27167,"href":"https:\/\/tremunpiercing.com\/pt\/wp-json\/wp\/v2\/product\/22917\/revisions\/27167"}],"wp:featuredmedia":[{"embeddable":true,"href":"https:\/\/tremunpiercing.com\/pt\/wp-json\/wp\/v2\/media\/22918"}],"wp:attachment":[{"href":"https:\/\/tremunpiercing.com\/pt\/wp-json\/wp\/v2\/media?parent=22917"}],"wp:term":[{"taxonomy":"product_brand","embeddable":true,"href":"https:\/\/tremunpiercing.com\/pt\/wp-json\/wp\/v2\/product_brand?post=22917"},{"taxonomy":"product_cat","embeddable":true,"href":"https:\/\/tremunpiercing.com\/pt\/wp-json\/wp\/v2\/product_cat?post=22917"},{"taxonomy":"product_tag","embeddable":true,"href":"https:\/\/tremunpiercing.com\/pt\/wp-json\/wp\/v2\/product_tag?post=22917"}],"curies":[{"name":"wp","href":"https:\/\/api.w.org\/{rel}","templated":true}]}}