{"id":23038,"date":"2025-10-10T23:15:27","date_gmt":"2025-10-10T22:15:27","guid":{"rendered":"https:\/\/tremunpiercing.com\/?post_type=product&#038;p=23038"},"modified":"2026-03-31T00:29:57","modified_gmt":"2026-03-30T23:29:57","slug":"natalie-champagne-cz","status":"publish","type":"product","link":"https:\/\/tremunpiercing.com\/pt\/product\/natalie-champagne-cz\/","title":{"rendered":"Natalie - Champanhe CZ"},"content":{"rendered":"<p>Subtil, quente e irresistivelmente refinada - Natalie Champagne CZ acrescenta um luxo discreto \u00e0 sua cole\u00e7\u00e3o de j\u00f3ias para piercings. A suave tonalidade dourada da zirc\u00f3nia c\u00fabica brilha suavemente com uma sofistica\u00e7\u00e3o que \u00e9 bonita em qualquer tom de pele. Fabricada em tit\u00e2nio F-136 para implantes, esta joia para piercings \u00e9 extremamente forte, leve, hipoalerg\u00e9nica e confort\u00e1vel.<\/p>\n<p>O design com rosca interna facilita o ajuste e a fixa\u00e7\u00e3o no lugar, raz\u00e3o pela qual os profissionais adoram utiliz\u00e1-lo! Pode us\u00e1-lo de forma formal para eventos especiais ou para uma afirma\u00e7\u00e3o quotidiana. A Natalie Champagne acrescenta um acabamento intemporal aos seus piercings. Combine-a com quaisquer pe\u00e7as de ouro e\/ou outras j\u00f3ias de prata contrastantes para criar um visual luxuoso sem esfor\u00e7o.<\/p>","protected":false},"excerpt":{"rendered":"<ul>\n<li>Rosca interna<\/li>\n<li>Material: Tit\u00e2nio de grau de implante F-136<\/li>\n<li>Gema: Zirc\u00f3nia c\u00fabica<\/li>\n<li>Calibre: 16G<\/li>\n<\/ul>","protected":false},"featured_media":23039,"comment_status":"closed","ping_status":"closed","template":"","meta":{"_acf_changed":false},"product_brand":[],"product_cat":[340,343],"product_tag":[187,188,189,205,206,212,190,183,213,184,207],"class_list":{"0":"post-23038","1":"product","2":"type-product","3":"status-publish","4":"has-post-thumbnail","6":"product_cat-titanium-jewelry","7":"product_cat-tops-titanium-jewelry","8":"product_tag-conch","9":"product_tag-ear","10":"product_tag-helix","11":"product_tag-lobe","12":"product_tag-lobulo","13":"product_tag-medusa","14":"product_tag-oreja","15":"product_tag-perforacion","16":"product_tag-philtrum","17":"product_tag-piercing","18":"product_tag-tragus","20":"first","21":"instock","22":"taxable","23":"shipping-taxable","24":"purchasable","25":"product-type-simple"},"acf":[],"gallery_images":[27115,27116],"_links":{"self":[{"href":"https:\/\/tremunpiercing.com\/pt\/wp-json\/wp\/v2\/product\/23038","targetHints":{"allow":["GET"]}}],"collection":[{"href":"https:\/\/tremunpiercing.com\/pt\/wp-json\/wp\/v2\/product"}],"about":[{"href":"https:\/\/tremunpiercing.com\/pt\/wp-json\/wp\/v2\/types\/product"}],"replies":[{"embeddable":true,"href":"https:\/\/tremunpiercing.com\/pt\/wp-json\/wp\/v2\/comments?post=23038"}],"version-history":[{"count":1,"href":"https:\/\/tremunpiercing.com\/pt\/wp-json\/wp\/v2\/product\/23038\/revisions"}],"predecessor-version":[{"id":27117,"href":"https:\/\/tremunpiercing.com\/pt\/wp-json\/wp\/v2\/product\/23038\/revisions\/27117"}],"wp:featuredmedia":[{"embeddable":true,"href":"https:\/\/tremunpiercing.com\/pt\/wp-json\/wp\/v2\/media\/23039"}],"wp:attachment":[{"href":"https:\/\/tremunpiercing.com\/pt\/wp-json\/wp\/v2\/media?parent=23038"}],"wp:term":[{"taxonomy":"product_brand","embeddable":true,"href":"https:\/\/tremunpiercing.com\/pt\/wp-json\/wp\/v2\/product_brand?post=23038"},{"taxonomy":"product_cat","embeddable":true,"href":"https:\/\/tremunpiercing.com\/pt\/wp-json\/wp\/v2\/product_cat?post=23038"},{"taxonomy":"product_tag","embeddable":true,"href":"https:\/\/tremunpiercing.com\/pt\/wp-json\/wp\/v2\/product_tag?post=23038"}],"curies":[{"name":"wp","href":"https:\/\/api.w.org\/{rel}","templated":true}]}}