{"id":23135,"date":"2025-10-14T19:10:09","date_gmt":"2025-10-14T18:10:09","guid":{"rendered":"https:\/\/tremunpiercing.com\/?post_type=product&#038;p=23135"},"modified":"2026-03-24T17:57:51","modified_gmt":"2026-03-24T16:57:51","slug":"bowie-and-dick-test-package","status":"publish","type":"product","link":"https:\/\/tremunpiercing.com\/pt\/product\/bowie-and-dick-test-package\/","title":{"rendered":"Pacote de teste Bowie e Dick"},"content":{"rendered":"<p data-start=\"0\" data-end=\"257\">Os pacotes de teste da Bowie &amp; Dick permitem verificar a remo\u00e7\u00e3o correta do ar da c\u00e2mara de esteriliza\u00e7\u00e3o e a penetra\u00e7\u00e3o completa do vapor em cargas porosas.<\/p>\n<p data-start=\"0\" data-end=\"257\"><br data-start=\"163\" data-end=\"166\" \/>O teste Bowie &amp; Dick simula o desempenho do dispositivo e avalia especificamente:<\/p>\n<ul data-start=\"259\" data-end=\"450\" data-is-last-node=\"\" data-is-only-node=\"\">\n<li data-start=\"259\" data-end=\"361\">\n<p data-start=\"261\" data-end=\"361\">A efic\u00e1cia do ciclo de pr\u00e9-v\u00e1cuo e, por conseguinte, a penetra\u00e7\u00e3o do vapor no interior das cavidades;<\/p>\n<\/li>\n<li data-start=\"362\" data-end=\"450\" data-is-last-node=\"\">\n<p data-start=\"364\" data-end=\"450\" data-is-last-node=\"\">Os valores de temperatura e press\u00e3o do vapor saturado durante a fase de esteriliza\u00e7\u00e3o.<\/p>\n<\/li>\n<\/ul>\n<p><strong data-start=\"0\" data-end=\"22\" data-is-only-node=\"\">Carater\u00edsticas t\u00e9cnicas<\/strong><\/p>\n<p><br data-start=\"22\" data-end=\"25\" \/>Embalagem exterior: caixa de cart\u00e3o com um indicador de processo para ciclos de vapor.<\/p>\n<p><br data-start=\"98\" data-end=\"101\" \/>No interior, o ma\u00e7o \u00e9 constitu\u00eddo por duas camadas filtrantes de celulose, com um cart\u00e3o de teste que cont\u00e9m o indicador Bowie &amp; Dick colocado no centro.<\/p>\n<p><br data-start=\"246\" data-end=\"249\" \/>O indicador n\u00e3o liberta tinta, uma vez que \u00e9 revestido por uma pel\u00edcula de pl\u00e1stico.<\/p>\n<p><br data-start=\"321\" data-end=\"324\" \/>A embalagem do pacote EC.STEAM 98 S garante uma compacta\u00e7\u00e3o consistente do feixe interno, permitindo a permea\u00e7\u00e3o adequada do vapor atrav\u00e9s dos poros do pr\u00f3prio papel, em vez de atrav\u00e9s de poss\u00edveis lacunas que poderiam se formar entre as folhas individuais.<\/p>\n<p><br data-start=\"572\" data-end=\"575\" \/>Todos os materiais utilizados na embalagem s\u00e3o adequados para uso m\u00e9dico.<\/p>\n<p><br data-start=\"635\" data-end=\"638\" \/>A embalagem est\u00e1 equipada externamente com um indicador de processo que fica cinzento\/preto ap\u00f3s o processamento, permitindo uma f\u00e1cil identifica\u00e7\u00e3o entre embalagens processadas e n\u00e3o processadas.<\/p>","protected":false},"excerpt":{"rendered":"<ul>\n<li data-start=\"72\" data-end=\"102\">\n<p data-start=\"74\" data-end=\"102\"><strong data-start=\"74\" data-end=\"100\">Teste de penetra\u00e7\u00e3o de vapor<\/strong><\/p>\n<\/li>\n<li data-start=\"103\" data-end=\"134\">\n<p data-start=\"105\" data-end=\"134\"><strong data-start=\"105\" data-end=\"132\">Verifica\u00e7\u00e3o pr\u00e9-v\u00e1cuo<\/strong><\/p>\n<\/li>\n<li data-start=\"135\" data-end=\"165\">\n<p data-start=\"137\" data-end=\"165\"><strong data-start=\"137\" data-end=\"163\">Cart\u00e3o de c\u00f3digo de processo<\/strong><\/p>\n<\/li>\n<li data-start=\"166\" data-end=\"197\">\n<p data-start=\"168\" data-end=\"197\"><strong data-start=\"168\" data-end=\"195\">Materiais de grau m\u00e9dico<\/strong><\/p>\n<\/li>\n<li data-start=\"198\" data-end=\"234\">\n<p data-start=\"200\" data-end=\"234\"><strong data-start=\"200\" data-end=\"232\">Embalagem compacta consistente<\/strong><\/p>\n<\/li>\n<li data-start=\"235\" data-end=\"267\" data-is-last-node=\"\">\n<p data-start=\"237\" data-end=\"267\" data-is-last-node=\"\"><strong data-start=\"237\" data-end=\"267\" data-is-last-node=\"\">F\u00e1cil identifica\u00e7\u00e3o de resultados<\/strong><\/p>\n<\/li>\n<\/ul>","protected":false},"featured_media":23136,"comment_status":"closed","ping_status":"closed","template":"","meta":{"_acf_changed":false},"product_brand":[],"product_cat":[376],"product_tag":[192,193,202,179,180,194,188,189,195,196,226,190,183,184,197,198],"class_list":{"0":"post-23135","1":"product","2":"type-product","3":"status-publish","4":"has-post-thumbnail","6":"product_cat-medical-supplies","7":"product_tag-anillo","8":"product_tag-argolla","9":"product_tag-clicker","10":"product_tag-cristal","11":"product_tag-cz","12":"product_tag-daith","13":"product_tag-ear","14":"product_tag-helix","15":"product_tag-hinged-ring","16":"product_tag-nariz","17":"product_tag-opal","18":"product_tag-oreja","19":"product_tag-perforacion","20":"product_tag-piercing","21":"product_tag-ring","22":"product_tag-septum","24":"first","25":"instock","26":"taxable","27":"shipping-taxable","28":"purchasable","29":"product-type-simple"},"acf":[],"gallery_images":[],"_links":{"self":[{"href":"https:\/\/tremunpiercing.com\/pt\/wp-json\/wp\/v2\/product\/23135","targetHints":{"allow":["GET"]}}],"collection":[{"href":"https:\/\/tremunpiercing.com\/pt\/wp-json\/wp\/v2\/product"}],"about":[{"href":"https:\/\/tremunpiercing.com\/pt\/wp-json\/wp\/v2\/types\/product"}],"replies":[{"embeddable":true,"href":"https:\/\/tremunpiercing.com\/pt\/wp-json\/wp\/v2\/comments?post=23135"}],"version-history":[{"count":0,"href":"https:\/\/tremunpiercing.com\/pt\/wp-json\/wp\/v2\/product\/23135\/revisions"}],"wp:featuredmedia":[{"embeddable":true,"href":"https:\/\/tremunpiercing.com\/pt\/wp-json\/wp\/v2\/media\/23136"}],"wp:attachment":[{"href":"https:\/\/tremunpiercing.com\/pt\/wp-json\/wp\/v2\/media?parent=23135"}],"wp:term":[{"taxonomy":"product_brand","embeddable":true,"href":"https:\/\/tremunpiercing.com\/pt\/wp-json\/wp\/v2\/product_brand?post=23135"},{"taxonomy":"product_cat","embeddable":true,"href":"https:\/\/tremunpiercing.com\/pt\/wp-json\/wp\/v2\/product_cat?post=23135"},{"taxonomy":"product_tag","embeddable":true,"href":"https:\/\/tremunpiercing.com\/pt\/wp-json\/wp\/v2\/product_tag?post=23135"}],"curies":[{"name":"wp","href":"https:\/\/api.w.org\/{rel}","templated":true}]}}