{"id":23362,"date":"2025-10-21T19:35:56","date_gmt":"2025-10-21T18:35:56","guid":{"rendered":"https:\/\/tremunpiercing.com\/?post_type=product&#038;p=23362"},"modified":"2026-04-16T14:19:01","modified_gmt":"2026-04-16T13:19:01","slug":"ellie-amethyst","status":"publish","type":"product","link":"https:\/\/tremunpiercing.com\/pt\/product\/ellie-amethyst\/","title":{"rendered":"Ellie Ametista"},"content":{"rendered":"<p>O Ellie Amethyst \u00e9 uma exibi\u00e7\u00e3o cl\u00e1ssica de luxo - com um corpo em ouro amarelo de 14k que envolve uma ametista violeta profunda como pe\u00e7a central. Perfeitamente adequada para profissionais que apreciam uma eleg\u00e2ncia subtil, esta pe\u00e7a com rosca interna 14G \u00e9 uma op\u00e7\u00e3o dur\u00e1vel e confort\u00e1vel para o uso di\u00e1rio. A luxuosa superf\u00edcie dourada permite que a luz natural da ametista brilhe enquanto infunde alguma cor e estilo em qualquer piercing.<\/p>\n<p>A Ellie Amethyst funciona bem em qualquer piercing no umbigo, mamilo ou industrial, enquanto a sua rosca segura insere-se facilmente e proporciona uma solu\u00e7\u00e3o segura e adequada. A Ellie Amethyst combina um artesanato luxuoso com uma sofistica\u00e7\u00e3o discreta - proporcionando aos seus clientes uma pe\u00e7a \u00fanica para discutir com os amigos. Esta pe\u00e7a de joalharia n\u00e3o s\u00f3 atrai os est\u00fadios de piercing de topo de gama, como tamb\u00e9m os retalhistas de joalharia de topo de gama que querem oferecer algo especial aos seus clientes.<\/p>","protected":false},"excerpt":{"rendered":"<ul>\n<li>Rosca interna<\/li>\n<li>Calibre: 14G<\/li>\n<li>Material: Ouro amarelo 14k<\/li>\n<li>Gema: Ametista<\/li>\n<\/ul>","protected":false},"featured_media":23363,"comment_status":"closed","ping_status":"closed","template":"","meta":{"_acf_changed":false},"product_brand":[],"product_cat":[400,337,463],"product_tag":[187,188,189,205,206,190,183,184,207],"class_list":{"0":"post-23362","1":"product","2":"type-product","3":"status-publish","4":"has-post-thumbnail","6":"product_cat-tremun","7":"product_cat-gold-jewelry","8":"product_cat-tops-gold-tremun","9":"product_tag-conch","10":"product_tag-ear","11":"product_tag-helix","12":"product_tag-lobe","13":"product_tag-lobulo","14":"product_tag-oreja","15":"product_tag-perforacion","16":"product_tag-piercing","17":"product_tag-tragus","19":"first","20":"instock","21":"taxable","22":"shipping-taxable","23":"purchasable","24":"product-type-simple"},"acf":[],"gallery_images":[29199,29198],"_links":{"self":[{"href":"https:\/\/tremunpiercing.com\/pt\/wp-json\/wp\/v2\/product\/23362","targetHints":{"allow":["GET"]}}],"collection":[{"href":"https:\/\/tremunpiercing.com\/pt\/wp-json\/wp\/v2\/product"}],"about":[{"href":"https:\/\/tremunpiercing.com\/pt\/wp-json\/wp\/v2\/types\/product"}],"replies":[{"embeddable":true,"href":"https:\/\/tremunpiercing.com\/pt\/wp-json\/wp\/v2\/comments?post=23362"}],"version-history":[{"count":1,"href":"https:\/\/tremunpiercing.com\/pt\/wp-json\/wp\/v2\/product\/23362\/revisions"}],"predecessor-version":[{"id":29200,"href":"https:\/\/tremunpiercing.com\/pt\/wp-json\/wp\/v2\/product\/23362\/revisions\/29200"}],"wp:featuredmedia":[{"embeddable":true,"href":"https:\/\/tremunpiercing.com\/pt\/wp-json\/wp\/v2\/media\/23363"}],"wp:attachment":[{"href":"https:\/\/tremunpiercing.com\/pt\/wp-json\/wp\/v2\/media?parent=23362"}],"wp:term":[{"taxonomy":"product_brand","embeddable":true,"href":"https:\/\/tremunpiercing.com\/pt\/wp-json\/wp\/v2\/product_brand?post=23362"},{"taxonomy":"product_cat","embeddable":true,"href":"https:\/\/tremunpiercing.com\/pt\/wp-json\/wp\/v2\/product_cat?post=23362"},{"taxonomy":"product_tag","embeddable":true,"href":"https:\/\/tremunpiercing.com\/pt\/wp-json\/wp\/v2\/product_tag?post=23362"}],"curies":[{"name":"wp","href":"https:\/\/api.w.org\/{rel}","templated":true}]}}