{"id":23541,"date":"2025-10-25T15:46:17","date_gmt":"2025-10-25T14:46:17","guid":{"rendered":"https:\/\/tremunpiercing.com\/?post_type=product&#038;p=23541"},"modified":"2026-04-19T10:21:10","modified_gmt":"2026-04-19T09:21:10","slug":"prong-2-0-vibrant-purple-aqua","status":"publish","type":"product","link":"https:\/\/tremunpiercing.com\/pt\/product\/prong-2-0-vibrant-purple-aqua\/","title":{"rendered":"Prong 2.0 - Roxo vibrante - Aqua"},"content":{"rendered":"<p>O Vibrant Purple Prong 2.0 - Aqua \u00e9 um acess\u00f3rio apelativo de dois tons de 5 mm. Fabricado em tit\u00e2nio de grau de implante F-136, este pino de press\u00e3o sem rosca combina criativamente pedras Swarovski Zirconia roxas e aqua na sua est\u00e9tica bicolor. Os Prongs s\u00e3o adequados para piercings cicatrizados na orelha, cartilagem ou narina, com eleg\u00e2ncia e conforto.<\/p>\n<p>As pontas s\u00e3o moldadas para fixar a pedra, garantindo ao mesmo tempo uma cintila\u00e7\u00e3o brilhante. Este design foi criado para piercers profissionais que procuram designs criativos utilizando materiais de alta qualidade. Esta pe\u00e7a adicional far\u00e1 com que as suas ideias de design de piercings se destaquem.<\/p>","protected":false},"excerpt":{"rendered":"<ul>\n<li>Pino de press\u00e3o\/acess\u00f3rio sem rosca<\/li>\n<li>Material: Tit\u00e2nio de grau de implante F-136<\/li>\n<li>Di\u00e2metro: 5mm<\/li>\n<li>Calibre: 25G<\/li>\n<li>Gema: SW - Zirc\u00f3nia Premium<\/li>\n<\/ul>","protected":false},"featured_media":23542,"comment_status":"closed","ping_status":"closed","template":"","meta":{"_acf_changed":false},"product_brand":[],"product_cat":[442,340,343],"product_tag":[192,193,202,179,180,194,188,189,195,196,226,190,183,184,197,198],"class_list":{"0":"post-23541","1":"product","2":"type-product","3":"status-publish","4":"has-post-thumbnail","6":"product_cat-sw","7":"product_cat-titanium-jewelry","8":"product_cat-tops-titanium-jewelry","9":"product_tag-anillo","10":"product_tag-argolla","11":"product_tag-clicker","12":"product_tag-cristal","13":"product_tag-cz","14":"product_tag-daith","15":"product_tag-ear","16":"product_tag-helix","17":"product_tag-hinged-ring","18":"product_tag-nariz","19":"product_tag-opal","20":"product_tag-oreja","21":"product_tag-perforacion","22":"product_tag-piercing","23":"product_tag-ring","24":"product_tag-septum","26":"first","27":"instock","28":"taxable","29":"shipping-taxable","30":"purchasable","31":"product-type-simple"},"acf":[],"gallery_images":[27100,27101],"_links":{"self":[{"href":"https:\/\/tremunpiercing.com\/pt\/wp-json\/wp\/v2\/product\/23541","targetHints":{"allow":["GET"]}}],"collection":[{"href":"https:\/\/tremunpiercing.com\/pt\/wp-json\/wp\/v2\/product"}],"about":[{"href":"https:\/\/tremunpiercing.com\/pt\/wp-json\/wp\/v2\/types\/product"}],"replies":[{"embeddable":true,"href":"https:\/\/tremunpiercing.com\/pt\/wp-json\/wp\/v2\/comments?post=23541"}],"version-history":[{"count":1,"href":"https:\/\/tremunpiercing.com\/pt\/wp-json\/wp\/v2\/product\/23541\/revisions"}],"predecessor-version":[{"id":27102,"href":"https:\/\/tremunpiercing.com\/pt\/wp-json\/wp\/v2\/product\/23541\/revisions\/27102"}],"wp:featuredmedia":[{"embeddable":true,"href":"https:\/\/tremunpiercing.com\/pt\/wp-json\/wp\/v2\/media\/23542"}],"wp:attachment":[{"href":"https:\/\/tremunpiercing.com\/pt\/wp-json\/wp\/v2\/media?parent=23541"}],"wp:term":[{"taxonomy":"product_brand","embeddable":true,"href":"https:\/\/tremunpiercing.com\/pt\/wp-json\/wp\/v2\/product_brand?post=23541"},{"taxonomy":"product_cat","embeddable":true,"href":"https:\/\/tremunpiercing.com\/pt\/wp-json\/wp\/v2\/product_cat?post=23541"},{"taxonomy":"product_tag","embeddable":true,"href":"https:\/\/tremunpiercing.com\/pt\/wp-json\/wp\/v2\/product_tag?post=23541"}],"curies":[{"name":"wp","href":"https:\/\/api.w.org\/{rel}","templated":true}]}}