{"id":23625,"date":"2025-10-27T23:09:04","date_gmt":"2025-10-27T22:09:04","guid":{"rendered":"https:\/\/tremunpiercing.com\/?post_type=product&#038;p=23625"},"modified":"2026-04-19T23:04:00","modified_gmt":"2026-04-19T22:04:00","slug":"labret-2-0-hand-polish","status":"publish","type":"product","link":"https:\/\/tremunpiercing.com\/pt\/product\/labret-2-0-hand-polish\/","title":{"rendered":"Labret 2.0 - Polimento manual"},"content":{"rendered":"<p>O Labret 2.0 em tit\u00e2nio polido \u00e0 m\u00e3o \u00e9 um item meticulosamente constru\u00eddo com foco no conforto, seguran\u00e7a e versatilidade. Fabricado em tit\u00e2nio F-136 de grau de implante, este labret de rosca interna \u00e9 adequado para piercings de l\u00e1bio, tragus, concha e h\u00e9lice. Polimos \u00e0 m\u00e3o cada espig\u00e3o para obter um brilho impec\u00e1vel que minimiza a irrita\u00e7\u00e3o e proporciona uma inser\u00e7\u00e3o suave. O labret est\u00e1 dispon\u00edvel em v\u00e1rios comprimentos (5 mm-8 mm) e 4 mm de espessura de base para se adaptar a diferentes tipos de anatomia.<\/p>\n<p>Os piercers profissionais escolhem este modelo devido \u00e0 fiabilidade da rosca, \u00e0 facilidade de instala\u00e7\u00e3o e \u00e0s importantes qualidades que este modelo oferece. Este espig\u00e3o labret e o material de tit\u00e2nio proporcionam uma qualidade incr\u00edvel para um novo piercing ou, francamente, apenas para uma atualiza\u00e7\u00e3o. Os clientes apreciam a qualidade do desempenho e o acabamento brilhante.<\/p>","protected":false},"excerpt":{"rendered":"<ul>\n<li>Rosca interna<\/li>\n<li>Material: Tit\u00e2nio de grau de implante F-136<\/li>\n<li>Calibre: 16G<\/li>\n<li>Comprimento: 5mm, 6mm, 7mm, 8mm<\/li>\n<li>Di\u00e2metro da base: 4 mm<\/li>\n<\/ul>","protected":false},"featured_media":23601,"comment_status":"closed","ping_status":"closed","template":"","meta":{"_acf_changed":false},"product_brand":[],"product_cat":[340,344],"product_tag":[187,188,189,210,211,205,206,212,190,183,213,184,293,207],"class_list":{"0":"post-23625","1":"product","2":"type-product","3":"status-publish","4":"has-post-thumbnail","6":"product_cat-titanium-jewelry","7":"product_cat-labret-titanium-jeawelry","8":"product_tag-conch","9":"product_tag-ear","10":"product_tag-helix","11":"product_tag-labret","12":"product_tag-lip","13":"product_tag-lobe","14":"product_tag-lobulo","15":"product_tag-medusa","16":"product_tag-oreja","17":"product_tag-perforacion","18":"product_tag-philtrum","19":"product_tag-piercing","20":"product_tag-push-pin","21":"product_tag-tragus","23":"first","24":"instock","25":"taxable","26":"shipping-taxable","27":"purchasable","28":"product-type-variable"},"acf":[],"gallery_images":[23598,23599],"_links":{"self":[{"href":"https:\/\/tremunpiercing.com\/pt\/wp-json\/wp\/v2\/product\/23625","targetHints":{"allow":["GET"]}}],"collection":[{"href":"https:\/\/tremunpiercing.com\/pt\/wp-json\/wp\/v2\/product"}],"about":[{"href":"https:\/\/tremunpiercing.com\/pt\/wp-json\/wp\/v2\/types\/product"}],"replies":[{"embeddable":true,"href":"https:\/\/tremunpiercing.com\/pt\/wp-json\/wp\/v2\/comments?post=23625"}],"version-history":[{"count":0,"href":"https:\/\/tremunpiercing.com\/pt\/wp-json\/wp\/v2\/product\/23625\/revisions"}],"wp:featuredmedia":[{"embeddable":true,"href":"https:\/\/tremunpiercing.com\/pt\/wp-json\/wp\/v2\/media\/23601"}],"wp:attachment":[{"href":"https:\/\/tremunpiercing.com\/pt\/wp-json\/wp\/v2\/media?parent=23625"}],"wp:term":[{"taxonomy":"product_brand","embeddable":true,"href":"https:\/\/tremunpiercing.com\/pt\/wp-json\/wp\/v2\/product_brand?post=23625"},{"taxonomy":"product_cat","embeddable":true,"href":"https:\/\/tremunpiercing.com\/pt\/wp-json\/wp\/v2\/product_cat?post=23625"},{"taxonomy":"product_tag","embeddable":true,"href":"https:\/\/tremunpiercing.com\/pt\/wp-json\/wp\/v2\/product_tag?post=23625"}],"curies":[{"name":"wp","href":"https:\/\/api.w.org\/{rel}","templated":true}]}}