{"id":26315,"date":"2026-02-19T12:35:08","date_gmt":"2026-02-19T11:35:08","guid":{"rendered":"https:\/\/tremunpiercing.com\/?post_type=product&#038;p=26315"},"modified":"2026-04-22T16:24:04","modified_gmt":"2026-04-22T15:24:04","slug":"lucius-garnet-push-pin","status":"publish","type":"product","link":"https:\/\/tremunpiercing.com\/pt\/product\/lucius-garnet-push-pin\/","title":{"rendered":"Alfinete de press\u00e3o Lucius Garnet"},"content":{"rendered":"<p>O Lucius Garnet \u00e9 um exemplo corajoso e belo de j\u00f3ias perfuradas com rosca interna feitas de ouro amarelo 14k s\u00f3lido. Esta pe\u00e7a de 25G x 6mm apresenta uma pedra preciosa de granada vermelha muito profunda, misturando luxo e seguran\u00e7a profissional num s\u00f3 produto para piercing. O design com pino de press\u00e3o garante uma inser\u00e7\u00e3o f\u00e1cil e a utiliza\u00e7\u00e3o de labrets sem rosca 16G e 14G, consoante a sua prefer\u00eancia ou disponibilidade. Os profissionais de piercing confiam na Lucius, e a Lucius quer apenas o melhor para os seus clientes, e por isso, esta joia \u00e9 perfeita para a sua base de clientes de gama alta que esperam o melhor - j\u00f3ias de luxo, seguras e hipoalerg\u00e9nicas. Pode adicionar o Lucius Garnet ao seu invent\u00e1rio por atacado e oferecer aos seus clientes j\u00f3ias de luxo para piercing corporal de cultura de grau m\u00e9dico, que podem sentir-se completamente confiantes na sua escolha.<\/p>","protected":false},"excerpt":{"rendered":"<ul>\n<li>Sem fios<\/li>\n<li>Material: Ouro amarelo 14k<\/li>\n<li>Gema: Granada<\/li>\n<li>Calibre: 25G<\/li>\n<li>Tamanho: 6mm<\/li>\n<\/ul>","protected":false},"featured_media":14464,"comment_status":"closed","ping_status":"closed","template":"","meta":{"_acf_changed":false},"product_brand":[],"product_cat":[337,451,400],"product_tag":[187,188,189,205,206,212,190,183,213,184,207],"class_list":{"0":"post-26315","1":"product","2":"type-product","3":"status-publish","4":"has-post-thumbnail","6":"product_cat-gold-jewelry","7":"product_cat-roman-collection","8":"product_cat-tremun","9":"product_tag-conch","10":"product_tag-ear","11":"product_tag-helix","12":"product_tag-lobe","13":"product_tag-lobulo","14":"product_tag-medusa","15":"product_tag-oreja","16":"product_tag-perforacion","17":"product_tag-philtrum","18":"product_tag-piercing","19":"product_tag-tragus","21":"first","22":"instock","23":"taxable","24":"shipping-taxable","25":"purchasable","26":"product-type-simple"},"acf":[],"gallery_images":[29186,29187],"_links":{"self":[{"href":"https:\/\/tremunpiercing.com\/pt\/wp-json\/wp\/v2\/product\/26315","targetHints":{"allow":["GET"]}}],"collection":[{"href":"https:\/\/tremunpiercing.com\/pt\/wp-json\/wp\/v2\/product"}],"about":[{"href":"https:\/\/tremunpiercing.com\/pt\/wp-json\/wp\/v2\/types\/product"}],"replies":[{"embeddable":true,"href":"https:\/\/tremunpiercing.com\/pt\/wp-json\/wp\/v2\/comments?post=26315"}],"version-history":[{"count":1,"href":"https:\/\/tremunpiercing.com\/pt\/wp-json\/wp\/v2\/product\/26315\/revisions"}],"predecessor-version":[{"id":29188,"href":"https:\/\/tremunpiercing.com\/pt\/wp-json\/wp\/v2\/product\/26315\/revisions\/29188"}],"wp:featuredmedia":[{"embeddable":true,"href":"https:\/\/tremunpiercing.com\/pt\/wp-json\/wp\/v2\/media\/14464"}],"wp:attachment":[{"href":"https:\/\/tremunpiercing.com\/pt\/wp-json\/wp\/v2\/media?parent=26315"}],"wp:term":[{"taxonomy":"product_brand","embeddable":true,"href":"https:\/\/tremunpiercing.com\/pt\/wp-json\/wp\/v2\/product_brand?post=26315"},{"taxonomy":"product_cat","embeddable":true,"href":"https:\/\/tremunpiercing.com\/pt\/wp-json\/wp\/v2\/product_cat?post=26315"},{"taxonomy":"product_tag","embeddable":true,"href":"https:\/\/tremunpiercing.com\/pt\/wp-json\/wp\/v2\/product_tag?post=26315"}],"curies":[{"name":"wp","href":"https:\/\/api.w.org\/{rel}","templated":true}]}}