{"id":5605,"date":"2023-08-09T17:08:36","date_gmt":"2023-08-09T16:08:36","guid":{"rendered":"https:\/\/tremunpiercing.com\/?post_type=product&#038;p=5605"},"modified":"2026-04-15T13:44:28","modified_gmt":"2026-04-15T12:44:28","slug":"tremun-diamond-push-pin-nostril","status":"publish","type":"product","link":"https:\/\/tremunpiercing.com\/pt\/product\/tremun-diamond-push-pin-nostril\/","title":{"rendered":"Diamante Tremun (Pino de press\u00e3o - Nostril)"},"content":{"rendered":"<p>O pino de press\u00e3o Tremun Diamond \u00e9 uma op\u00e7\u00e3o topo de gama para piercings nas narinas, apresentando um diamante VS1 cintilante num pino s\u00f3lido em ouro amarelo ou branco de 14k ou platina. \u00d3timo para o seu modesto di\u00e2metro de 2 mm, proporciona uma luz suave e um brilho luxuoso, ao mesmo tempo que ostenta padr\u00f5es de qualidade e seguran\u00e7a profissionais. Foi concebida para os labrets de pino de press\u00e3o, pelo que fica bem encostada ao nariz e permite uma inser\u00e7\u00e3o f\u00e1cil e tranquila sem sacrificar o conforto da cliente. A joia \u00e9 hipoalerg\u00e9nica, os materiais s\u00e3o fabricados ou polidos de forma a serem suficientemente suaves para evitar qualquer desconforto, pelo que seria completamente adequada para peles sens\u00edveis devido aos materiais de alta qualidade da joia corporal.<\/p>\n<p>\u00c9 perfeito para est\u00fadios de piercing, lojas de tatuagens e retalho profissional de alta qualidade. Como op\u00e7\u00e3o minimalista, mas de alta qualidade, o pino de press\u00e3o Tremun Diamond \u00e9 adequado para a clientela que deseja simplicidade, mas a seguran\u00e7a de implantes de j\u00f3ias corporais de alta qualidade tamb\u00e9m satisfaria muitos clientes. Para os piercers profissionais, o excelente design do pino de encaixe da haste \u00e9 extraordinariamente repet\u00edvel, mesmo para um piercer principiante, e a durabilidade excecional permite uma utiliza\u00e7\u00e3o est\u00e1vel durante anos.<\/p>\n<p>Os alfinetes de press\u00e3o Tremun Diamond elevam ainda mais o n\u00edvel do portf\u00f3lio dos fornecedores de piercings nos mercados da Europa, EUA e Reino Unido, onde existe uma procura de pormenores de alta qualidade e de j\u00f3ias corporais finas. O seu brilho de diamante e o design preciso do alfinete s\u00e3o agora perfeitos para usar de dia ou de noite, quando se usam j\u00f3ias finas para o corpo.<\/p>","protected":false},"excerpt":{"rendered":"<ul>\n<li>Acess\u00f3rio de pino de press\u00e3o<\/li>\n<li>Compat\u00edvel com os labrets de pino de press\u00e3o<\/li>\n<li>Material: Ouro amarelo 14k ou ouro branco 14k, pino de platina<\/li>\n<li>Gema: Diamante VS1<\/li>\n<li>Di\u00e2metro: 2mm<\/li>\n<\/ul>","protected":false},"featured_media":12539,"comment_status":"closed","ping_status":"closed","template":"","meta":{"_acf_changed":false},"product_brand":[],"product_cat":[337,463,400],"product_tag":[187,188,189,205,206,199,190,183,184,207],"class_list":{"0":"post-5605","1":"product","2":"type-product","3":"status-publish","4":"has-post-thumbnail","6":"product_cat-gold-jewelry","7":"product_cat-tops-gold-tremun","8":"product_cat-tremun","9":"product_tag-conch","10":"product_tag-ear","11":"product_tag-helix","12":"product_tag-lobe","13":"product_tag-lobulo","14":"product_tag-nostril","15":"product_tag-oreja","16":"product_tag-perforacion","17":"product_tag-piercing","18":"product_tag-tragus","20":"first","21":"instock","22":"taxable","23":"shipping-taxable","24":"purchasable","25":"product-type-variable"},"acf":[],"gallery_images":[29725,29724,12529,29723,29722],"_links":{"self":[{"href":"https:\/\/tremunpiercing.com\/pt\/wp-json\/wp\/v2\/product\/5605","targetHints":{"allow":["GET"]}}],"collection":[{"href":"https:\/\/tremunpiercing.com\/pt\/wp-json\/wp\/v2\/product"}],"about":[{"href":"https:\/\/tremunpiercing.com\/pt\/wp-json\/wp\/v2\/types\/product"}],"replies":[{"embeddable":true,"href":"https:\/\/tremunpiercing.com\/pt\/wp-json\/wp\/v2\/comments?post=5605"}],"version-history":[{"count":1,"href":"https:\/\/tremunpiercing.com\/pt\/wp-json\/wp\/v2\/product\/5605\/revisions"}],"predecessor-version":[{"id":29726,"href":"https:\/\/tremunpiercing.com\/pt\/wp-json\/wp\/v2\/product\/5605\/revisions\/29726"}],"wp:featuredmedia":[{"embeddable":true,"href":"https:\/\/tremunpiercing.com\/pt\/wp-json\/wp\/v2\/media\/12539"}],"wp:attachment":[{"href":"https:\/\/tremunpiercing.com\/pt\/wp-json\/wp\/v2\/media?parent=5605"}],"wp:term":[{"taxonomy":"product_brand","embeddable":true,"href":"https:\/\/tremunpiercing.com\/pt\/wp-json\/wp\/v2\/product_brand?post=5605"},{"taxonomy":"product_cat","embeddable":true,"href":"https:\/\/tremunpiercing.com\/pt\/wp-json\/wp\/v2\/product_cat?post=5605"},{"taxonomy":"product_tag","embeddable":true,"href":"https:\/\/tremunpiercing.com\/pt\/wp-json\/wp\/v2\/product_tag?post=5605"}],"curies":[{"name":"wp","href":"https:\/\/api.w.org\/{rel}","templated":true}]}}