{"id":7592,"date":"2022-11-21T19:43:46","date_gmt":"2022-11-21T18:43:46","guid":{"rendered":"https:\/\/tremunpiercing.com\/?post_type=product&#038;p=7592"},"modified":"2025-09-30T13:02:39","modified_gmt":"2025-09-30T12:02:39","slug":"cavicide-surface-disinfectant-700ml","status":"publish","type":"product","link":"https:\/\/tremunpiercing.com\/pt\/product\/cavicide-surface-disinfectant-700ml\/","title":{"rendered":"Cavicide Desinfetante de Superf\u00edcies (700ml)"},"content":{"rendered":"<p>Desinfetante de superf\u00edcies multifuncional pronto a usar, concebido para ser utilizado em superf\u00edcies duras e n\u00e3o porosas de dispositivos m\u00e9dicos n\u00e3o invasivos em cl\u00ednicas dent\u00e1rias, incluindo \u00e1reas de tratamento de doentes e laborat\u00f3rios.<\/p>\n<p><strong>Carater\u00edstica:<\/strong><\/p>\n<ul>\n<li>Efic\u00e1cia cl\u00ednica: Bactericida, Virucida, Fungicida, Tuberculocida e Yeasticida.<\/li>\n<li>Destr\u00f3i a maioria dos agentes patog\u00e9nicos em 3 minutos ou menos.<\/li>\n<li>Rapidez: reduz o risco de contamina\u00e7\u00e3o cruzada.<\/li>\n<li>Produtos prontos a usar, uma vez que n\u00e3o requerem dilui\u00e7\u00e3o ou mistura.<\/li>\n<li>Baixo teor de \u00e1lcool (inferior a 20%) que oferece uma excelente compatibilidade com os materiais.<\/li>\n<li>Eficaz contra o coronav\u00edrus e pode ser utilizado em superf\u00edcies de dispositivos m\u00e9dicos n\u00e3o invasivos.<\/li>\n<li>Aroma neutro.<\/li>\n<\/ul>\n<p><strong>Conte\u00fado: Recipiente de 700ml.<\/strong><\/p>","protected":false},"excerpt":{"rendered":"<p>Desinfetante de superf\u00edcies multifuncional pronto a usar, concebido para ser utilizado em superf\u00edcies duras e n\u00e3o porosas de dispositivos m\u00e9dicos n\u00e3o invasivos em cl\u00ednicas dent\u00e1rias, incluindo \u00e1reas de tratamento de doentes e laborat\u00f3rios.<\/p>\n<p><strong>Carater\u00edstica:<\/strong><\/p>\n<ul>\n<li>Efic\u00e1cia cl\u00ednica: Bactericida, Virucida, Fungicida, Tuberculocida e Yeasticida.<\/li>\n<li>Destr\u00f3i a maioria dos agentes patog\u00e9nicos em 3 minutos ou menos.<\/li>\n<li>Rapidez: reduz o risco de contamina\u00e7\u00e3o cruzada.<\/li>\n<li>Produtos prontos a usar, uma vez que n\u00e3o requerem dilui\u00e7\u00e3o ou mistura.<\/li>\n<li>Baixo teor de \u00e1lcool (inferior a 20%) que oferece uma excelente compatibilidade com os materiais.<\/li>\n<li>Eficaz contra o coronav\u00edrus e pode ser utilizado em superf\u00edcies de dispositivos m\u00e9dicos n\u00e3o invasivos.<\/li>\n<li>Aroma neutro.<\/li>\n<\/ul>","protected":false},"featured_media":7593,"comment_status":"closed","ping_status":"closed","template":"","meta":{"_acf_changed":false},"product_brand":[],"product_cat":[376,328],"product_tag":[279],"class_list":{"0":"post-7592","1":"product","2":"type-product","3":"status-publish","4":"has-post-thumbnail","6":"product_cat-medical-supplies","7":"product_cat-supplies","8":"product_tag-supplies","10":"first","11":"outofstock","12":"taxable","13":"shipping-taxable","14":"purchasable","15":"product-type-simple"},"acf":[],"gallery_images":[],"_links":{"self":[{"href":"https:\/\/tremunpiercing.com\/pt\/wp-json\/wp\/v2\/product\/7592","targetHints":{"allow":["GET"]}}],"collection":[{"href":"https:\/\/tremunpiercing.com\/pt\/wp-json\/wp\/v2\/product"}],"about":[{"href":"https:\/\/tremunpiercing.com\/pt\/wp-json\/wp\/v2\/types\/product"}],"replies":[{"embeddable":true,"href":"https:\/\/tremunpiercing.com\/pt\/wp-json\/wp\/v2\/comments?post=7592"}],"version-history":[{"count":0,"href":"https:\/\/tremunpiercing.com\/pt\/wp-json\/wp\/v2\/product\/7592\/revisions"}],"wp:featuredmedia":[{"embeddable":true,"href":"https:\/\/tremunpiercing.com\/pt\/wp-json\/wp\/v2\/media\/7593"}],"wp:attachment":[{"href":"https:\/\/tremunpiercing.com\/pt\/wp-json\/wp\/v2\/media?parent=7592"}],"wp:term":[{"taxonomy":"product_brand","embeddable":true,"href":"https:\/\/tremunpiercing.com\/pt\/wp-json\/wp\/v2\/product_brand?post=7592"},{"taxonomy":"product_cat","embeddable":true,"href":"https:\/\/tremunpiercing.com\/pt\/wp-json\/wp\/v2\/product_cat?post=7592"},{"taxonomy":"product_tag","embeddable":true,"href":"https:\/\/tremunpiercing.com\/pt\/wp-json\/wp\/v2\/product_tag?post=7592"}],"curies":[{"name":"wp","href":"https:\/\/api.w.org\/{rel}","templated":true}]}}