{"id":7794,"date":"2023-10-12T17:00:59","date_gmt":"2023-10-12T16:00:59","guid":{"rendered":"https:\/\/tremunpiercing.com\/?post_type=product&#038;p=7794"},"modified":"2026-04-01T13:30:26","modified_gmt":"2026-04-01T12:30:26","slug":"tiffany","status":"publish","type":"product","link":"https:\/\/tremunpiercing.com\/pt\/product\/tiffany\/","title":{"rendered":"Tiffany"},"content":{"rendered":"<p>O anel clicker \u201cTiffany\u201d combina materiais de alta qualidade com um brilho refinado - forjado em tit\u00e2nio para implantes F-136, calibre 16G e um di\u00e2metro interno estreito de 8 mm, pode ser usado em v\u00e1rios locais de piercing diferentes: h\u00e9lice, concha, torre, at\u00e9 mesmo septo ou aros de cartilagem bem ajustados. A zirc\u00f3nia c\u00fabica engastada na luneta proporciona a quantidade certa de brilho, mantendo um aspeto limpo e polido. O estilo clicker articulado do anel permite uma f\u00e1cil instala\u00e7\u00e3o e remo\u00e7\u00e3o, um fator importante para os est\u00fadios de piercing que procuram maximizar a velocidade de quaisquer mudan\u00e7as de j\u00f3ias, tanto para os seus estilistas no est\u00fadio como para os seus clientes.<\/p>\n<p>O tit\u00e2nio ASTM F-136, que n\u00e3o cont\u00e9m n\u00edquel e \u00e9 hipoalerg\u00e9nico, proporciona confian\u00e7a para piercings em orelhas ou cartilagens sens\u00edveis. Como grossista ou fabricante, ter este tipo de anel clicker ajud\u00e1-lo-\u00e1 a ser mais competitivo nos mercados da Europa, do Reino Unido ou dos EUA, onde os consumidores procuram materiais de qualidade e designs elegantes. O facto de ter o clicker \u201cTiffany\u201d oferece op\u00e7\u00f5es aos est\u00fadios que procuram uma argola de tit\u00e2nio de alta qualidade com um acabamento polido e um pouco de brilho.<\/p>","protected":false},"excerpt":{"rendered":"<ul>\n<li>Anel de clique<\/li>\n<li>Material: Tit\u00e2nio de grau de implante F-136<\/li>\n<li>Di\u00e2metro: 8mm<\/li>\n<li>Calibre: 16G<\/li>\n<li>Gema: Zirc\u00f3nia c\u00fabica<\/li>\n<\/ul>","protected":false},"featured_media":12777,"comment_status":"closed","ping_status":"closed","template":"","meta":{"_acf_changed":false},"product_brand":[],"product_cat":[341,340],"product_tag":[192,193,202,179,180,194,188,189,195,196,226,190,183,184,197,198],"class_list":{"0":"post-7794","1":"product","2":"type-product","3":"status-publish","4":"has-post-thumbnail","6":"product_cat-rings-titanium-jewelry","7":"product_cat-titanium-jewelry","8":"product_tag-anillo","9":"product_tag-argolla","10":"product_tag-clicker","11":"product_tag-cristal","12":"product_tag-cz","13":"product_tag-daith","14":"product_tag-ear","15":"product_tag-helix","16":"product_tag-hinged-ring","17":"product_tag-nariz","18":"product_tag-opal","19":"product_tag-oreja","20":"product_tag-perforacion","21":"product_tag-piercing","22":"product_tag-ring","23":"product_tag-septum","25":"first","26":"instock","27":"taxable","28":"shipping-taxable","29":"purchasable","30":"product-type-simple"},"acf":[],"gallery_images":[28526,28527],"_links":{"self":[{"href":"https:\/\/tremunpiercing.com\/pt\/wp-json\/wp\/v2\/product\/7794","targetHints":{"allow":["GET"]}}],"collection":[{"href":"https:\/\/tremunpiercing.com\/pt\/wp-json\/wp\/v2\/product"}],"about":[{"href":"https:\/\/tremunpiercing.com\/pt\/wp-json\/wp\/v2\/types\/product"}],"replies":[{"embeddable":true,"href":"https:\/\/tremunpiercing.com\/pt\/wp-json\/wp\/v2\/comments?post=7794"}],"version-history":[{"count":1,"href":"https:\/\/tremunpiercing.com\/pt\/wp-json\/wp\/v2\/product\/7794\/revisions"}],"predecessor-version":[{"id":28528,"href":"https:\/\/tremunpiercing.com\/pt\/wp-json\/wp\/v2\/product\/7794\/revisions\/28528"}],"wp:featuredmedia":[{"embeddable":true,"href":"https:\/\/tremunpiercing.com\/pt\/wp-json\/wp\/v2\/media\/12777"}],"wp:attachment":[{"href":"https:\/\/tremunpiercing.com\/pt\/wp-json\/wp\/v2\/media?parent=7794"}],"wp:term":[{"taxonomy":"product_brand","embeddable":true,"href":"https:\/\/tremunpiercing.com\/pt\/wp-json\/wp\/v2\/product_brand?post=7794"},{"taxonomy":"product_cat","embeddable":true,"href":"https:\/\/tremunpiercing.com\/pt\/wp-json\/wp\/v2\/product_cat?post=7794"},{"taxonomy":"product_tag","embeddable":true,"href":"https:\/\/tremunpiercing.com\/pt\/wp-json\/wp\/v2\/product_tag?post=7794"}],"curies":[{"name":"wp","href":"https:\/\/api.w.org\/{rel}","templated":true}]}}