{"id":8279,"date":"2023-11-17T13:11:20","date_gmt":"2023-11-17T12:11:20","guid":{"rendered":"https:\/\/tremunpiercing.com\/?post_type=product&#038;p=8279"},"modified":"2026-04-15T10:49:22","modified_gmt":"2026-04-15T09:49:22","slug":"viridea","status":"publish","type":"product","link":"https:\/\/tremunpiercing.com\/pt\/product\/viridea\/","title":{"rendered":"Virid\u00e9ia"},"content":{"rendered":"<p>Deixe-se levar pelo glamour discreto com a ponta de fio Viridea, um design de flor delicado e intrincado. Fabricado em ouro amarelo de 14 quilates, este topo apresenta v\u00e1rias p\u00e9talas em torno de um centro SW CZ que brilha, acrescentando realismo e sofistica\u00e7\u00e3o ao design da flor.<\/p>\n<p>Dispon\u00edvel em 7,8 mm e 8,5 mm, esta pe\u00e7a pode funcionar para looks subtis ou arrojados. A base com rosca interna proporciona um ajuste est\u00e1vel e seguro. Este topo foi desenhado para criar um \u201cjardim\u201d em orelhas curvadas, ficando muito bem em piercings de h\u00e9lice, planos ou de l\u00f3bulos. O Viridea tamb\u00e9m apresenta uma op\u00e7\u00e3o ador\u00e1vel e feminina para uma extremidade decorativa numa barra de umbigo. Acrescente um pouco de eterna primavera \u00e0s suas j\u00f3ias.<\/p>","protected":false},"excerpt":{"rendered":"<ul>\n<li>Rosca interna<\/li>\n<li>Material: Ouro amarelo 14k<\/li>\n<li>Gema: SW CZ<\/li>\n<li>Calibre: 14G<\/li>\n<li>Tamanho: 7,8 mm - 8,5 mm<\/li>\n<\/ul>","protected":false},"featured_media":18603,"comment_status":"closed","ping_status":"closed","template":"","meta":{"_acf_changed":false},"product_brand":[],"product_cat":[337,463,400],"product_tag":[187,188,189,205,206,212,190,183,213,184,207],"class_list":{"0":"post-8279","1":"product","2":"type-product","3":"status-publish","4":"has-post-thumbnail","6":"product_cat-gold-jewelry","7":"product_cat-tops-gold-tremun","8":"product_cat-tremun","9":"product_tag-conch","10":"product_tag-ear","11":"product_tag-helix","12":"product_tag-lobe","13":"product_tag-lobulo","14":"product_tag-medusa","15":"product_tag-oreja","16":"product_tag-perforacion","17":"product_tag-philtrum","18":"product_tag-piercing","19":"product_tag-tragus","21":"first","22":"instock","23":"taxable","24":"shipping-taxable","25":"purchasable","26":"product-type-variable"},"acf":[],"gallery_images":[29698,29697],"_links":{"self":[{"href":"https:\/\/tremunpiercing.com\/pt\/wp-json\/wp\/v2\/product\/8279","targetHints":{"allow":["GET"]}}],"collection":[{"href":"https:\/\/tremunpiercing.com\/pt\/wp-json\/wp\/v2\/product"}],"about":[{"href":"https:\/\/tremunpiercing.com\/pt\/wp-json\/wp\/v2\/types\/product"}],"replies":[{"embeddable":true,"href":"https:\/\/tremunpiercing.com\/pt\/wp-json\/wp\/v2\/comments?post=8279"}],"version-history":[{"count":1,"href":"https:\/\/tremunpiercing.com\/pt\/wp-json\/wp\/v2\/product\/8279\/revisions"}],"predecessor-version":[{"id":29699,"href":"https:\/\/tremunpiercing.com\/pt\/wp-json\/wp\/v2\/product\/8279\/revisions\/29699"}],"wp:featuredmedia":[{"embeddable":true,"href":"https:\/\/tremunpiercing.com\/pt\/wp-json\/wp\/v2\/media\/18603"}],"wp:attachment":[{"href":"https:\/\/tremunpiercing.com\/pt\/wp-json\/wp\/v2\/media?parent=8279"}],"wp:term":[{"taxonomy":"product_brand","embeddable":true,"href":"https:\/\/tremunpiercing.com\/pt\/wp-json\/wp\/v2\/product_brand?post=8279"},{"taxonomy":"product_cat","embeddable":true,"href":"https:\/\/tremunpiercing.com\/pt\/wp-json\/wp\/v2\/product_cat?post=8279"},{"taxonomy":"product_tag","embeddable":true,"href":"https:\/\/tremunpiercing.com\/pt\/wp-json\/wp\/v2\/product_tag?post=8279"}],"curies":[{"name":"wp","href":"https:\/\/api.w.org\/{rel}","templated":true}]}}