{"id":8295,"date":"2023-11-17T13:37:47","date_gmt":"2023-11-17T12:37:47","guid":{"rendered":"https:\/\/tremunpiercing.com\/?post_type=product&#038;p=8295"},"modified":"2026-02-25T14:37:47","modified_gmt":"2026-02-25T13:37:47","slug":"marquise-3","status":"publish","type":"product","link":"https:\/\/tremunpiercing.com\/pt\/product\/marquise-3\/","title":{"rendered":"Marquise 3"},"content":{"rendered":"<p>A Marquise 3 threadless end \u00e9 uma pe\u00e7a de afirma\u00e7\u00e3o geom\u00e9trica que \u00e9 simultaneamente arrojada e sofisticada. Feita em luxuoso ouro amarelo de 14k, foi concebida em torno de um SW CZ de corte marquise que \u00e9 elegantemente rodeado por tr\u00eas cristais redondos brilhantes, alargados numa posi\u00e7\u00e3o triangular, proporcionando movimento e interesse visual. Com destaque visual, pode confiar que \u00e9 bem constru\u00eddo com uma base de rosca interna.<\/p>\n<p>A forma arrojada (tamanhos 4mmx5,5mm ou 5mmx7mm) destina-se a fazer uma declara\u00e7\u00e3o. Ir\u00e1 sobressair como um acento num piercing nas narinas, um dram\u00e1tico piercing labial para um Monroe ou Labret, ou um acento ousado num piercing plano ou em concha. Um top para clientes que querem mostrar a sua sofistica\u00e7\u00e3o.<\/p>","protected":false},"excerpt":{"rendered":"<ul>\n<li>Pino sem rosca<\/li>\n<li>Material: Ouro amarelo 14k<\/li>\n<li>Gema: SW CZ<\/li>\n<li>Calibre: 25G pino de press\u00e3o<\/li>\n<li>Tamanho: 4mm x 5,5mm \/ 5mm x 7mm<\/li>\n<\/ul>","protected":false},"featured_media":12556,"comment_status":"closed","ping_status":"closed","template":"","meta":{"_acf_changed":false},"product_brand":[],"product_cat":[337,463,400],"product_tag":[187,188,189,205,206,212,190,183,213,184,207],"class_list":{"0":"post-8295","1":"product","2":"type-product","3":"status-publish","4":"has-post-thumbnail","6":"product_cat-gold-jewelry","7":"product_cat-tops-gold-tremun","8":"product_cat-tremun","9":"product_tag-conch","10":"product_tag-ear","11":"product_tag-helix","12":"product_tag-lobe","13":"product_tag-lobulo","14":"product_tag-medusa","15":"product_tag-oreja","16":"product_tag-perforacion","17":"product_tag-philtrum","18":"product_tag-piercing","19":"product_tag-tragus","21":"first","22":"instock","23":"taxable","24":"shipping-taxable","25":"product-type-variable"},"acf":[],"gallery_images":[12555],"_links":{"self":[{"href":"https:\/\/tremunpiercing.com\/pt\/wp-json\/wp\/v2\/product\/8295","targetHints":{"allow":["GET"]}}],"collection":[{"href":"https:\/\/tremunpiercing.com\/pt\/wp-json\/wp\/v2\/product"}],"about":[{"href":"https:\/\/tremunpiercing.com\/pt\/wp-json\/wp\/v2\/types\/product"}],"replies":[{"embeddable":true,"href":"https:\/\/tremunpiercing.com\/pt\/wp-json\/wp\/v2\/comments?post=8295"}],"version-history":[{"count":0,"href":"https:\/\/tremunpiercing.com\/pt\/wp-json\/wp\/v2\/product\/8295\/revisions"}],"wp:featuredmedia":[{"embeddable":true,"href":"https:\/\/tremunpiercing.com\/pt\/wp-json\/wp\/v2\/media\/12556"}],"wp:attachment":[{"href":"https:\/\/tremunpiercing.com\/pt\/wp-json\/wp\/v2\/media?parent=8295"}],"wp:term":[{"taxonomy":"product_brand","embeddable":true,"href":"https:\/\/tremunpiercing.com\/pt\/wp-json\/wp\/v2\/product_brand?post=8295"},{"taxonomy":"product_cat","embeddable":true,"href":"https:\/\/tremunpiercing.com\/pt\/wp-json\/wp\/v2\/product_cat?post=8295"},{"taxonomy":"product_tag","embeddable":true,"href":"https:\/\/tremunpiercing.com\/pt\/wp-json\/wp\/v2\/product_tag?post=8295"}],"curies":[{"name":"wp","href":"https:\/\/api.w.org\/{rel}","templated":true}]}}