{"id":8367,"date":"2023-11-30T20:43:24","date_gmt":"2023-11-30T19:43:24","guid":{"rendered":"https:\/\/tremunpiercing.com\/?post_type=product&#038;p=8367"},"modified":"2026-04-17T15:14:29","modified_gmt":"2026-04-17T14:14:29","slug":"clap-customizable-display-for-accessories-top-only","status":"publish","type":"product","link":"https:\/\/tremunpiercing.com\/pt\/product\/clap-customizable-display-for-accessories-top-only\/","title":{"rendered":"Palmas! Expositor personaliz\u00e1vel para acess\u00f3rios - apenas no topo"},"content":{"rendered":"<p>O Clap! Custom Display Top \u00e9 feito para se adaptar bem \u00e0 base Clap!, para que possa personalizar o seu expositor para o seu est\u00fadio de piercing. Dispon\u00edvel em preto e branco, este expositor intercambi\u00e1vel dar\u00e1 \u00e0 sua instala\u00e7\u00e3o um aspeto elegante e profissional. \u00c9 perfeito para expor os seus clickers, tachas, halteres ou outras j\u00f3ias, mantendo o seu expositor organizado e visualmente apelativo.<\/p>\n<p>Fabricado com materiais duradouros, foi concebido para ser utilizado diariamente em qualquer est\u00fadio, mantendo-se elegante e moderno. Emparelhe-o com a base de silicone padr\u00e3o como um expositor completamente intercambi\u00e1vel e personaliz\u00e1vel para impressionar os seus clientes com a organiza\u00e7\u00e3o das j\u00f3ias.<\/p>","protected":false},"excerpt":{"rendered":"<ul>\n<li>Palmas! Topo para acess\u00f3rios<\/li>\n<li>Visor personaliz\u00e1vel para j\u00f3ias de piercing<\/li>\n<li>A base \u00e9 vendida separadamente<\/li>\n<li>Dispon\u00edvel em preto e branco<\/li>\n<\/ul>","protected":false},"featured_media":8370,"comment_status":"closed","ping_status":"closed","template":"","meta":{"_acf_changed":false},"product_brand":[],"product_cat":[328,415,450,457,449],"product_tag":[],"class_list":{"0":"post-8367","1":"product","2":"type-product","3":"status-publish","4":"has-post-thumbnail","6":"product_cat-supplies","7":"product_cat-clap","8":"product_cat-clap-classic","9":"product_cat-clap-luxury","10":"product_cat-clap-elite","12":"first","13":"instock","14":"taxable","15":"shipping-taxable","16":"purchasable","17":"product-type-variable"},"acf":[],"gallery_images":[8371,8372,8373],"_links":{"self":[{"href":"https:\/\/tremunpiercing.com\/pt\/wp-json\/wp\/v2\/product\/8367","targetHints":{"allow":["GET"]}}],"collection":[{"href":"https:\/\/tremunpiercing.com\/pt\/wp-json\/wp\/v2\/product"}],"about":[{"href":"https:\/\/tremunpiercing.com\/pt\/wp-json\/wp\/v2\/types\/product"}],"replies":[{"embeddable":true,"href":"https:\/\/tremunpiercing.com\/pt\/wp-json\/wp\/v2\/comments?post=8367"}],"version-history":[{"count":1,"href":"https:\/\/tremunpiercing.com\/pt\/wp-json\/wp\/v2\/product\/8367\/revisions"}],"predecessor-version":[{"id":29728,"href":"https:\/\/tremunpiercing.com\/pt\/wp-json\/wp\/v2\/product\/8367\/revisions\/29728"}],"wp:featuredmedia":[{"embeddable":true,"href":"https:\/\/tremunpiercing.com\/pt\/wp-json\/wp\/v2\/media\/8370"}],"wp:attachment":[{"href":"https:\/\/tremunpiercing.com\/pt\/wp-json\/wp\/v2\/media?parent=8367"}],"wp:term":[{"taxonomy":"product_brand","embeddable":true,"href":"https:\/\/tremunpiercing.com\/pt\/wp-json\/wp\/v2\/product_brand?post=8367"},{"taxonomy":"product_cat","embeddable":true,"href":"https:\/\/tremunpiercing.com\/pt\/wp-json\/wp\/v2\/product_cat?post=8367"},{"taxonomy":"product_tag","embeddable":true,"href":"https:\/\/tremunpiercing.com\/pt\/wp-json\/wp\/v2\/product_tag?post=8367"}],"curies":[{"name":"wp","href":"https:\/\/api.w.org\/{rel}","templated":true}]}}