{"id":8589,"date":"2023-12-07T18:44:58","date_gmt":"2023-12-07T17:44:58","guid":{"rendered":"https:\/\/tremunpiercing.com\/?post_type=product&#038;p=8589"},"modified":"2026-03-11T11:12:30","modified_gmt":"2026-03-11T10:12:30","slug":"cordis-white-gold","status":"publish","type":"product","link":"https:\/\/tremunpiercing.com\/pt\/product\/cordis-white-gold\/","title":{"rendered":"Cordis Ouro Branco"},"content":{"rendered":"<p>O topo Cordis White Gold acrescenta um toque de pura eleg\u00e2ncia a qualquer cole\u00e7\u00e3o de piercings. Este topo com rosca interna \u00e9 feito de materiais de primeira qualidade, incluindo ouro branco maci\u00e7o de 14k e zirc\u00f3nias c\u00fabicas SW de qualidade estrela para maior brilho e conforto. Dispon\u00edvel nos tamanhos 5 mm x 6 mm e 6 mm x 7 mm, o topo em ouro branco \u00e9 \u00f3timo para piercings na orelha (h\u00e9lice, concha e tragus) e piercings nos l\u00e1bios, e pode ser usado numa haste 16G ou 14G.<\/p>\n<p>Esta pe\u00e7a de qualidade tem uma aten\u00e7\u00e3o excecional aos detalhes e seria uma \u00f3ptima op\u00e7\u00e3o para est\u00fadios que t\u00eam uma op\u00e7\u00e3o de mudan\u00e7a de j\u00f3ias de luxo. Cada pe\u00e7a atinge uma eleg\u00e2ncia intemporal e profissionalismo em j\u00f3ias de piercing. O ouro branco Cordis \u00e9 uma op\u00e7\u00e3o de joalharia que os retalhistas e profissionais de piercing devem ter sempre dispon\u00edvel nas suas colec\u00e7\u00f5es de piercing.<\/p>","protected":false},"excerpt":{"rendered":"<ul>\n<li>Rosca interna<\/li>\n<li>Material: Ouro branco 14k<\/li>\n<li>Gema: SW CZ<\/li>\n<li>Calibre: 16G - 14G<\/li>\n<li>Tamanho: 5mm x 6mm - 6mm x 7mm<\/li>\n<\/ul>","protected":false},"featured_media":12505,"comment_status":"closed","ping_status":"closed","template":"","meta":{"_acf_changed":false},"product_brand":[],"product_cat":[337,463,400],"product_tag":[187,188,189,205,206,212,190,183,213,184,207],"class_list":{"0":"post-8589","1":"product","2":"type-product","3":"status-publish","4":"has-post-thumbnail","6":"product_cat-gold-jewelry","7":"product_cat-tops-gold-tremun","8":"product_cat-tremun","9":"product_tag-conch","10":"product_tag-ear","11":"product_tag-helix","12":"product_tag-lobe","13":"product_tag-lobulo","14":"product_tag-medusa","15":"product_tag-oreja","16":"product_tag-perforacion","17":"product_tag-philtrum","18":"product_tag-piercing","19":"product_tag-tragus","21":"first","22":"instock","23":"taxable","24":"shipping-taxable","25":"product-type-variable"},"acf":[],"gallery_images":[],"_links":{"self":[{"href":"https:\/\/tremunpiercing.com\/pt\/wp-json\/wp\/v2\/product\/8589","targetHints":{"allow":["GET"]}}],"collection":[{"href":"https:\/\/tremunpiercing.com\/pt\/wp-json\/wp\/v2\/product"}],"about":[{"href":"https:\/\/tremunpiercing.com\/pt\/wp-json\/wp\/v2\/types\/product"}],"replies":[{"embeddable":true,"href":"https:\/\/tremunpiercing.com\/pt\/wp-json\/wp\/v2\/comments?post=8589"}],"version-history":[{"count":0,"href":"https:\/\/tremunpiercing.com\/pt\/wp-json\/wp\/v2\/product\/8589\/revisions"}],"wp:featuredmedia":[{"embeddable":true,"href":"https:\/\/tremunpiercing.com\/pt\/wp-json\/wp\/v2\/media\/12505"}],"wp:attachment":[{"href":"https:\/\/tremunpiercing.com\/pt\/wp-json\/wp\/v2\/media?parent=8589"}],"wp:term":[{"taxonomy":"product_brand","embeddable":true,"href":"https:\/\/tremunpiercing.com\/pt\/wp-json\/wp\/v2\/product_brand?post=8589"},{"taxonomy":"product_cat","embeddable":true,"href":"https:\/\/tremunpiercing.com\/pt\/wp-json\/wp\/v2\/product_cat?post=8589"},{"taxonomy":"product_tag","embeddable":true,"href":"https:\/\/tremunpiercing.com\/pt\/wp-json\/wp\/v2\/product_tag?post=8589"}],"curies":[{"name":"wp","href":"https:\/\/api.w.org\/{rel}","templated":true}]}}