{"id":9058,"date":"2024-03-12T14:11:17","date_gmt":"2024-03-12T13:11:17","guid":{"rendered":"https:\/\/tremunpiercing.com\/?post_type=product&#038;p=9058"},"modified":"2026-04-15T10:33:53","modified_gmt":"2026-04-15T09:33:53","slug":"alisea-2-yellow-gold","status":"publish","type":"product","link":"https:\/\/tremunpiercing.com\/pt\/product\/alisea-2-yellow-gold\/","title":{"rendered":"Alisea 2 Ouro Amarelo"},"content":{"rendered":"<p>O Alisea 2 Yellow Gold da Shanga Jewellery incorpora uma sofistica\u00e7\u00e3o minimalista num design bem feito em ouro amarelo de 18k. Com duas zirc\u00f3nias c\u00fabicas cintilantes, esta pe\u00e7a tem um brilho subtil que \u00e9 perfeito para quem gosta de um toque leve e elegante. Apesar de ter sido feita para os pinos de labret sem rosca 16G e 14G, pode ser usada num piercing de h\u00e9lice, l\u00f3bulo ou concha. O pino tem um mecanismo de fecho seguro, dando-lhe paz de esp\u00edrito antes e depois da inser\u00e7\u00e3o profissional.<\/p>\n<p>A simetria da pedra dupla tem um aspeto encantador e ilumina qualquer cria\u00e7\u00e3o de orelha criativa. Os piercers e os retalhistas adoram o Alisea 2 pela sua qualidade geral, conforto e estilo moderno. O luxo minimalista perfeito para os seus clientes.<\/p>","protected":false},"excerpt":{"rendered":"<ul>\n<li>Sem rosca - Topo com pino de press\u00e3o<\/li>\n<li>Material: Ouro amarelo 18k<\/li>\n<li>Gema: Zirc\u00f3nia c\u00fabica<\/li>\n<li>Compat\u00edvel com postes de l\u00e1bio sem rosca 16G e 14G<\/li>\n<li>Tamanho: Grande - Pequeno<\/li>\n<li>Marca: J\u00f3ias Shanga<\/li>\n<\/ul>","protected":false},"featured_media":13261,"comment_status":"closed","ping_status":"closed","template":"","meta":{"_acf_changed":false},"product_brand":[],"product_cat":[337,398],"product_tag":[187,188,189,205,206,212,190,183,213,184,207],"class_list":{"0":"post-9058","1":"product","2":"type-product","3":"status-publish","4":"has-post-thumbnail","6":"product_cat-gold-jewelry","7":"product_cat-shanga","8":"product_tag-conch","9":"product_tag-ear","10":"product_tag-helix","11":"product_tag-lobe","12":"product_tag-lobulo","13":"product_tag-medusa","14":"product_tag-oreja","15":"product_tag-perforacion","16":"product_tag-philtrum","17":"product_tag-piercing","18":"product_tag-tragus","20":"first","21":"instock","22":"taxable","23":"shipping-taxable","24":"purchasable","25":"product-type-variable"},"acf":[],"gallery_images":[29685,29686],"_links":{"self":[{"href":"https:\/\/tremunpiercing.com\/pt\/wp-json\/wp\/v2\/product\/9058","targetHints":{"allow":["GET"]}}],"collection":[{"href":"https:\/\/tremunpiercing.com\/pt\/wp-json\/wp\/v2\/product"}],"about":[{"href":"https:\/\/tremunpiercing.com\/pt\/wp-json\/wp\/v2\/types\/product"}],"replies":[{"embeddable":true,"href":"https:\/\/tremunpiercing.com\/pt\/wp-json\/wp\/v2\/comments?post=9058"}],"version-history":[{"count":1,"href":"https:\/\/tremunpiercing.com\/pt\/wp-json\/wp\/v2\/product\/9058\/revisions"}],"predecessor-version":[{"id":29687,"href":"https:\/\/tremunpiercing.com\/pt\/wp-json\/wp\/v2\/product\/9058\/revisions\/29687"}],"wp:featuredmedia":[{"embeddable":true,"href":"https:\/\/tremunpiercing.com\/pt\/wp-json\/wp\/v2\/media\/13261"}],"wp:attachment":[{"href":"https:\/\/tremunpiercing.com\/pt\/wp-json\/wp\/v2\/media?parent=9058"}],"wp:term":[{"taxonomy":"product_brand","embeddable":true,"href":"https:\/\/tremunpiercing.com\/pt\/wp-json\/wp\/v2\/product_brand?post=9058"},{"taxonomy":"product_cat","embeddable":true,"href":"https:\/\/tremunpiercing.com\/pt\/wp-json\/wp\/v2\/product_cat?post=9058"},{"taxonomy":"product_tag","embeddable":true,"href":"https:\/\/tremunpiercing.com\/pt\/wp-json\/wp\/v2\/product_tag?post=9058"}],"curies":[{"name":"wp","href":"https:\/\/api.w.org\/{rel}","templated":true}]}}