{"id":9119,"date":"2024-03-12T17:43:15","date_gmt":"2024-03-12T16:43:15","guid":{"rendered":"https:\/\/tremunpiercing.com\/?post_type=product&#038;p=9119"},"modified":"2026-04-14T14:12:55","modified_gmt":"2026-04-14T13:12:55","slug":"malena","status":"publish","type":"product","link":"https:\/\/tremunpiercing.com\/pt\/product\/malena\/","title":{"rendered":"Malena"},"content":{"rendered":"<p>Elegante, brilhante e polido, o top com rosca Malena da Shanga Jewellery \u00e9 uma op\u00e7\u00e3o \u00fanica para quem valoriza a eleg\u00e2ncia em cada pormenor. Feita em ouro amarelo de 18k, a pedra central de zirc\u00f3nia c\u00fabica brilha com uma clareza e um brilho impressionantes. Medindo cerca de 10 mm, a Malena \u00e9 compat\u00edvel com os pinos de lapela com rosca interna 14G (1,6 mm) para conex\u00f5es seguras e suaves. As propor\u00e7\u00f5es elegantes do Malena tornam-no adequado para uma variedade de piercings, incluindo l\u00f3bulos e cartilagem. Concebida para proporcionar conforto, a Malena \u00e9 uma excelente escolha para est\u00fadios de topo de gama que pretendem acrescentar toques sofisticados de ouro \u00e0 sua sele\u00e7\u00e3o de j\u00f3ias.<\/p>","protected":false},"excerpt":{"rendered":"<ul>\n<li>Topo roscado<\/li>\n<li>Material: Ouro amarelo 18k<\/li>\n<li>Gema: Zirc\u00f3nia c\u00fabica<\/li>\n<li>Calibre: 14G - 1,6mm<\/li>\n<li>Compat\u00edvel com postes de l\u00e1bio com rosca interna 14G<\/li>\n<li>Tamanho: 10 mm aprox.<\/li>\n<li>Marca: J\u00f3ias Shanga<\/li>\n<\/ul>","protected":false},"featured_media":12788,"comment_status":"closed","ping_status":"closed","template":"","meta":{"_acf_changed":false},"product_brand":[],"product_cat":[337,398],"product_tag":[187,188,189,205,206,212,190,183,213,184,207],"class_list":{"0":"post-9119","1":"product","2":"type-product","3":"status-publish","4":"has-post-thumbnail","6":"product_cat-gold-jewelry","7":"product_cat-shanga","8":"product_tag-conch","9":"product_tag-ear","10":"product_tag-helix","11":"product_tag-lobe","12":"product_tag-lobulo","13":"product_tag-medusa","14":"product_tag-oreja","15":"product_tag-perforacion","16":"product_tag-philtrum","17":"product_tag-piercing","18":"product_tag-tragus","20":"first","21":"instock","22":"taxable","23":"shipping-taxable","24":"purchasable","25":"product-type-simple"},"acf":[],"gallery_images":[29659,29658],"_links":{"self":[{"href":"https:\/\/tremunpiercing.com\/pt\/wp-json\/wp\/v2\/product\/9119","targetHints":{"allow":["GET"]}}],"collection":[{"href":"https:\/\/tremunpiercing.com\/pt\/wp-json\/wp\/v2\/product"}],"about":[{"href":"https:\/\/tremunpiercing.com\/pt\/wp-json\/wp\/v2\/types\/product"}],"replies":[{"embeddable":true,"href":"https:\/\/tremunpiercing.com\/pt\/wp-json\/wp\/v2\/comments?post=9119"}],"version-history":[{"count":1,"href":"https:\/\/tremunpiercing.com\/pt\/wp-json\/wp\/v2\/product\/9119\/revisions"}],"predecessor-version":[{"id":29660,"href":"https:\/\/tremunpiercing.com\/pt\/wp-json\/wp\/v2\/product\/9119\/revisions\/29660"}],"wp:featuredmedia":[{"embeddable":true,"href":"https:\/\/tremunpiercing.com\/pt\/wp-json\/wp\/v2\/media\/12788"}],"wp:attachment":[{"href":"https:\/\/tremunpiercing.com\/pt\/wp-json\/wp\/v2\/media?parent=9119"}],"wp:term":[{"taxonomy":"product_brand","embeddable":true,"href":"https:\/\/tremunpiercing.com\/pt\/wp-json\/wp\/v2\/product_brand?post=9119"},{"taxonomy":"product_cat","embeddable":true,"href":"https:\/\/tremunpiercing.com\/pt\/wp-json\/wp\/v2\/product_cat?post=9119"},{"taxonomy":"product_tag","embeddable":true,"href":"https:\/\/tremunpiercing.com\/pt\/wp-json\/wp\/v2\/product_tag?post=9119"}],"curies":[{"name":"wp","href":"https:\/\/api.w.org\/{rel}","templated":true}]}}