{"id":9127,"date":"2024-03-12T21:07:41","date_gmt":"2024-03-12T20:07:41","guid":{"rendered":"https:\/\/tremunpiercing.com\/?post_type=product&#038;p=9127"},"modified":"2026-04-14T14:02:10","modified_gmt":"2026-04-14T13:02:10","slug":"dolomitri-triangle","status":"publish","type":"product","link":"https:\/\/tremunpiercing.com\/pt\/product\/dolomitri-triangle\/","title":{"rendered":"Tri\u00e2ngulo dos Dolomiti"},"content":{"rendered":"<p>Inspirado na geometria, o Tri\u00e2ngulo Dolomiti da Shanga Jewellery demonstra um design de precis\u00e3o e detalhes brilhantes. A pe\u00e7a \u00e9 feita em ouro amarelo de 18k e tem uma forma triangular com pedras brilhantes de zirc\u00f3nias c\u00fabicas que captam a luz. Com um tamanho aproximado de 8 mm x 5 mm, este topo roscado encaixa de forma segura em todos os postes de labret com rosca interna, tornando-o adequado para uma est\u00e9tica de piercing refinada em coloca\u00e7\u00f5es de h\u00e9lice ou concha.<\/p>\n<p>O Tri\u00e2ngulo Dolomiti exprime a arte e o estilo carater\u00edsticos da Shanga. A qualidade contempor\u00e2nea e duradoura agrada aos profissionais de todos os est\u00fadios que procuram armazenar j\u00f3ias de piercing em ouro de alta qualidade.<\/p>","protected":false},"excerpt":{"rendered":"<ul>\n<li>Topo roscado<\/li>\n<li>Material: Ouro amarelo 18k<\/li>\n<li>Gema: Zirc\u00f3nia c\u00fabica<\/li>\n<li>Calibre: 14G - 1,6mm<\/li>\n<li>Compat\u00edvel com postes de l\u00e1bio com rosca interna 14G<\/li>\n<li>Tamanho: 8mm x 5mm aproximadamente.<\/li>\n<li>Marca: J\u00f3ias Shanga<\/li>\n<\/ul>","protected":false},"featured_media":12798,"comment_status":"closed","ping_status":"closed","template":"","meta":{"_acf_changed":false},"product_brand":[],"product_cat":[337,398],"product_tag":[187,188,189,205,206,212,190,183,213,184,207],"class_list":{"0":"post-9127","1":"product","2":"type-product","3":"status-publish","4":"has-post-thumbnail","6":"product_cat-gold-jewelry","7":"product_cat-shanga","8":"product_tag-conch","9":"product_tag-ear","10":"product_tag-helix","11":"product_tag-lobe","12":"product_tag-lobulo","13":"product_tag-medusa","14":"product_tag-oreja","15":"product_tag-perforacion","16":"product_tag-philtrum","17":"product_tag-piercing","18":"product_tag-tragus","20":"first","21":"instock","22":"taxable","23":"shipping-taxable","24":"purchasable","25":"product-type-simple"},"acf":[],"gallery_images":[29653,29654],"_links":{"self":[{"href":"https:\/\/tremunpiercing.com\/pt\/wp-json\/wp\/v2\/product\/9127","targetHints":{"allow":["GET"]}}],"collection":[{"href":"https:\/\/tremunpiercing.com\/pt\/wp-json\/wp\/v2\/product"}],"about":[{"href":"https:\/\/tremunpiercing.com\/pt\/wp-json\/wp\/v2\/types\/product"}],"replies":[{"embeddable":true,"href":"https:\/\/tremunpiercing.com\/pt\/wp-json\/wp\/v2\/comments?post=9127"}],"version-history":[{"count":1,"href":"https:\/\/tremunpiercing.com\/pt\/wp-json\/wp\/v2\/product\/9127\/revisions"}],"predecessor-version":[{"id":29655,"href":"https:\/\/tremunpiercing.com\/pt\/wp-json\/wp\/v2\/product\/9127\/revisions\/29655"}],"wp:featuredmedia":[{"embeddable":true,"href":"https:\/\/tremunpiercing.com\/pt\/wp-json\/wp\/v2\/media\/12798"}],"wp:attachment":[{"href":"https:\/\/tremunpiercing.com\/pt\/wp-json\/wp\/v2\/media?parent=9127"}],"wp:term":[{"taxonomy":"product_brand","embeddable":true,"href":"https:\/\/tremunpiercing.com\/pt\/wp-json\/wp\/v2\/product_brand?post=9127"},{"taxonomy":"product_cat","embeddable":true,"href":"https:\/\/tremunpiercing.com\/pt\/wp-json\/wp\/v2\/product_cat?post=9127"},{"taxonomy":"product_tag","embeddable":true,"href":"https:\/\/tremunpiercing.com\/pt\/wp-json\/wp\/v2\/product_tag?post=9127"}],"curies":[{"name":"wp","href":"https:\/\/api.w.org\/{rel}","templated":true}]}}