{"id":9556,"date":"2024-06-04T14:43:40","date_gmt":"2024-06-04T13:43:40","guid":{"rendered":"https:\/\/tremunpiercing.com\/?post_type=product&#038;p=9556"},"modified":"2026-04-17T15:14:21","modified_gmt":"2026-04-17T14:14:21","slug":"clap-luxury-costumizable-display-horizontal-base","status":"publish","type":"product","link":"https:\/\/tremunpiercing.com\/pt\/product\/clap-luxury-costumizable-display-horizontal-base\/","title":{"rendered":"CLAP! LUXURY - Expositor personaliz\u00e1vel - Base horizontal"},"content":{"rendered":"<p>O CLAP! Luxury Customizable Display Horizontal Base \u00e9 a melhor plataforma para construir um expositor de j\u00f3ias profissional que \u00e9 f\u00e1cil de personalizar de acordo com as suas necessidades. Esta base vers\u00e1til \u00e9 perfeita para est\u00fadios de piercing, grossistas e retalhistas. Depois de comprar a elegante base, pode ser usada para acomodar at\u00e9 quatro tampas intercambi\u00e1veis e exibi-las metodicamente. Fabricada com materiais de qualidade e constru\u00edda para ser robusta e dur\u00e1vel, esta base manter\u00e1 as j\u00f3ias seguras e expostas da melhor forma poss\u00edvel. Este estilo de exposi\u00e7\u00e3o horizontal permite uma vis\u00e3o clara das colec\u00e7\u00f5es de j\u00f3ias, tais como j\u00f3ias com piercings, e \u00e9 o complemento perfeito para uma bancada, exposi\u00e7\u00e3o ou exposi\u00e7\u00e3o de loja.<\/p>\n<p>Apesar de as tampas serem adquiridas separadamente da base, ter\u00e1 total flexibilidade para criar a combina\u00e7\u00e3o perfeita de expositores para melhor corresponder ao seu invent\u00e1rio (por exemplo, halteres, an\u00e9is articulados ou topos de pedras preciosas). Apresente uma imagem de marca sofisticada aos seus clientes com um sistema de expositores que \u00e9 continuamente funcional \u00e0 medida que o seu neg\u00f3cio cresce. Este sistema de exposi\u00e7\u00e3o \u00e9 pr\u00e1tico, divertido, elegante e vers\u00e1til; o sistema de exposi\u00e7\u00e3o \u00fanico ideal para profissionais de piercing que procuram op\u00e7\u00f5es de apresenta\u00e7\u00e3o fant\u00e1sticas.<\/p>","protected":false},"excerpt":{"rendered":"<ul>\n<li>Palmas! Base horizontal<\/li>\n<li>Visor personaliz\u00e1vel para j\u00f3ias de piercing<\/li>\n<li>Apenas a base<\/li>\n<li>As tampas s\u00e3o vendidas separadamente<\/li>\n<li>Podem ser colocadas at\u00e9 quatro tampas em cima<\/li>\n<\/ul>","protected":false},"featured_media":9557,"comment_status":"closed","ping_status":"closed","template":"","meta":{"_acf_changed":false},"product_brand":[],"product_cat":[328,415,457],"product_tag":[],"class_list":{"0":"post-9556","1":"product","2":"type-product","3":"status-publish","4":"has-post-thumbnail","6":"product_cat-supplies","7":"product_cat-clap","8":"product_cat-clap-luxury","10":"first","11":"instock","12":"taxable","13":"shipping-taxable","14":"purchasable","15":"product-type-simple"},"acf":[],"gallery_images":[9558,9559,9560,9561,9562,9563,9564],"_links":{"self":[{"href":"https:\/\/tremunpiercing.com\/pt\/wp-json\/wp\/v2\/product\/9556","targetHints":{"allow":["GET"]}}],"collection":[{"href":"https:\/\/tremunpiercing.com\/pt\/wp-json\/wp\/v2\/product"}],"about":[{"href":"https:\/\/tremunpiercing.com\/pt\/wp-json\/wp\/v2\/types\/product"}],"replies":[{"embeddable":true,"href":"https:\/\/tremunpiercing.com\/pt\/wp-json\/wp\/v2\/comments?post=9556"}],"version-history":[{"count":1,"href":"https:\/\/tremunpiercing.com\/pt\/wp-json\/wp\/v2\/product\/9556\/revisions"}],"predecessor-version":[{"id":28501,"href":"https:\/\/tremunpiercing.com\/pt\/wp-json\/wp\/v2\/product\/9556\/revisions\/28501"}],"wp:featuredmedia":[{"embeddable":true,"href":"https:\/\/tremunpiercing.com\/pt\/wp-json\/wp\/v2\/media\/9557"}],"wp:attachment":[{"href":"https:\/\/tremunpiercing.com\/pt\/wp-json\/wp\/v2\/media?parent=9556"}],"wp:term":[{"taxonomy":"product_brand","embeddable":true,"href":"https:\/\/tremunpiercing.com\/pt\/wp-json\/wp\/v2\/product_brand?post=9556"},{"taxonomy":"product_cat","embeddable":true,"href":"https:\/\/tremunpiercing.com\/pt\/wp-json\/wp\/v2\/product_cat?post=9556"},{"taxonomy":"product_tag","embeddable":true,"href":"https:\/\/tremunpiercing.com\/pt\/wp-json\/wp\/v2\/product_tag?post=9556"}],"curies":[{"name":"wp","href":"https:\/\/api.w.org\/{rel}","templated":true}]}}