{"id":9870,"date":"2024-07-15T16:49:11","date_gmt":"2024-07-15T15:49:11","guid":{"rendered":"https:\/\/tremunpiercing.com\/?post_type=product&#038;p=9870"},"modified":"2026-04-10T14:23:33","modified_gmt":"2026-04-10T13:23:33","slug":"marion","status":"publish","type":"product","link":"https:\/\/tremunpiercing.com\/pt\/product\/marion\/","title":{"rendered":"Marion"},"content":{"rendered":"<p>As j\u00f3ias para piercing Marion s\u00e3o uma combina\u00e7\u00e3o perfeita de durabilidade e sofistica\u00e7\u00e3o. Fabricada em tit\u00e2nio F-136 para implantes, esta tampa 16G com rosca interna permite uma utiliza\u00e7\u00e3o segura e hipoalerg\u00e9nica para uso profissional. Concebida com uma pedra preciosa de zirc\u00f3nia c\u00fabica de 5,7 mm, cortada para maximizar o brilho e real\u00e7ar o melhor de qualquer piercing, o tamanho permite versatilidade na coloca\u00e7\u00e3o, sendo as op\u00e7\u00f5es populares os piercings na cartilagem, na h\u00e9lice e no l\u00f3bulo.<\/p>\n<p>A rosca interna permite uma inser\u00e7\u00e3o profissional suave, com o m\u00ednimo de desconforto e irrita\u00e7\u00e3o para o seu cliente. A Marion oferece tanto estilo como fun\u00e7\u00e3o para est\u00fadios de piercing e fornecedores de j\u00f3ias, tornando-a um desej\u00e1vel artigo de invent\u00e1rio de alta qualidade. Os materiais de primeira qualidade, juntamente com o design intemporal, proporcionam uma utiliza\u00e7\u00e3o satisfat\u00f3ria tanto para os piercers como para os clientes. Uma excelente pe\u00e7a de joalharia para profissionais que procuram oferecer aos seus clientes j\u00f3ias corporais fi\u00e1veis e com estilo.<\/p>","protected":false},"excerpt":{"rendered":"<ul>\n<li>Rosca interna<\/li>\n<li>Material: Tit\u00e2nio de grau de implante F-136<\/li>\n<li>Calibre: 16G<\/li>\n<li>Gema: Zirc\u00f3nia c\u00fabica<\/li>\n<li>Tamanho: 5,7 mm<\/li>\n<\/ul>","protected":false},"featured_media":12404,"comment_status":"closed","ping_status":"closed","template":"","meta":{"_acf_changed":false},"product_brand":[],"product_cat":[340,343],"product_tag":[187,179,180,188,209,189,210,211,212,190,183,184,207],"class_list":{"0":"post-9870","1":"product","2":"type-product","3":"status-publish","4":"has-post-thumbnail","6":"product_cat-titanium-jewelry","7":"product_cat-tops-titanium-jewelry","8":"product_tag-conch","9":"product_tag-cristal","10":"product_tag-cz","11":"product_tag-ear","12":"product_tag-faux-rook","13":"product_tag-helix","14":"product_tag-labret","15":"product_tag-lip","16":"product_tag-medusa","17":"product_tag-oreja","18":"product_tag-perforacion","19":"product_tag-piercing","20":"product_tag-tragus","22":"first","23":"instock","24":"taxable","25":"shipping-taxable","26":"purchasable","27":"product-type-simple"},"acf":[],"gallery_images":[28223,28224],"_links":{"self":[{"href":"https:\/\/tremunpiercing.com\/pt\/wp-json\/wp\/v2\/product\/9870","targetHints":{"allow":["GET"]}}],"collection":[{"href":"https:\/\/tremunpiercing.com\/pt\/wp-json\/wp\/v2\/product"}],"about":[{"href":"https:\/\/tremunpiercing.com\/pt\/wp-json\/wp\/v2\/types\/product"}],"replies":[{"embeddable":true,"href":"https:\/\/tremunpiercing.com\/pt\/wp-json\/wp\/v2\/comments?post=9870"}],"version-history":[{"count":1,"href":"https:\/\/tremunpiercing.com\/pt\/wp-json\/wp\/v2\/product\/9870\/revisions"}],"predecessor-version":[{"id":28225,"href":"https:\/\/tremunpiercing.com\/pt\/wp-json\/wp\/v2\/product\/9870\/revisions\/28225"}],"wp:featuredmedia":[{"embeddable":true,"href":"https:\/\/tremunpiercing.com\/pt\/wp-json\/wp\/v2\/media\/12404"}],"wp:attachment":[{"href":"https:\/\/tremunpiercing.com\/pt\/wp-json\/wp\/v2\/media?parent=9870"}],"wp:term":[{"taxonomy":"product_brand","embeddable":true,"href":"https:\/\/tremunpiercing.com\/pt\/wp-json\/wp\/v2\/product_brand?post=9870"},{"taxonomy":"product_cat","embeddable":true,"href":"https:\/\/tremunpiercing.com\/pt\/wp-json\/wp\/v2\/product_cat?post=9870"},{"taxonomy":"product_tag","embeddable":true,"href":"https:\/\/tremunpiercing.com\/pt\/wp-json\/wp\/v2\/product_tag?post=9870"}],"curies":[{"name":"wp","href":"https:\/\/api.w.org\/{rel}","templated":true}]}}