{"id":19785,"date":"2025-08-10T10:59:20","date_gmt":"2025-08-10T09:59:20","guid":{"rendered":"https:\/\/tremunpiercing.com\/?page_id=19785"},"modified":"2025-08-28T08:41:24","modified_gmt":"2025-08-28T07:41:24","slug":"my-account","status":"publish","type":"page","link":"https:\/\/tremunpiercing.com\/ro\/my-account\/","title":{"rendered":"Cont"},"content":{"rendered":"<div data-elementor-type=\"wp-page\" data-elementor-id=\"19785\" class=\"elementor elementor-19785\" data-elementor-post-type=\"page\">\n\t\t\t\t<div class=\"elementor-element elementor-element-e38bc0a e-flex e-con-boxed e-con e-parent\" data-id=\"e38bc0a\" data-element_type=\"container\" data-e-type=\"container\" data-settings=\"{&quot;background_background&quot;:&quot;classic&quot;}\">\n\t\t\t\t\t<div class=\"e-con-inner\">\n\t\t\t\t<div class=\"elementor-element elementor-element-d54de9c elementor-widget elementor-widget-woocommerce-breadcrumb\" data-id=\"d54de9c\" data-element_type=\"widget\" data-e-type=\"widget\" data-widget_type=\"woocommerce-breadcrumb.default\">\n\t\t\t\t\t<nav class=\"woocommerce-breadcrumb\" aria-label=\"Breadcrumb\" data-no-translation=\"\" data-trp-gettext=\"\">Prima pagin\u0103<\/nav>\t\t\t\t<\/div>\n\t\t\t\t\t<\/div>\n\t\t\t\t<\/div>\n\t\t<div class=\"elementor-element elementor-element-1dec8bb e-flex e-con-boxed e-con e-parent\" data-id=\"1dec8bb\" data-element_type=\"container\" data-e-type=\"container\">\n\t\t\t\t\t<div class=\"e-con-inner\">\n\t\t\t\t<div class=\"elementor-element elementor-element-01da1a1 elementor-widget elementor-widget-heading\" data-id=\"01da1a1\" data-element_type=\"widget\" data-e-type=\"widget\" data-widget_type=\"heading.default\">\n\t\t\t\t\t<h2 class=\"elementor-heading-title elementor-size-default\">Contul meu\n<\/h2>\t\t\t\t<\/div>\n\t\t\t\t<div class=\"elementor-element elementor-element-e4d5a7f elementor-widget elementor-widget-text-editor\" data-id=\"e4d5a7f\" data-element_type=\"widget\" data-e-type=\"widget\" data-widget_type=\"text-editor.default\">\n\t\t\t\t\t\t\t\t\t<p>P\u0103stra\u021bi-v\u0103 contul \u00een siguran\u021b\u0103.<\/p>\t\t\t\t\t\t\t\t<\/div>\n\t\t<div class=\"elementor-element elementor-element-75bb692 e-con-full e-flex e-con e-child\" data-id=\"75bb692\" data-element_type=\"container\" data-e-type=\"container\">\n\t\t<div class=\"elementor-element elementor-element-f0ed902 e-con-full e-flex e-con e-child\" data-id=\"f0ed902\" data-element_type=\"container\" data-e-type=\"container\" data-settings=\"{&quot;background_background&quot;:&quot;classic&quot;}\">\n\t\t\t\t<div class=\"elementor-element elementor-element-0b2bb45 e-my-account-tabs-vertical elementor-widget elementor-widget-woocommerce-my-account\" data-id=\"0b2bb45\" data-element_type=\"widget\" data-e-type=\"widget\" data-widget_type=\"woocommerce-my-account.default\">\n\t\t\t\t\t<div class=\"e-my-account-tab e-my-account-tab__\">\t\t\t<div class=\"woocommerce\"><\/div>\t\t<\/div>\n\t\t\t\t\t\t<\/div>\n\t\t<div class=\"elementor-element elementor-element-aa5deb1 e-con-full e-flex e-con e-child\" data-id=\"aa5deb1\" data-element_type=\"container\" data-e-type=\"container\">\n\t\t\t\t<div class=\"elementor-element elementor-element-e1d90aa elementor-widget elementor-widget-heading\" data-id=\"e1d90aa\" data-element_type=\"widget\" data-e-type=\"widget\" data-widget_type=\"heading.default\">\n\t\t\t\t\t<h2 class=\"elementor-heading-title elementor-size-default\">Nu ave\u021bi \u00eenc\u0103 un cont? \u00cenregistra\u021bi-v\u0103 ca piercer profesionist aici.<\/h2>\t\t\t\t<\/div>\n\t\t\t\t<div class=\"elementor-element elementor-element-e87c44d elementor-align-justify elementor-widget elementor-widget-button\" data-id=\"e87c44d\" data-element_type=\"widget\" data-e-type=\"widget\" data-widget_type=\"button.default\">\n\t\t\t\t\t\t\t\t\t\t<a class=\"elementor-button elementor-button-link elementor-size-sm\" href=\"https:\/\/tremunpiercing.com\/ro\/registration\/\">\n\t\t\t\t\t\t<span class=\"elementor-button-content-wrapper\">\n\t\t\t\t\t\t\t\t\t<span class=\"elementor-button-text\">Crea\u021bi un cont<\/span>\n\t\t\t\t\t<\/span>\n\t\t\t\t\t<\/a>\n\t\t\t\t\t\t\t\t<\/div>\n\t\t\t\t<\/div>\n\t\t\t\t<\/div>\n\t\t\t\t<\/div>\n\t\t\t\t\t<\/div>\n\t\t\t\t<\/div>\n\t\t\t\t<\/div>","protected":false},"excerpt":{"rendered":"<p>My account Keep your account safe and secure. Dashboard Orders Downloads Addresses Payment methods Account Details Logout Hello developer@khalidbinahsan.com (not developer@khalidbinahsan.com? Log out) From your account dashboard you can view your recent orders, manage your shipping and billing addresses, and edit your password and account details. Don\u2019t have an account yet? Register as a professional [&hellip;]<\/p>\n","protected":false},"author":1271,"featured_media":0,"parent":0,"menu_order":0,"comment_status":"closed","ping_status":"closed","template":"","meta":{"_acf_changed":false,"footnotes":""},"class_list":["post-19785","page","type-page","status-publish","hentry"],"acf":[],"_links":{"self":[{"href":"https:\/\/tremunpiercing.com\/ro\/wp-json\/wp\/v2\/pages\/19785","targetHints":{"allow":["GET"]}}],"collection":[{"href":"https:\/\/tremunpiercing.com\/ro\/wp-json\/wp\/v2\/pages"}],"about":[{"href":"https:\/\/tremunpiercing.com\/ro\/wp-json\/wp\/v2\/types\/page"}],"author":[{"embeddable":true,"href":"https:\/\/tremunpiercing.com\/ro\/wp-json\/wp\/v2\/users\/1271"}],"replies":[{"embeddable":true,"href":"https:\/\/tremunpiercing.com\/ro\/wp-json\/wp\/v2\/comments?post=19785"}],"version-history":[{"count":0,"href":"https:\/\/tremunpiercing.com\/ro\/wp-json\/wp\/v2\/pages\/19785\/revisions"}],"wp:attachment":[{"href":"https:\/\/tremunpiercing.com\/ro\/wp-json\/wp\/v2\/media?parent=19785"}],"curies":[{"name":"wp","href":"https:\/\/api.w.org\/{rel}","templated":true}]}}