{"id":10119,"date":"2024-08-21T19:10:34","date_gmt":"2024-08-21T18:10:34","guid":{"rendered":"https:\/\/tremunpiercing.com\/?post_type=product&#038;p=10119"},"modified":"2025-12-04T14:10:24","modified_gmt":"2025-12-04T13:10:24","slug":"square-alisea-1","status":"publish","type":"product","link":"https:\/\/tremunpiercing.com\/ro\/product\/square-alisea-1\/","title":{"rendered":"Pia\u021ba Alisea 1"},"content":{"rendered":"<p>Square Alisea 1 de la Shanga Jewellery este combina\u021bia perfect\u0103 de lux \u0219i func\u021bionalitate pentru profesioni\u0219tii dvs. prefera\u021bi din domeniul piercing-ului. Fabricat din aur galben masiv de 18k, acest v\u00e2rf de \u0219tift f\u0103r\u0103 filet este \u00eempodobit cu o piatr\u0103 str\u0103lucitoare de zirconiu cubic \u00een centrul s\u0103u pentru un finisaj curat, discret. Compatibil cu st\u00e2lpii labret f\u0103r\u0103 filet 16G \u0219i 14G, Square Alisea 1 ofer\u0103 piercerilor o compatibilitate u\u0219oar\u0103 \u0219i o potrivire confortabil\u0103 \u00een timp ce fixeaz\u0103 bijuteriile \u00een loc.<\/p>\n<p>Square Alisea 1 este disponibil \u00een variante de dimensiuni mari \u0219i mici pentru clien\u021bii dvs. care doresc op\u021biunea de apel de discret \u0219i mai totul cu aspect declara\u021bie pentru a oferi clien\u021bilor no\u0219tri. Aceast\u0103 bijuterie poate fi \u00een loc pentru piercinguri ini\u021biale \u0219i pentru uzura zilnic\u0103. Ea are plusuri ca bijuterii piercing \u00een care este u\u0219or, dar, de asemenea, durabil pentru uzura pe termen lung \u0219i este proiectat cu aspectul atemporal p\u0103trat \u00eentors pentru clien\u021bii care caut\u0103 lux minimalist.<\/p>\n<p>Square Alisea 1 este o pies\u0103 excelent\u0103 pentru studioul de piercing, magazinul de tatuaje sau furnizorul en-gros. Square Alisea 1 este o reprezentare excelent\u0103 a calit\u0103\u021bii \u0219i m\u0103iestriei, precum \u0219i a designului modern din linia Shanga. Prin stocarea Square Alisea 1,modern ve\u021bi garanta c\u0103 clien\u021bii dvs. vor avea acces la bijuterii de piercing de calitate premium pentru uzura de zi cu zi \u0219i pentru stilul ocazional curated ear space.<\/p>","protected":false},"excerpt":{"rendered":"<ul>\n<li>F\u0103r\u0103 filet - Push pin top<\/li>\n<li>Material: Aur galben 18k, pin inoxidabil<\/li>\n<li>Gem\u0103: Zirconiu cubic<\/li>\n<li>Compatibil cu st\u00e2lpi labret f\u0103r\u0103 filet 16G \u0219i 14G<\/li>\n<li>M\u0103rime: Mare - Mic<\/li>\n<li>Brand: Shanga Bijuterii<\/li>\n<\/ul>","protected":false},"featured_media":10122,"comment_status":"closed","ping_status":"closed","template":"","meta":{"_acf_changed":false},"product_brand":[],"product_cat":[337,398],"product_tag":[187,188,189,205,206,212,190,183,213,184,207],"class_list":{"0":"post-10119","1":"product","2":"type-product","3":"status-publish","4":"has-post-thumbnail","6":"product_cat-gold-jewelry","7":"product_cat-shanga","8":"product_tag-conch","9":"product_tag-ear","10":"product_tag-helix","11":"product_tag-lobe","12":"product_tag-lobulo","13":"product_tag-medusa","14":"product_tag-oreja","15":"product_tag-perforacion","16":"product_tag-philtrum","17":"product_tag-piercing","18":"product_tag-tragus","20":"first","21":"instock","22":"taxable","23":"shipping-taxable","24":"product-type-variable"},"acf":[],"gallery_images":[],"_links":{"self":[{"href":"https:\/\/tremunpiercing.com\/ro\/wp-json\/wp\/v2\/product\/10119","targetHints":{"allow":["GET"]}}],"collection":[{"href":"https:\/\/tremunpiercing.com\/ro\/wp-json\/wp\/v2\/product"}],"about":[{"href":"https:\/\/tremunpiercing.com\/ro\/wp-json\/wp\/v2\/types\/product"}],"replies":[{"embeddable":true,"href":"https:\/\/tremunpiercing.com\/ro\/wp-json\/wp\/v2\/comments?post=10119"}],"version-history":[{"count":0,"href":"https:\/\/tremunpiercing.com\/ro\/wp-json\/wp\/v2\/product\/10119\/revisions"}],"wp:featuredmedia":[{"embeddable":true,"href":"https:\/\/tremunpiercing.com\/ro\/wp-json\/wp\/v2\/media\/10122"}],"wp:attachment":[{"href":"https:\/\/tremunpiercing.com\/ro\/wp-json\/wp\/v2\/media?parent=10119"}],"wp:term":[{"taxonomy":"product_brand","embeddable":true,"href":"https:\/\/tremunpiercing.com\/ro\/wp-json\/wp\/v2\/product_brand?post=10119"},{"taxonomy":"product_cat","embeddable":true,"href":"https:\/\/tremunpiercing.com\/ro\/wp-json\/wp\/v2\/product_cat?post=10119"},{"taxonomy":"product_tag","embeddable":true,"href":"https:\/\/tremunpiercing.com\/ro\/wp-json\/wp\/v2\/product_tag?post=10119"}],"curies":[{"name":"wp","href":"https:\/\/api.w.org\/{rel}","templated":true}]}}