{"id":10123,"date":"2024-08-21T19:15:40","date_gmt":"2024-08-21T18:15:40","guid":{"rendered":"https:\/\/tremunpiercing.com\/?post_type=product&#038;p=10123"},"modified":"2025-12-04T14:14:35","modified_gmt":"2025-12-04T13:14:35","slug":"square-alisea-2","status":"publish","type":"product","link":"https:\/\/tremunpiercing.com\/ro\/product\/square-alisea-2\/","title":{"rendered":"Pia\u021ba Alisea 2"},"content":{"rendered":"<p>Shanga Jewellery Square Alisea 2 este o alegere elegant\u0103 pentru a v\u0103 extinde colec\u021bia de piercinguri profesionale. Acest top push-pin f\u0103r\u0103 fir este fabricat din aur galben de 18k, astfel \u00eenc\u00e2t s\u0103 \u0219ti\u021bi c\u0103 utiliza\u021bi cea mai bun\u0103 calitate \u00een studiourile \u0219i magazinele de piercing high-end. T\u0103ietura p\u0103trat\u0103 de zirconiu cubic reflect\u0103 bine lumina, oferind o str\u0103lucire atemporal\u0103 pentru clien\u021bii care doresc bijuterii fine. Acest p\u0103trat Alisea 2 se potrive\u0219te, de asemenea, 16G \u0219i 14G threadless labret posturi, permi\u021b\u00e2ndu-v\u0103 s\u0103-l utiliza\u021bi pentru o gam\u0103 larg\u0103 de piercing-uri, cum ar fi helix, tragus, \u0219i buze.<\/p>\n<p>Topul este livrat \u00een dimensiuni mari \u0219i mici, permi\u021b\u00e2nd piercerului o personalizare suplimentar\u0103 atunci c\u00e2nd creeaz\u0103 un aspect final pentru client. Shanga Jewellery este un brand de \u00eencredere \u00een domeniul bijuteriilor pentru corp \u0219i al piercingului profesional, iar piesele lor nu sunt doar frumoase, ci \u0219i sigure \u00een design \u0219i suficient de confortabile pentru a fi purtate zilnic. Acest design este perfect pentru studiourile de piercing \u0219i furnizorii de bijuterii pentru corp care doresc s\u0103 \u00ee\u0219i extind\u0103 liniile de aur premium cu un top din aur fiabil \u0219i la mod\u0103, care este u\u0219or de montat.<\/p>","protected":false},"excerpt":{"rendered":"<ul>\n<li>F\u0103r\u0103 filet - Push pin top<\/li>\n<li>Material: Aur galben 18k sus, pin inoxidabil<\/li>\n<li>Gem\u0103: Zirconiu cubic<\/li>\n<li>Compatibil cu st\u00e2lpi labret f\u0103r\u0103 filet 16G \u0219i 14G<\/li>\n<li>M\u0103rime: Mare - Mic<\/li>\n<li>Brand: Shanga Bijuterii<\/li>\n<\/ul>","protected":false},"featured_media":10126,"comment_status":"closed","ping_status":"closed","template":"","meta":{"_acf_changed":false},"product_brand":[],"product_cat":[337,398],"product_tag":[187,188,189,205,206,212,190,183,213,184,207],"class_list":{"0":"post-10123","1":"product","2":"type-product","3":"status-publish","4":"has-post-thumbnail","6":"product_cat-gold-jewelry","7":"product_cat-shanga","8":"product_tag-conch","9":"product_tag-ear","10":"product_tag-helix","11":"product_tag-lobe","12":"product_tag-lobulo","13":"product_tag-medusa","14":"product_tag-oreja","15":"product_tag-perforacion","16":"product_tag-philtrum","17":"product_tag-piercing","18":"product_tag-tragus","20":"first","21":"instock","22":"taxable","23":"shipping-taxable","24":"product-type-variable"},"acf":[],"gallery_images":[],"_links":{"self":[{"href":"https:\/\/tremunpiercing.com\/ro\/wp-json\/wp\/v2\/product\/10123","targetHints":{"allow":["GET"]}}],"collection":[{"href":"https:\/\/tremunpiercing.com\/ro\/wp-json\/wp\/v2\/product"}],"about":[{"href":"https:\/\/tremunpiercing.com\/ro\/wp-json\/wp\/v2\/types\/product"}],"replies":[{"embeddable":true,"href":"https:\/\/tremunpiercing.com\/ro\/wp-json\/wp\/v2\/comments?post=10123"}],"version-history":[{"count":0,"href":"https:\/\/tremunpiercing.com\/ro\/wp-json\/wp\/v2\/product\/10123\/revisions"}],"wp:featuredmedia":[{"embeddable":true,"href":"https:\/\/tremunpiercing.com\/ro\/wp-json\/wp\/v2\/media\/10126"}],"wp:attachment":[{"href":"https:\/\/tremunpiercing.com\/ro\/wp-json\/wp\/v2\/media?parent=10123"}],"wp:term":[{"taxonomy":"product_brand","embeddable":true,"href":"https:\/\/tremunpiercing.com\/ro\/wp-json\/wp\/v2\/product_brand?post=10123"},{"taxonomy":"product_cat","embeddable":true,"href":"https:\/\/tremunpiercing.com\/ro\/wp-json\/wp\/v2\/product_cat?post=10123"},{"taxonomy":"product_tag","embeddable":true,"href":"https:\/\/tremunpiercing.com\/ro\/wp-json\/wp\/v2\/product_tag?post=10123"}],"curies":[{"name":"wp","href":"https:\/\/api.w.org\/{rel}","templated":true}]}}